{"id":77114,"date":"2021-10-09T21:20:09","date_gmt":"2021-10-09T19:20:09","guid":{"rendered":"https:\/\/hipolita.store\/eu\/perfect-body-dark-gray-push-up-leggings\/"},"modified":"2026-01-17T14:25:58","modified_gmt":"2026-01-17T12:25:58","slug":"perfect-body-dark-gray-push-up-leggings","status":"publish","type":"product","link":"https:\/\/hipolita.store\/eu\/perfect-body-dark-gray-push-up-leggings\/","title":{"rendered":"Perfect body dark gray push up leggings"},"content":{"rendered":"","protected":false},"excerpt":{"rendered":"<p>Kar vas bo navdu\u0161ilo pri tem modelu, je zagotovo material. Mehkoba tega modela je nekaj, kar noben drug model, ki ste ga kdaj nosili, ne more ponuditi. \u010ce i\u0161\u010dete model, ki bo lepo oblikoval postavo, dodatno poudaril va\u0161e obline, hkrati pa zagotavljal udobje, je to pravi model za vas.  <\/p>\n<p>Oblikovanje modela Perfect Body je nenavadno, melirani material pa je tisto, kar ga lo\u010di od drugih. Legice so squat-proof, kar pomeni, da ne boste morali skrbeti, da bi bile preve\u010d prosojne. Brez\u0161ivna tehnologija vam bo omogo\u010dila udobje pri vsakem gibanju, va\u0161a edina \u017eelja pa bo, da nikoli ve\u010d ne nosite ni\u010d drugega.  <\/p>\n","protected":false},"featured_media":0,"template":"","meta":{"_acf_changed":false},"product_brand":[],"product_cat":[],"product_tag":[],"class_list":{"0":"post-77114","1":"product","2":"type-product","3":"status-publish","6":"first","7":"instock","8":"shipping-taxable","9":"product-type-simple"},"acf":[],"jetpack_sharing_enabled":true,"_links":{"self":[{"href":"https:\/\/hipolita.store\/eu\/wp-json\/wp\/v2\/product\/77114","targetHints":{"allow":["GET"]}}],"collection":[{"href":"https:\/\/hipolita.store\/eu\/wp-json\/wp\/v2\/product"}],"about":[{"href":"https:\/\/hipolita.store\/eu\/wp-json\/wp\/v2\/types\/product"}],"version-history":[{"count":0,"href":"https:\/\/hipolita.store\/eu\/wp-json\/wp\/v2\/product\/77114\/revisions"}],"wp:attachment":[{"href":"https:\/\/hipolita.store\/eu\/wp-json\/wp\/v2\/media?parent=77114"}],"wp:term":[{"taxonomy":"product_brand","embeddable":true,"href":"https:\/\/hipolita.store\/eu\/wp-json\/wp\/v2\/product_brand?post=77114"},{"taxonomy":"product_cat","embeddable":true,"href":"https:\/\/hipolita.store\/eu\/wp-json\/wp\/v2\/product_cat?post=77114"},{"taxonomy":"product_tag","embeddable":true,"href":"https:\/\/hipolita.store\/eu\/wp-json\/wp\/v2\/product_tag?post=77114"}],"curies":[{"name":"wp","href":"https:\/\/api.w.org\/{rel}","templated":true}]}}