{"id":78587,"date":"2023-01-08T19:00:11","date_gmt":"2023-01-08T17:00:11","guid":{"rendered":""},"modified":"2026-01-17T14:25:58","modified_gmt":"2026-01-17T12:25:58","slug":"selena-green-long-sleeve-top","status":"publish","type":"product","link":"https:\/\/hipolita.store\/eu\/selena-green-long-sleeve-top\/","title":{"rendered":"Selena green long sleeve top"},"content":{"rendered":"","protected":false},"excerpt":{"rendered":"<p>Kdy\u017e pot\u0159ebujete top na chladn\u011bj\u0161\u00ed po\u010das\u00ed nebo do p\u0159\u00edli\u0161 klimatizovan\u00fdch posiloven, dlouh\u00fd ruk\u00e1v Selena v\u00e1m p\u0159ijde vhod! U\u017e na prvn\u00ed dotek v\u00e1s okouzl\u00ed svou jemnost\u00ed, a po prvn\u00edm tr\u00e9ninku ocen\u00edte jeho pohodl\u00ed a chladiv\u00fd efekt. Toho bylo dosa\u017eeno d\u00edky technologii dry fit, kter\u00e1 byla prim\u00e1rn\u011b vyvinuta pro sportovn\u00ed aktivity. To v\u00e1m ale rozhodn\u011b nezabr\u00e1n\u00ed nosit jej i p\u0159i ka\u017edodenn\u00edch \u010dinnostech \u2013 se Selenou nikdy neud\u011bl\u00e1te chybu!   <\/p>\n","protected":false},"featured_media":0,"template":"","meta":{"_acf_changed":false},"product_brand":[],"product_cat":[],"product_tag":[],"class_list":{"0":"post-78587","1":"product","2":"type-product","3":"status-publish","6":"first","7":"instock","8":"shipping-taxable","9":"product-type-simple"},"acf":[],"jetpack_sharing_enabled":true,"_links":{"self":[{"href":"https:\/\/hipolita.store\/eu\/wp-json\/wp\/v2\/product\/78587","targetHints":{"allow":["GET"]}}],"collection":[{"href":"https:\/\/hipolita.store\/eu\/wp-json\/wp\/v2\/product"}],"about":[{"href":"https:\/\/hipolita.store\/eu\/wp-json\/wp\/v2\/types\/product"}],"version-history":[{"count":0,"href":"https:\/\/hipolita.store\/eu\/wp-json\/wp\/v2\/product\/78587\/revisions"}],"wp:attachment":[{"href":"https:\/\/hipolita.store\/eu\/wp-json\/wp\/v2\/media?parent=78587"}],"wp:term":[{"taxonomy":"product_brand","embeddable":true,"href":"https:\/\/hipolita.store\/eu\/wp-json\/wp\/v2\/product_brand?post=78587"},{"taxonomy":"product_cat","embeddable":true,"href":"https:\/\/hipolita.store\/eu\/wp-json\/wp\/v2\/product_cat?post=78587"},{"taxonomy":"product_tag","embeddable":true,"href":"https:\/\/hipolita.store\/eu\/wp-json\/wp\/v2\/product_tag?post=78587"}],"curies":[{"name":"wp","href":"https:\/\/api.w.org\/{rel}","templated":true}]}}