{"id":79150,"date":"2021-08-16T08:09:24","date_gmt":"2021-08-16T06:09:24","guid":{"rendered":"https:\/\/hipolita.store\/eu\/aurora-blue-fitness-leggings\/"},"modified":"2026-01-17T14:25:58","modified_gmt":"2026-01-17T12:25:58","slug":"aurora-blue-fitness-leggings","status":"publish","type":"product","link":"https:\/\/hipolita.store\/eu\/aurora-blue-fitness-leggings\/","title":{"rendered":"Aurora blue fitness leggings"},"content":{"rendered":"","protected":false},"excerpt":{"rendered":"<p>Aurora leg\u00edny vytvaruj\u00fa va\u0161e telo za p\u00e1r sek\u00fand. Hlbok\u00fd, pevn\u00fd p\u00e1s zo\u0161t\u00edhli v\u00e1\u0161 p\u00e1s a udr\u017e\u00ed leg\u00edny na mieste bez oh\u013eadu na to, ak\u00fa aktivitu vykon\u00e1vate. <\/p>\n<p>Materi\u00e1l je elastick\u00fd a prisp\u00f4sob\u00ed sa telu ako \u017eiadny in\u00fd model predt\u00fdm. Push-up efekt zdvihne zadok a vytvaruje ho k dokonalosti. Model Aurora je tkan\u00fd zo zmesi polyamidu a spandexu, \u010do zaru\u010duje odolnos\u0165, pru\u017enos\u0165 a maxim\u00e1lne pohodlie. Tento model sa ur\u010dite stane va\u0161\u00edm ob\u013e\u00faben\u00fdm k\u00faskom nielen na tr\u00e9ning, ale aj na ka\u017edodenn\u00e9 nosenie.   <\/p>\n","protected":false},"featured_media":0,"template":"","meta":{"_acf_changed":false},"product_brand":[],"product_cat":[],"product_tag":[],"class_list":{"0":"post-79150","1":"product","2":"type-product","3":"status-publish","6":"first","7":"instock","8":"shipping-taxable","9":"product-type-simple"},"acf":[],"jetpack_sharing_enabled":true,"_links":{"self":[{"href":"https:\/\/hipolita.store\/eu\/wp-json\/wp\/v2\/product\/79150","targetHints":{"allow":["GET"]}}],"collection":[{"href":"https:\/\/hipolita.store\/eu\/wp-json\/wp\/v2\/product"}],"about":[{"href":"https:\/\/hipolita.store\/eu\/wp-json\/wp\/v2\/types\/product"}],"version-history":[{"count":0,"href":"https:\/\/hipolita.store\/eu\/wp-json\/wp\/v2\/product\/79150\/revisions"}],"wp:attachment":[{"href":"https:\/\/hipolita.store\/eu\/wp-json\/wp\/v2\/media?parent=79150"}],"wp:term":[{"taxonomy":"product_brand","embeddable":true,"href":"https:\/\/hipolita.store\/eu\/wp-json\/wp\/v2\/product_brand?post=79150"},{"taxonomy":"product_cat","embeddable":true,"href":"https:\/\/hipolita.store\/eu\/wp-json\/wp\/v2\/product_cat?post=79150"},{"taxonomy":"product_tag","embeddable":true,"href":"https:\/\/hipolita.store\/eu\/wp-json\/wp\/v2\/product_tag?post=79150"}],"curies":[{"name":"wp","href":"https:\/\/api.w.org\/{rel}","templated":true}]}}