{"id":3858,"date":"2020-10-16T01:47:14","date_gmt":"2020-10-16T01:47:14","guid":{"rendered":"https:\/\/nyture.novaworks.net\/?page_id=18"},"modified":"2023-06-30T11:20:58","modified_gmt":"2023-06-30T09:20:58","slug":"o-nama","status":"publish","type":"page","link":"https:\/\/hipolita.store\/hr\/o-nama\/","title":{"rendered":"O nama"},"content":{"rendered":"\t\t<div data-elementor-type=\"wp-page\" data-elementor-id=\"3858\" class=\"elementor elementor-3858\" data-elementor-post-type=\"page\">\n\t\t\t\t\t\t<section class=\"elementor-section elementor-top-section elementor-element elementor-element-e703731 elementor-section-full_width elementor-section-height-min-height elementor-section-stretched elementor-section-height-default elementor-section-items-middle\" data-id=\"e703731\" data-element_type=\"section\" data-e-type=\"section\" data-settings=\"{&quot;stretch_section&quot;:&quot;section-stretched&quot;,&quot;background_background&quot;:&quot;classic&quot;}\">\n\t\t\t\t\t\t<div class=\"elementor-container elementor-column-gap-default\">\n\t\t\t\t\t<div class=\"elementor-column elementor-col-100 elementor-top-column elementor-element elementor-element-5e4553b\" data-id=\"5e4553b\" data-element_type=\"column\" data-e-type=\"column\">\n\t\t\t<div class=\"elementor-widget-wrap elementor-element-populated\">\n\t\t\t\t\t\t<section class=\"elementor-section elementor-inner-section elementor-element elementor-element-267957c elementor-section-boxed elementor-section-height-default elementor-section-height-default\" data-id=\"267957c\" data-element_type=\"section\" data-e-type=\"section\">\n\t\t\t\t\t\t<div class=\"elementor-container elementor-column-gap-default\">\n\t\t\t\t\t<div class=\"elementor-column elementor-col-100 elementor-inner-column elementor-element elementor-element-896ad8d\" data-id=\"896ad8d\" data-element_type=\"column\" data-e-type=\"column\">\n\t\t\t<div class=\"elementor-widget-wrap elementor-element-populated\">\n\t\t\t\t\t\t<div class=\"elementor-element elementor-element-8709991 elementor-widget elementor-widget-heading\" data-id=\"8709991\" data-element_type=\"widget\" data-e-type=\"widget\" data-widget_type=\"heading.default\">\n\t\t\t\t<div class=\"elementor-widget-container\">\n\t\t\t\t\t<h2 class=\"elementor-heading-title elementor-size-default\">O nama<\/h2>\t\t\t\t<\/div>\n\t\t\t\t<\/div>\n\t\t\t\t<div class=\"elementor-element elementor-element-bbc831a elementor-widget elementor-widget-heading\" data-id=\"bbc831a\" data-element_type=\"widget\" data-e-type=\"widget\" data-widget_type=\"heading.default\">\n\t\t\t\t<div class=\"elementor-widget-container\">\n\t\t\t\t\t<span class=\"elementor-heading-title elementor-size-default\">Nekoliko rije\u010di o nama i na\u0161em cilju<\/span>\t\t\t\t<\/div>\n\t\t\t\t<\/div>\n\t\t\t\t\t<\/div>\n\t\t<\/div>\n\t\t\t\t\t<\/div>\n\t\t<\/section>\n\t\t\t\t\t<\/div>\n\t\t<\/div>\n\t\t\t\t\t<\/div>\n\t\t<\/section>\n\t\t\t\t<section class=\"elementor-section elementor-top-section elementor-element elementor-element-da6b22f elementor-section-content-middle elementor-section-stretched elementor-section-boxed elementor-section-height-default elementor-section-height-default\" data-id=\"da6b22f\" data-element_type=\"section\" data-e-type=\"section\" data-settings=\"{&quot;stretch_section&quot;:&quot;section-stretched&quot;}\">\n\t\t\t\t\t\t<div class=\"elementor-container elementor-column-gap-no\">\n\t\t\t\t\t<div class=\"elementor-column elementor-col-50 elementor-top-column elementor-element elementor-element-9575e96 elementor-invisible\" data-id=\"9575e96\" data-element_type=\"column\" data-e-type=\"column\" data-settings=\"{&quot;animation&quot;:&quot;fadeInUp&quot;,&quot;animation_delay&quot;:300}\">\n\t\t\t<div class=\"elementor-widget-wrap elementor-element-populated\">\n\t\t\t\t\t\t<div class=\"elementor-element elementor-element-501edfa elementor-widget elementor-widget-heading\" data-id=\"501edfa\" data-element_type=\"widget\" data-e-type=\"widget\" data-widget_type=\"heading.default\">\n\t\t\t\t<div class=\"elementor-widget-container\">\n\t\t\t\t\t<h2 class=\"elementor-heading-title elementor-size-default\">Hipolita<\/h2>\t\t\t\t<\/div>\n\t\t\t\t<\/div>\n\t\t\t\t<div class=\"elementor-element elementor-element-29709c4 elementor-widget elementor-widget-heading\" data-id=\"29709c4\" data-element_type=\"widget\" data-e-type=\"widget\" data-widget_type=\"heading.default\">\n\t\t\t\t<div class=\"elementor-widget-container\">\n\t\t\t\t\t<div class=\"elementor-heading-title elementor-size-default\">Na\u0161i modeli \u0107e oblikovati va\u0161e tijelo tako da \u0107e izgledati kao da ne izlazite iz teretane,a ujedno \u0107e vam dati motiv i samopouzdanje da u nju i u\u0111ete.\n\n<br>\n<br>\nUjedno,u njima \u0107ete se osje\u0107ati prijatno i dok \u0161etate,gledate film ili kuhate i ne\u0107ete morati da tr\u010dite na presvla\u010denje ako neko iznenada pozvoni na vrata. \n<br>\n<br>\nNa\u0161 tim mladih zaljubljenika u modu,sa velikom pa\u017enjom,prate\u0107i trendove i posebno obra\u0107aju\u0107i pa\u017enju na kvalitetu svakog komada, \u0161irom svijeta pronalazi modele koji \u0107e vas pokrenuti na promjenu.\n<\/div>\t\t\t\t<\/div>\n\t\t\t\t<\/div>\n\t\t\t\t\t<\/div>\n\t\t<\/div>\n\t\t\t\t<div class=\"elementor-column elementor-col-50 elementor-top-column elementor-element elementor-element-1b90a8a elementor-invisible\" data-id=\"1b90a8a\" data-element_type=\"column\" data-e-type=\"column\" data-settings=\"{&quot;animation&quot;:&quot;fadeInUp&quot;,&quot;animation_delay&quot;:500}\">\n\t\t\t<div class=\"elementor-widget-wrap elementor-element-populated\">\n\t\t\t\t\t\t<div class=\"elementor-element elementor-element-22ef7de elementor-widget elementor-widget-image\" data-id=\"22ef7de\" data-element_type=\"widget\" data-e-type=\"widget\" data-widget_type=\"image.default\">\n\t\t\t\t<div class=\"elementor-widget-container\">\n\t\t\t\t\t\t\t\t\t\t\t\t\t\t\t<img fetchpriority=\"high\" decoding=\"async\" width=\"1024\" height=\"1024\" src=\"https:\/\/hipolita.store\/hr\/wp-content\/uploads\/sites\/3\/2021\/07\/o-nama-slika-1-1024x1024.jpg\" class=\"attachment-large size-large wp-image-4925\" alt=\"\" srcset=\"https:\/\/hipolita.store\/hr\/wp-content\/uploads\/sites\/3\/2021\/07\/o-nama-slika-1-1024x1024.jpg 1024w, https:\/\/hipolita.store\/hr\/wp-content\/uploads\/sites\/3\/2021\/07\/o-nama-slika-1-150x150.jpg 150w, https:\/\/hipolita.store\/hr\/wp-content\/uploads\/sites\/3\/2021\/07\/o-nama-slika-1-1000x1000.jpg 1000w, https:\/\/hipolita.store\/hr\/wp-content\/uploads\/sites\/3\/2021\/07\/o-nama-slika-1-300x300.jpg 300w, https:\/\/hipolita.store\/hr\/wp-content\/uploads\/sites\/3\/2021\/07\/o-nama-slika-1-768x768.jpg 768w, https:\/\/hipolita.store\/hr\/wp-content\/uploads\/sites\/3\/2021\/07\/o-nama-slika-1-600x600.jpg 600w, https:\/\/hipolita.store\/hr\/wp-content\/uploads\/sites\/3\/2021\/07\/o-nama-slika-1-100x100.jpg 100w, https:\/\/hipolita.store\/hr\/wp-content\/uploads\/sites\/3\/2021\/07\/o-nama-slika-1.jpg 1080w\" sizes=\"(max-width: 1024px) 100vw, 1024px\" title=\"\">\t\t\t\t\t\t\t\t\t\t\t\t\t\t\t<\/div>\n\t\t\t\t<\/div>\n\t\t\t\t\t<\/div>\n\t\t<\/div>\n\t\t\t\t\t<\/div>\n\t\t<\/section>\n\t\t\t\t<section class=\"elementor-section elementor-top-section elementor-element elementor-element-06ca352 elementor-section-boxed elementor-section-height-default elementor-section-height-default\" data-id=\"06ca352\" data-element_type=\"section\" data-e-type=\"section\">\n\t\t\t\t\t\t<div class=\"elementor-container elementor-column-gap-default\">\n\t\t\t\t\t<div class=\"elementor-column elementor-col-100 elementor-top-column elementor-element elementor-element-f9736fd\" data-id=\"f9736fd\" data-element_type=\"column\" data-e-type=\"column\">\n\t\t\t<div class=\"elementor-widget-wrap elementor-element-populated\">\n\t\t\t\t\t\t<div class=\"elementor-element elementor-element-bf226a8 elementor-widget elementor-widget-spacer\" data-id=\"bf226a8\" data-element_type=\"widget\" data-e-type=\"widget\" data-widget_type=\"spacer.default\">\n\t\t\t\t<div class=\"elementor-widget-container\">\n\t\t\t\t\t\t\t<div class=\"elementor-spacer\">\n\t\t\t<div class=\"elementor-spacer-inner\"><\/div>\n\t\t<\/div>\n\t\t\t\t\t\t<\/div>\n\t\t\t\t<\/div>\n\t\t\t\t\t<\/div>\n\t\t<\/div>\n\t\t\t\t\t<\/div>\n\t\t<\/section>\n\t\t\t\t<\/div>\n\t\t","protected":false},"excerpt":{"rendered":"<p>O nama Nekoliko rije\u010di o nama i na\u0161em cilju Hipolita Na\u0161i modeli \u0107e oblikovati va\u0161e tijelo tako da \u0107e izgledati kao da ne izlazite iz teretane,a ujedno \u0107e vam dati motiv i samopouzdanje da u nju i u\u0111ete. Ujedno,u njima \u0107ete se osje\u0107ati prijatno i dok \u0161etate,gledate film ili kuhate i ne\u0107ete morati da tr\u010dite [&hellip;]<\/p>\n","protected":false},"author":2,"featured_media":0,"parent":0,"menu_order":0,"comment_status":"closed","ping_status":"closed","template":"","meta":{"_acf_changed":false,"footnotes":""},"class_list":["post-3858","page","type-page","status-publish","hentry"],"acf":[],"jetpack_sharing_enabled":true,"_links":{"self":[{"href":"https:\/\/hipolita.store\/hr\/wp-json\/wp\/v2\/pages\/3858","targetHints":{"allow":["GET"]}}],"collection":[{"href":"https:\/\/hipolita.store\/hr\/wp-json\/wp\/v2\/pages"}],"about":[{"href":"https:\/\/hipolita.store\/hr\/wp-json\/wp\/v2\/types\/page"}],"author":[{"embeddable":true,"href":"https:\/\/hipolita.store\/hr\/wp-json\/wp\/v2\/users\/2"}],"replies":[{"embeddable":true,"href":"https:\/\/hipolita.store\/hr\/wp-json\/wp\/v2\/comments?post=3858"}],"version-history":[{"count":4,"href":"https:\/\/hipolita.store\/hr\/wp-json\/wp\/v2\/pages\/3858\/revisions"}],"predecessor-version":[{"id":33636,"href":"https:\/\/hipolita.store\/hr\/wp-json\/wp\/v2\/pages\/3858\/revisions\/33636"}],"wp:attachment":[{"href":"https:\/\/hipolita.store\/hr\/wp-json\/wp\/v2\/media?parent=3858"}],"curies":[{"name":"wp","href":"https:\/\/api.w.org\/{rel}","templated":true}]}}