{"id":5093,"date":"2021-07-21T11:37:25","date_gmt":"2021-07-21T11:37:25","guid":{"rendered":"https:\/\/hipolita.store\/hr\/\/\/?page_id=5093"},"modified":"2024-02-02T12:11:46","modified_gmt":"2024-02-02T10:11:46","slug":"politika-privatnosti","status":"publish","type":"page","link":"https:\/\/hipolita.store\/hr\/politika-privatnosti\/","title":{"rendered":"Politika privatnosti"},"content":{"rendered":"\n<p><strong>POLITIKA PRIVATNOSTI <\/strong><strong><em>WEB STRANICE HIPOLITA<\/em><\/strong><\/p>\n\n\n\n<p>Web stranica, koja je registrirana pod internetskim poddirektorijem hipolita.store\/eu, isklju\u010divo je upravljana od strane HIPOLITA STORE SRL.Timisoara (Rumunjska), Str. Eugeniu De Savoya 1, CUI 48895733, tvrtka registrirana za maloprodaju putem Interneta (u daljnjem tekstu: HIPOLITA).<\/p>\n\n\n\n<p>Prihva\u0107ate primjenu Politike privatnosti web stranice HIPOLITA (u daljnjem tekstu: Politika privatnosti) kada, tijekom va\u0161eg prvog posjeta na\u0161oj stranici, u &#8220;sko\u010dnom prozoru&#8221;, prihvatite <a href=\"https:\/\/hipolita.store\/hr\/uvjeti-koriscenja\/\">Uvjete kori\u0161tenja<\/a> stranice i Politiku privatnosti (\u010diji je sastavni dio i <a href=\"https:\/\/hipolita.store\/hr\/politika-kolacica\/\">Politika kori\u0161tenja &#8220;kola\u010di\u0107a&#8221;<\/a>).<\/p>\n\n\n\n<p>Jednom kada prihvatite primjenu ovih dokumenata, &#8220;prozor&#8221; za prihva\u0107anje vi\u0161e se ne\u0107e pojavljivati pri sljede\u0107im posjetama stranici. Naknadno odustajanje od primjene Politike privatnosti nije mogu\u0107e, stoga preporu\u010dujemo da pro\u010ditate ovaj dokument prije prihva\u0107anja i ako na\u0111ete ne\u0161to s \u010dime se ne sla\u017eete, molimo vas da prestanete koristiti na\u0161u web stranicu.<\/p>\n\n\n\n<p>Politika privatnosti obvezuju\u0107a je od datuma objave na ovoj web stranici, odnosno od 2\/2\/2024. godine.<\/p>\n\n\n\n<p>HIPOLITA zadr\u017eava pravo promjene Politike privatnosti bez prethodne obavijesti, kako bi se uskladila s va\u017ee\u0107im zakonodavstvom i vlastitim poslovnim potrebama. Izmijenjena verzija obvezuju\u0107a je od dana njezine objave na ovoj stranici, \u010diju primjenu prihva\u0107ate naru\u010divanjem i kupnjom robe iz na\u0161e ponude nakon objavljenih promjena. Tra\u017eit \u0107emo va\u0161 pristanak na promjene Politike privatnosti u slu\u010dajevima kada zakon koji ure\u0111uje za\u0161titu osobnih podataka zahtijeva pristanak. Preporu\u010dujemo da s vremena na vrijeme pro\u010ditate ovaj dokument jer vi, kao potro\u0161a\u010d, uvijek ste obvezani posljednjom objavljenom verzijom Politike privatnosti.<\/p>\n\n\n\n<ol class=\"wp-block-list\">\n<li><strong>Upravitelj osobnih podataka<\/strong><\/li>\n<\/ol>\n\n\n\n<p>HIPOLITA STORE SRL.Timisoara (Rumunjska), Str. Eugeniu De Savoya 1, CUI 48895733, kao vlasnik navedenog poslovanja i entitet koji upravlja internetskom stranicom hipolita.store\/hr (upravitelj osobnih podataka), svjesna je va\u017enosti za\u0161tite osobnih podataka potro\u0161a\u010da i pridaje veliku pa\u017enju ovom podru\u010dju. Kako bismo ispunili propisane obaveze i za\u0161titili privatnost osobnih podataka koje dijelite s nama, stvorili smo ovu Politiku privatnosti. Kontakt podaci upravitelja osobnih podataka su xxxxxxxxxxxx.<\/p>\n\n\n\n<p>Osobni podaci koje prikupljamo<\/p>\n\n\n\n<p><strong>2.1. Osobni podaci koje prikupljamo na temelju va\u0161eg slobodno danog pristanka:<\/strong><\/p>\n\n\n\n<ul class=\"wp-block-list\">\n<li>Podaci koje dijelite kada se registrirate na na\u0161oj stranici (ime, e-mail adresa, lozinka &#8211; samo ako ozna\u010dite da \u0107e se podaci za prijavu zapamtiti, stoga preporu\u010dujemo odabir slo\u017eenije lozinke i njezinu periodi\u010dnu promjenu),<\/li>\n<\/ul>\n\n\n\n<p>Svrha: ostvarenje pogodnosti i dostupnost informacija koje pru\u017eamo samo registriranim kupcima, itd.<\/p>\n\n\n\n<p>Pravna osnova: Va\u0161 slobodno dan pristanak<\/p>\n\n\n\n<ul class=\"wp-block-list\">\n<li>Pravna osnova: Va\u0161 slobodno dan pristanak; Podaci koje dijelite kada ostavite recenziju robe u internetskoj trgovini na na\u0161oj stranici (ime, e-mail adresa),<\/li>\n<\/ul>\n\n\n\n<p>Svrha: razmatranje va\u0161ih mi\u0161ljenja i prijedloga kako bismo pobolj\u0161ali ponudu i kvalitetu robe koju prodajemo,<\/p>\n\n\n\n<p>Pravna osnova: Va\u0161 slobodno dan pristanak<\/p>\n\n\n\n<ul class=\"wp-block-list\">\n<li>Informacije koje dijelite kada postavljate upit putem obrasca za upit (ime, e-mail adresa, sadr\u017eaj pitanja),<\/li>\n<\/ul>\n\n\n\n<p>Svrha: odgovor na va\u0161e pitanje;<\/p>\n\n\n\n<p>Pravna osnova: Va\u0161 slobodno dan pristanak<\/p>\n\n\n\n<ul class=\"wp-block-list\">\n<li>Informacije koje dijelite kada postavljate pitanje koriste\u0107i podatke navedene na stranici Kontakt (ovisno o vrsti komunikacije: ime, e-mail adresa, telefonski broj, ku\u0107na\/radna adresa, sadr\u017eaj poruke ili e-maila i ostali podaci koje dijelite),<\/li>\n<\/ul>\n\n\n\n<p>Svrha: odgovor na va\u0161e pitanje;<\/p>\n\n\n\n<p>Pravna osnova: Va\u0161 slobodno dan pristanak<\/p>\n\n\n\n<ul class=\"wp-block-list\">\n<li>Informacije koje dijelite kada naru\u010dujete robu putem na\u0161e internetske trgovine (ime, e-mail adresa, telefonski broj, ku\u0107na\/poslovna adresa, \u017eupanija, grad, po\u0161tanski broj),<\/li>\n<\/ul>\n\n\n\n<p>Svrha: obrada va\u0161e narud\u017ebe, ispunjavanje na\u0161ih obveza prema ugovoru o prodaji i omogu\u0107avanje dostave naru\u010dene robe;<\/p>\n\n\n\n<p>Pravna osnova: Va\u0161 slobodno dan pristanak i uskla\u0111enost s obvezama prema ugovoru o prodaji;<\/p>\n\n\n\n<ul class=\"wp-block-list\">\n<li>Informacije koje dijelite prilikom naru\u010divanja robe putem na\u0161ih stranica na dru\u0161tvenim mre\u017eama (ime, e-mail adresa, telefonski broj, ku\u0107na\/poslovna adresa, \u017eupanija, grad, po\u0161tanski broj, sadr\u017eaj poruke ili e-maila i ostali podaci koje dijelite);<\/li>\n<\/ul>\n\n\n\n<p>Svrha: obrada va\u0161e narud\u017ebe, ispunjavanje obveza prema ugovoru o prodaji i omogu\u0107avanje dostave naru\u010dene robe.<\/p>\n\n\n\n<p>Pravna osnova: Va\u0161 slobodno dan pristanak i uskla\u0111enost s obvezama prema ugovoru o prodaji;<\/p>\n\n\n\n<ul class=\"wp-block-list\">\n<li>Podaci koje pru\u017eate u Izjavi o odustajanju od ugovora i prigovoru koji podnosite (ime, adresa, telefonski broj, e-mail adresa, potpis),<\/li>\n<\/ul>\n\n\n\n<p>Svrha: ispunjavanje na\u0161ih zakonskih obveza i postupanje prema Izjavi o odustajanju od ugovora i podnesenom prigovoru,<\/p>\n\n\n\n<p>Pravna osnova: Va\u0161 slobodno dan pristanak i uskla\u0111enost sa zakonskim obvezama.<\/p>\n\n\n\n<p>Odrasli i maloljetnici stariji od 15 godina mogu dati svoj pristanak na obradu navedenih podataka. Maloljetnik koji nije navr\u0161io 15 godina ne mo\u017ee samostalno dati pristanak, ve\u0107 \u0107e to u\u010diniti njegov zakonski zastupnik (roditelj ili druga osoba).<\/p>\n\n\n\n<p>Pohrana podataka: Spremamo navedene podatke dok imamo va\u0161 pristanak za to ili kra\u0107e vrijeme (dok je njihovo skladi\u0161tenje potrebno za postizanje svrhe prikupljanja). Nakon opoziva pristanka na obradu osobnih podataka, va\u0161i podaci \u0107e biti automatski izbrisani.<\/p>\n\n\n\n<p>Obveza pru\u017eanja podataka: Pru\u017eanje osobnih podataka obvezno je kada naru\u010dujete robu iz na\u0161e ponude (na bilo koji od mogu\u0107ih na\u010dina naru\u010divanja), imaju\u0107i u vidu da su podaci koje s nama dijelite pri tom prilikom potrebni za ispunjenje na\u0161ih obveza prema ugovoru o prodaji i da bi vam naru\u010dena roba bila dostavljena. Pru\u017eanje osobnih podataka obvezno je kada podnosite Izjavu o odustajanju od ugovora i kada podnosite Prigovor na robu kupljenu od nas, s obzirom na to da je postupanje prema Izjavi i Prigovoru na\u0161a zakonska obveza, \u010dije ispunjenje nije mogu\u0107e bez osobnih podataka koje dijelite. Niste obvezni dijeliti druge osobne podatke s nama, ali u tom slu\u010daju svrha njihovog prikupljanja ne\u0107e biti postignuta (npr. ne\u0107emo mo\u0107i odgovoriti na va\u0161e pitanje, itd.).<\/p>\n\n\n\n<p><strong>2.2. Osobni podaci koje automatski prikupljamo:<\/strong><\/p>\n\n\n\n<p>Kada posjetite ovu web stranicu, HIPOLITA mo\u017ee automatski prikupiti odre\u0111ene osobne podatke s ure\u0111aja koji koristite za pristup na\u0161oj web stranici. To mogu biti sljede\u0107i podaci: vrsta ure\u0111aja putem kojeg pristupate stranici, podaci o pregledniku koji koristite tom prilikom, \u0161ira geografska lokacija (zemlja, grad), spol, dob, podaci o tome koje stranice naj\u010de\u0161\u0107e posje\u0107ujete i najdu\u017ee boravite, itd.<\/p>\n\n\n\n<p>Navedene podatke prikupljamo prvenstveno koriste\u0107i se tzv. tehnologijom &#8220;kola\u010di\u0107a&#8221;, koja se primjenjuje na temelju va\u0161eg slobodno danog pristanka tijekom prvog posjeta na\u0161oj stranici. Vi\u0161e o kola\u010di\u0107ima koje koristimo mo\u017eete pro\u010ditati u na\u0161oj <a href=\"https:\/\/hipolita.store\/hr\/politika-kolacica\/\">Politici kola\u010di\u0107a<\/a>.<\/p>\n\n\n\n<p>Pravna osnova za prikupljanje i obradu ovih osobnih podataka je va\u0161 slobodno dan pristanak i na\u0161 legitimni interes. Podatke koje automatski prikupljamo koristimo u svrhu odr\u017eavanja i pra\u0107enja statistike vezane uz kori\u0161tenje na\u0161e web stranice kako bismo provjerili njezinu ispravnost, uklonili mogu\u0107e nedostatke i pobolj\u0161ali kvalitetu, \u0161to istovremeno doprinosi pobolj\u0161anju va\u0161eg korisni\u010dkog iskustva. U svakom trenutku vodimo ra\u010duna o minimizaciji i za\u0161titi privatnosti va\u0161ih osobnih podataka koje automatski prikupljamo.<\/p>\n\n\n\n<p>Pohrana podataka: Spremamo navedene podatke dok je to potrebno za postizanje svrhe njihovog prikupljanja.<\/p>\n\n\n\n<p>Obveza pru\u017eanja podataka: Pru\u017eanje osobnih podataka koje automatski prikupljamo je dobrovoljno. Me\u0111utim, uzimaju\u0107i u obzir svrhu njihovog prikupljanja, mo\u017eda \u0107ete biti uskra\u0107eni za odre\u0111ene funkcionalnosti na\u0161e web stranice, odre\u0111ene stranice web stranice mogu vam ostati nedostupne i ne\u0107ete mo\u0107i koristiti sve mogu\u0107nosti koje na\u0161a web stranica nudi.<\/p>\n\n\n\n<p>3<strong>. Prava osoba na koje se osobni podaci odnose<\/strong><\/p>\n\n\n\n<p>Kao osoba na koju se odnose osobni podaci koje prikupljamo, imate sljede\u0107a prava u skladu s primjenjivim zakonodavstvom o za\u0161titi podataka:<\/p>\n\n\n\n<p>pravo zahtijevati pristup va\u0161im osobnim podacima;<\/p>\n\n\n\n<p>pravo zahtijevati ispravak, dopunu ili brisanje va\u0161ih osobnih podataka;<\/p>\n\n\n\n<p>pravo opoziva pristanka na obradu va\u0161ih osobnih podataka u bilo kojem trenutku, pri \u010demu opoziv ne utje\u010de na zakonitost i dopustivost obrade provedene na temelju pristanka datog prije opoziva;<\/p>\n\n\n\n<p>pravo zahtijevati ograni\u010denje obrade va\u0161ih osobnih podataka;<\/p>\n\n\n\n<p>pravo na prenosivost va\u0161ih osobnih podataka;<\/p>\n\n\n\n<p>pravo podnijeti prigovor na obradu va\u0161ih osobnih podataka koju prikupljamo u odre\u0111enu svrhu;<\/p>\n\n\n\n<p>pravo podnijeti prigovor nadle\u017enom tijelu za za\u0161titu podataka.<\/p>\n\n\n\n<p>Da biste ostvarili navedena prava, mo\u017eete nas kontaktirati s zahtjevom putem e-mail adrese xxxxxxxxxxx.<\/p>\n\n\n\n<p>4<strong>. Sigurnost va\u0161ih osobnih podataka<\/strong><\/p>\n\n\n\n<p>HIPOLITA primjenjuje odgovaraju\u0107e tehni\u010dke, organizacijske, kadrovske i druge za\u0161titne mjere kako bi za\u0161titila i osigurala va\u0161e osobne podatke koje dijelite s nama. Pri odabiru mjera, i u skladu s vlastitim tehni\u010dkim mogu\u0107nostima i tro\u0161kovima implementacije mjera, posebno uzimamo u obzir prirodu i opseg osobnih podataka, svrhu njihove obrade, mogu\u0107e rizike tijekom obrade i druge va\u017ene okolnosti.<\/p>\n\n\n\n<p>Neke od za\u0161titnih mjera koje primjenjujemo su: pseudonimizacija i kriptoza\u0161tita va\u0161ih osobnih podataka, kontrola i ograni\u010davanje pristupa va\u0161im osobnim podacima, osiguravanje njihove povjerljivosti i integriteta, omogu\u0107avanje dostupnosti va\u0161ih osobnih podataka na zahtjev ovla\u0161tenih osoba, povremeno testiranje vlastitih za\u0161titnih mjera kako bismo provjerili otpornost sustava i sigurnost obrade podataka.<\/p>\n\n\n\n<p>HIPOLITA anga\u017eira vanjske obra\u0111iva\u010de osobnih podataka koje automatski prikupljamo. Pri odabiru obra\u0111iva\u010da vodimo ra\u010duna i koristimo samo usluge onih obra\u0111iva\u010da \u010dija je kvaliteta provjerena i njihov rad je u skladu s primjenjivim. Zbog prirode posla koji obra\u0111iva\u010di podataka obavljaju, s njima dijelimo neke va\u0161e osobne podatke. Vi\u0161e o obra\u0111iva\u010dima podataka \u010dije usluge koristimo mo\u017eete pro\u010ditati u na\u0161oj <a href=\"https:\/\/hipolita.store\/hr\/politika-kolacica\/\">Politici kola\u010di\u0107a.<\/a> Molimo vas da imate na umu da se ova Politika privatnosti odnosi samo na web stranicu HIPOLITA, dok obra\u0111iva\u010di imaju vlastite politike privatnosti u skladu s kojima djeluju.<\/p>\n\n\n\n<p>Osim na\u0161ih partnera kurirske slu\u017ebe i vanjskih obra\u0111iva\u010da podataka, HIPOLITA ne dijeli niti otkriva va\u0161e osobne podatke tre\u0107im stranama, niti ih izvozi u druge zemlje ili me\u0111unarodne organizacije. Mo\u017eemo prekr\u0161iti ovo pravilo ako smo zakonski obvezni otkriti neke va\u0161e osobne podatke (npr. relevantnim dr\u017eavnim tijelima).<\/p>\n\n\n\n<p>Prilikom pla\u0107anja karticom u na\u0161oj internetskoj trgovini, podaci o kreditnoj ili debitnoj kartici koje unesete se ne primaju niti obra\u0111uju od strane HIPOLITE, niti u bilo kojem trenutku dolazimo u potpuni kontakt s va\u0161im podacima. Cijeli proces pla\u0107anja odvija se na za\u0161ti\u0107enoj stranici procesora pla\u0107anja, koji jam\u010di sigurnost podataka tijekom kupnje.<\/p>\n\n\n\n<p>Podatke koje nam po\u0161aljete u vezi s potvrdom statusa transakcije koristit \u0107emo isklju\u010divo za na\u0161e interne potrebe, u svrhu registracije kupaca, ne\u0107emo ih dijeliti niti otkrivati tre\u0107im stranama, niti ih uzimati u druge zemlje ili me\u0111unarodne organizacije. Mo\u017eemo prekr\u0161iti ovo pravilo ako smo zakonski obvezni otkriti neke va\u0161e osobne podatke (npr. relevantnim dr\u017eavnim tijelima).<\/p>\n\n\n\n<p>5<strong>. Rje\u0161avanje sporova<\/strong><\/p>\n\n\n\n<p>Svi mogu\u0107i sporovi koji proizlaze iz Politike privatnosti rije\u0161it \u0107e se mirnim putem ili pred nadle\u017enim sudom Republike Rumunjske, primjenjuju\u0107i materijalno pravo Republike Rumunjske i\/ili EU-a prema potrebi.<\/p>\n","protected":false},"excerpt":{"rendered":"<p>POLITIKA PRIVATNOSTI WEB STRANICE HIPOLITA Web stranica, koja je registrirana pod internetskim poddirektorijem hipolita.store\/eu, isklju\u010divo je upravljana od strane HIPOLITA STORE SRL.Timisoara (Rumunjska), Str. Eugeniu De Savoya 1, CUI 48895733, tvrtka registrirana za maloprodaju putem Interneta (u daljnjem tekstu: HIPOLITA). Prihva\u0107ate primjenu Politike privatnosti web stranice HIPOLITA (u daljnjem tekstu: Politika privatnosti) kada, tijekom va\u0161eg [&hellip;]<\/p>\n","protected":false},"author":1,"featured_media":0,"parent":0,"menu_order":0,"comment_status":"closed","ping_status":"closed","template":"","meta":{"_acf_changed":false,"footnotes":""},"class_list":["post-5093","page","type-page","status-publish","hentry"],"acf":[],"jetpack_sharing_enabled":true,"_links":{"self":[{"href":"https:\/\/hipolita.store\/hr\/wp-json\/wp\/v2\/pages\/5093","targetHints":{"allow":["GET"]}}],"collection":[{"href":"https:\/\/hipolita.store\/hr\/wp-json\/wp\/v2\/pages"}],"about":[{"href":"https:\/\/hipolita.store\/hr\/wp-json\/wp\/v2\/types\/page"}],"author":[{"embeddable":true,"href":"https:\/\/hipolita.store\/hr\/wp-json\/wp\/v2\/users\/1"}],"replies":[{"embeddable":true,"href":"https:\/\/hipolita.store\/hr\/wp-json\/wp\/v2\/comments?post=5093"}],"version-history":[{"count":2,"href":"https:\/\/hipolita.store\/hr\/wp-json\/wp\/v2\/pages\/5093\/revisions"}],"predecessor-version":[{"id":34241,"href":"https:\/\/hipolita.store\/hr\/wp-json\/wp\/v2\/pages\/5093\/revisions\/34241"}],"wp:attachment":[{"href":"https:\/\/hipolita.store\/hr\/wp-json\/wp\/v2\/media?parent=5093"}],"curies":[{"name":"wp","href":"https:\/\/api.w.org\/{rel}","templated":true}]}}