{"id":6235,"date":"2021-09-09T06:31:53","date_gmt":"2021-09-09T06:31:53","guid":{"rendered":"https:\/\/hipolita.store\/hr\/\/\/?page_id=6235"},"modified":"2024-02-02T12:05:13","modified_gmt":"2024-02-02T10:05:13","slug":"uvjeti-koriscenja","status":"publish","type":"page","link":"https:\/\/hipolita.store\/hr\/uvjeti-koriscenja\/","title":{"rendered":"Uvjeti kori\u0161tenja"},"content":{"rendered":"\n<p><strong>UVJETI KORI\u0160TENJA <\/strong><strong><em>WEB STRANICE <\/em><\/strong><strong>HIPOLITA<\/strong><\/p>\n\n\n\n<p><em>Dobrodo\u0161li na web stranicu HIPOLITA!<\/em><\/p>\n\n\n\n<p>Web stranica hipolita.store\/eu, koja je poddirektorij internetskog domenskog imena hipolita.store, isklju\u010divo je upravljana od strane HIPOLITA STORE SRL.Timisoara (Rumunjska), Str. Eugeniu De Savoya 1, CUI 48895733, tvrtka registrirana za maloprodaju putem Interneta (u daljnjem tekstu: HIPOLITA).<\/p>\n\n\n\n<p>Uvjeti kori\u0161tenja web stranice HIPOLITA (u daljnjem tekstu: Uvjeti kori\u0161tenja web stranice) primjenjuju se na vas kao korisnika ove web stranice. Za kori\u0161tenje na\u0161e stranice potrebno je prihvatiti Uvjete kori\u0161tenja stranice. Ove uvjete prihva\u0107ate kada, tijekom va\u0161eg prvog posjeta na\u0161oj stranici, u &#8220;sko\u010dnom prozoru&#8221;, prihvatite Uvjete kori\u0161tenja stranice i <a href=\"https:\/\/hipolita.store\/hr\/politika-privatnosti\/\">Politiku privatnosti <\/a>(\u010diji je sastavni dio i<a href=\"https:\/\/hipolita.store\/hr\/politika-kolacica\/\" data-type=\"link\" data-id=\"https:\/\/hipolita.store\/hr\/politika-kolacica\/\"> Politika upotrebe &#8220;kola\u010di\u0107a&#8221;<\/a>).<\/p>\n\n\n\n<p>Jednom kada prihvatite primjenu ovih dokumenata, &#8220;prozor&#8221; za prihva\u0107anje vi\u0161e se ne\u0107e pojavljivati pri sljede\u0107im posjetama stranici. Naknadno odustajanje od primjene Uvjeta kori\u0161tenja stranice nije mogu\u0107e, stoga preporu\u010dujemo da pro\u010ditate ovaj dokument prije prihva\u0107anja i ako na\u0111ete ne\u0161to s \u010dime se ne sla\u017eete, molimo vas da prestanete koristiti na\u0161u web stranicu.<\/p>\n\n\n\n<p>Uvjeti kori\u0161tenja stranice obvezuju\u0107i su od datuma objave na ovoj web stranici, odnosno od 2\/2\/2024. godine.<\/p>\n\n\n\n<p>HIPOLITA zadr\u017eava pravo promjene Uvjeta kori\u0161tenja stranice bez prethodne obavijesti, kako bi se uskladila s va\u017ee\u0107im zakonodavstvom i vlastitim poslovnim potrebama. Izmijenjena verzija obvezuju\u0107a je od dana njezine objave na ovoj stranici, \u010diju primjenu prihva\u0107ate naru\u010divanjem i kupnjom robe iz na\u0161e ponude nakon objavljenih promjena. Preporu\u010dujemo da s vremena na vrijeme pro\u010ditate ovaj dokument jer vi, kao potro\u0161a\u010d, uvijek ste obvezani posljednjom objavljenom verzijom Uvjeta kori\u0161tenja.<\/p>\n\n\n\n<ol class=\"wp-block-list\">\n<li><strong>Svrha web stranice HIPOLITA<\/strong><\/li>\n<\/ol>\n\n\n\n<p>Svrha ove web stranice je prodaja sportske odje\u0107e za moderne ratnice. Robu prodaje internetska trgovina web stranice HIPOLITA \u010dija je glavna djelatnost maloprodaja putem Interneta. Nudimo \u0161irok asortiman tajica, topova, kompleta, kratkih hla\u010da i kombinezona, sve to posebno dizajnirano i izra\u0111eno od pa\u017eljivo odabranih materijala, omogu\u0107avaju\u0107i vam udobnost tijekom svakodnevnih aktivnosti i tijekom najintenzivnijih treninga, istovremeno istaknuv\u0161i va\u0161u figuru na najbolji na\u010din. U tu svrhu, na na\u0161oj web stranici postoji elektroni\u010dka trgovina gdje je prikazan asortiman robe koju prodajemo.<\/p>\n\n\n\n<ol class=\"wp-block-list\" start=\"2\">\n<li><strong>Izjava o odricanju odgovornosti<\/strong><\/li>\n<\/ol>\n\n\n\n<p>HIPOLITA nije odgovorna za bilo kakav gubitak ili \u0161tetu koja mo\u017ee nastati tijekom ili u vezi s kori\u0161tenjem bilo kojeg materijala prona\u0111enog na ovoj web stranici (kao \u0161to su opisi proizvoda, fotografije itd.).<\/p>\n\n\n\n<p>HIPOLITA nije odgovorna za potpunost, to\u010dnost ili preciznost bilo kojeg materijala prona\u0111enog na ovoj web stranici, pa korisnici ga koriste na vlastiti rizik.<\/p>\n\n\n\n<p>HIPOLITA nije odgovorna za mogu\u0107a ka\u0161njenja, neto\u010dnosti ili nepotpunosti u vezi s objavljivanjem podataka u online trgovini na ovoj stranici, ako su opravdani razlozima izvan na\u0161e kontrole, posebno razlozima tehni\u010dke prirode ili vi\u0161e sile.<\/p>\n\n\n\n<p>HIPOLITA nije odgovorna za bilo kakve razlike u izgledu, boji ili drugim karakteristikama (kao \u0161to su veli\u010dina, itd.) izme\u0111u onoga \u0161to je navedeno u elektroni\u010dkoj trgovini o robi koju prodajemo i robe koja \u0107e biti dostavljena vama, s obzirom na to da elektroni\u010dka ponuda sadr\u017ei kopije robe koja slu\u017ei kao standardizirani fotografirani modeli i uzorci.<\/p>\n\n\n\n<p>HIPOLITA nije odgovorna za bilo kakvo kr\u0161enje Uvjeta kori\u0161tenja stranice, ako je kr\u0161enje rezultat doga\u0111aja ili okolnosti izvan na\u0161e kontrole, posebno onih izvan na\u0161e razumne kontrole i savjesnog djelovanja.<\/p>\n\n\n\n<ol class=\"wp-block-list\" start=\"3\">\n<li><strong>Za\u0161tita intelektualnog vlasni\u0161tva<\/strong><\/li>\n<\/ol>\n\n\n\n<p>HIPOLITA je nositelj autorskih prava svih materijala prona\u0111enih na ovoj web stranici, posebno uklju\u010duju\u0107i, ali ne ograni\u010davaju\u0107i se na opise proizvoda, tekstove u razli\u010ditim dijelovima stranice, fotografije (osim onih dostupnih za slobodnu upotrebu), skice, dizajn i strukturu stranice.<\/p>\n\n\n\n<p>HIPOLITA je tako\u0111er nositelj drugih prava intelektualnog vlasni\u0161tva na materijalima na ovoj web stranici koji nisu izri\u010dito spomenuti u Uvjetima kori\u0161tenja stranice.<\/p>\n\n\n\n<p>Snimanje, preuzimanje i\/ili kopiranje spomenutih autorskih djela i drugih objekata za\u0161tite, kao i njihovo objavljivanje na drugim web stranicama ili dru\u0161tvenim mre\u017eama, dopu\u0161teno je samo uz pismeni pristanak HIPOLITE, putem linkova s ove web stranice uz osiguranje vidljivosti izvora i samo u osobne i nekomercijalne svrhe.<\/p>\n\n\n\n<p>Nedopu\u0161teno je objavljivanje, snimanje, preuzimanje, dupliciranje na bilo koji na\u010din, prodaja, ogla\u0161avanje i\/ili javno komuniciranje spomenutih autorskih djela i drugih objekata za\u0161tite na bilo koji drugi na\u010din (uklju\u010duju\u0107i interaktivno stavljanje djela na raspolaganje javnosti).<\/p>\n\n\n\n<p>Nije dopu\u0161teno koristiti na\u0161e ime, na\u0161 logo, bilo koje podatke vezane uz poslovne aktivnosti HIPOLITE, osim uz pismeni pristanak HIPOLITE i za osobne i nekomercijalne svrhe.<\/p>\n\n\n\n<p>Zabranjeno je u komercijalne svrhe nuditi, ogla\u0161avati, prodavati, skladi\u0161titi, uvoziti, izvoziti, transportirati i\/ili koristiti na bilo koji drugi na\u010din u komercijalne svrhe robu kupljenu od nas koja je ozna\u010dena na\u0161im logom.<\/p>\n\n\n\n<p>Zabranjeno je provoditi navedene radnje \u010dak i uz uklanjanje, izmjenu ili obradu loga HIPOLITE s robe kupljene od nas.<\/p>\n\n\n\n<p>Svaki od prethodno opisanih oblika povrede autorskih prava i drugih prava intelektualnog vlasni\u0161tva koje posjeduje HIPOLITA sankcioniran je prema trenutnom kaznenom i prekr\u0161ajnom zakonodavstvu Republike Rumunjske i\/ili EU-a, a HIPOLITA \u0107e poduzeti sve druge potrebne pravne mjere za za\u0161titu.<\/p>\n\n\n\n<ol class=\"wp-block-list\" start=\"4\">\n<li><strong>Linkovi do ove web stranice i linkovi do drugih web stranica<\/strong><\/li>\n<\/ol>\n\n\n\n<p>Dopu\u0161teno je savjesno stvaranje linkova do web stranice HIPOLITA s drugih web stranica ili dru\u0161tvenih mre\u017ea, u skladu s Uvjetima kori\u0161tenja web stranice, posebno uzimaju\u0107i u obzir odjeljak &#8220;Za\u0161tita intelektualnog vlasni\u0161tva&#8221;.<\/p>\n\n\n\n<p>HIPOLITA povremeno mo\u017ee stvoriti link do drugih internetskih stranica ili do dru\u0161tvenih mre\u017ea.<\/p>\n\n\n\n<p>Molimo vas da imate na umu da se Uvjeti kori\u0161tenja stranice primjenjuju samo na kori\u0161tenje ove web stranice, a ne na druge web stranice ili dru\u0161tvene mre\u017ee, i HIPOLITA nije odgovorna za njihovo podrijetlo ili sadr\u017eaj.<\/p>\n\n\n\n<p>Bilo kakva zloupotreba, kao i stvaranje linkova do ove stranice s drugih web stranica ili dru\u0161tvenih mre\u017ea koji su protiv Uvjeta kori\u0161tenja stranice, sankcionirani su prema trenutnom kaznenom i prekr\u0161ajnom zakonodavstvu Republike Rumunjske i\/ili EU-a, a HIPOLITA \u0107e poduzeti sve druge potrebne pravne mjere za za\u0161titu.<\/p>\n\n\n\n<ol class=\"wp-block-list\" start=\"5\">\n<li><strong>Interakcije korisnika web stranice HIPOLITA<\/strong><\/li>\n<\/ol>\n\n\n\n<p>Web stranica HIPOLITA nudi vam mogu\u0107nost korisni\u010dke interakcije. Mo\u017eete ostaviti recenziju na robu koju nudimo u online trgovini, kontaktirati nas izravnom porukom putem na\u0161e web stranice itd.<\/p>\n\n\n\n<p>Korisnicima web stranice HIPOLITA zabranjene su interakcije koje predstavljaju neprimjerene ili ne\u017eeljene komentare, govor mr\u017enje i\/ili uvredljive izjave, &#8220;spamming&#8221;, bilo koji oblik uznemiravanja nas ili drugih osoba, kao i bilo koji drugi oblik neprihvatljivog ili ne\u017eeljenog pona\u0161anja.<\/p>\n\n\n\n<p>Ako korisnik koristi mogu\u0107nost interakcije na na\u0161oj stranici suprotno uvjetima kori\u0161tenja stranice, bit \u0107emo prisiljeni ukloniti va\u0161u interakciju, odnosno ne objaviti je i upozoriti vas na zabranu daljnjeg provo\u0111enja istih ili sli\u010dnih interakcija, ina\u010de \u0107ete biti uskra\u0107eni za pristup na\u0161oj web stranici.<\/p>\n\n\n\n<ol class=\"wp-block-list\" start=\"6\">\n<li><strong>Rje\u0161avanje sporova<\/strong><\/li>\n<\/ol>\n\n\n\n<p>Svi mogu\u0107i sporovi koji proizlaze iz Uvjeta kori\u0161tenja rije\u0161it \u0107e se mirnim putem ili pred nadle\u017enim sudom Republike Rumunjske, primjenjuju\u0107i materijalno pravo Republike Rumunjske i\/ili EU-a prema potrebi.<\/p>\n","protected":false},"excerpt":{"rendered":"<p>UVJETI KORI\u0160TENJA WEB STRANICE HIPOLITA Dobrodo\u0161li na web stranicu HIPOLITA! Web stranica hipolita.store\/eu, koja je poddirektorij internetskog domenskog imena hipolita.store, isklju\u010divo je upravljana od strane HIPOLITA STORE SRL.Timisoara (Rumunjska), Str. Eugeniu De Savoya 1, CUI 48895733, tvrtka registrirana za maloprodaju putem Interneta (u daljnjem tekstu: HIPOLITA). Uvjeti kori\u0161tenja web stranice HIPOLITA (u daljnjem tekstu: Uvjeti [&hellip;]<\/p>\n","protected":false},"author":1,"featured_media":0,"parent":0,"menu_order":0,"comment_status":"closed","ping_status":"closed","template":"","meta":{"_acf_changed":false,"footnotes":""},"class_list":["post-6235","page","type-page","status-publish","hentry"],"acf":[],"jetpack_sharing_enabled":true,"_links":{"self":[{"href":"https:\/\/hipolita.store\/hr\/wp-json\/wp\/v2\/pages\/6235","targetHints":{"allow":["GET"]}}],"collection":[{"href":"https:\/\/hipolita.store\/hr\/wp-json\/wp\/v2\/pages"}],"about":[{"href":"https:\/\/hipolita.store\/hr\/wp-json\/wp\/v2\/types\/page"}],"author":[{"embeddable":true,"href":"https:\/\/hipolita.store\/hr\/wp-json\/wp\/v2\/users\/1"}],"replies":[{"embeddable":true,"href":"https:\/\/hipolita.store\/hr\/wp-json\/wp\/v2\/comments?post=6235"}],"version-history":[{"count":2,"href":"https:\/\/hipolita.store\/hr\/wp-json\/wp\/v2\/pages\/6235\/revisions"}],"predecessor-version":[{"id":34243,"href":"https:\/\/hipolita.store\/hr\/wp-json\/wp\/v2\/pages\/6235\/revisions\/34243"}],"wp:attachment":[{"href":"https:\/\/hipolita.store\/hr\/wp-json\/wp\/v2\/media?parent=6235"}],"curies":[{"name":"wp","href":"https:\/\/api.w.org\/{rel}","templated":true}]}}