{"id":6240,"date":"2021-09-09T06:39:36","date_gmt":"2021-09-09T06:39:36","guid":{"rendered":"https:\/\/hipolita.store\/hr\/\/\/?page_id=6240"},"modified":"2024-02-02T11:44:22","modified_gmt":"2024-02-02T09:44:22","slug":"politika-kolacica","status":"publish","type":"page","link":"https:\/\/hipolita.store\/hr\/politika-kolacica\/","title":{"rendered":"Politika kola\u010di\u0107a"},"content":{"rendered":"\n<p><strong><em>HIPOLITA WEB STRANICA<\/em><\/strong><strong> &#8211; POLITIKA KOLA\u010cI\u0106A<\/strong><\/p>\n\n\n\n<p>Napomena da ova Politika kola\u010di\u0107a \u010dini sastavni dio na\u0161e<a href=\"https:\/\/hipolita.store\/hr\/politika-privatnosti\/\"> Politike privatnosti<\/a> te da se ista pravila primjenjuju na sve \u0161to nije posebno ure\u0111eno ovim dokumentom.<\/p>\n\n\n\n<ol class=\"wp-block-list\">\n<li><strong>\u0160to su &#8220;kola\u010di\u0107i&#8221;?<\/strong><\/li>\n<\/ol>\n\n\n\n<p>&#8220;Kola\u010di\u0107i&#8221; su kratki kodirani zapisi generirani od strane posje\u0107ene web stranice i pohranjeni u pregledniku korisnikova ure\u0111aja. Oni slu\u017ee web poslu\u017eitelju i pregledniku da &#8220;zapamte&#8221; korisnikovu aktivnost na odre\u0111enoj stranici i prilagode mu web stranicu prema korisniku u budu\u0107nosti.<\/p>\n\n\n\n<p>Upotreba &#8220;kola\u010di\u0107a&#8221; pru\u017ea vam potpuno i bolje korisni\u010dko iskustvo jer omogu\u0107uje sve funkcionalnosti na\u0161e web stranice koje ne\u0107ete mo\u0107i koristiti ako ne prihvatite upotrebu &#8220;kola\u010di\u0107a&#8221;.<\/p>\n\n\n\n<p>&#8220;Kola\u010di\u0107i&#8221; su tehnologija koja nam poma\u017ee automatski prikupljati odre\u0111ene osobne podatke s ure\u0111aja koji koristite za pristup na\u0161oj web stranici. Ove podatke prikupljamo s va\u0161im slobodnim pristankom, koji dajete tijekom va\u0161e prve posjete na\u0161oj stranici kada isko\u010di &#8220;prozor&#8221; i prihvatite upotrebu &#8220;kola\u010di\u0107a&#8221; te se primjenjuju <a href=\"https:\/\/hipolita.store\/hr\/uvjeti-koriscenja\/\">Uvjeti kori\u0161tenja<\/a> stranice i <a href=\"https:\/\/hipolita.store\/hr\/politika-privatnosti\/\" data-type=\"link\" data-id=\"https:\/\/hipolita.store\/hr\/politika-privatnosti\/\">Politika privatnosti <\/a>(\u010diji je ovaj dokument o upotrebi &#8220;kola\u010di\u0107a&#8221; sastavni dio). Pro\u010ditajte o pravnoj osnovi, svrsi, pohrani automatski prikupljenih osobnih podataka, (ne)obveznosti pru\u017eanja ovog tipa podataka, kao i mjerama za\u0161tite i sigurnosti koje poduzimamo kako bismo za\u0161titili va\u0161u privatnost i osobne podatke koje dijelite s nama, u odjeljku na\u0161e <a href=\"https:\/\/hipolita.store\/hr\/politika-privatnosti\/\">Politike privatnosti.<\/a><\/p>\n\n\n\n<ol class=\"wp-block-list\" start=\"2\">\n<li><strong>Kakve &#8220;kola\u010di\u0107e&#8221; koristimo?<\/strong><\/li>\n<\/ol>\n\n\n\n<p>Mo\u017eete pregledati popis, trajanje i detaljan opis svih vrsta &#8220;kola\u010di\u0107a&#8221; koje koristimo u Postavkama kola\u010di\u0107a.<\/p>\n\n\n\n<p>Svi &#8220;kola\u010di\u0107i&#8221; koje koristimo su anonimni i ni na koji na\u010din nam ne omogu\u0107uju odre\u0111ivanje va\u0161eg identiteta samo na temelju podataka koje su prikupili (pseudonimizacija), niti nam omogu\u0107uju vidjeti osobne podatke koje ste podijelili na drugim web stranicama ili dru\u0161tvenim mre\u017eama.<\/p>\n\n\n\n<p>Za upotrebu odre\u0111enih vrsta &#8220;kola\u010di\u0107a&#8221; koristimo usluge vanjskih procesora podataka, poput tre\u0107ih strana. Veliku pa\u017enju posve\u0107ujemo odabiru procesora i anga\u017eiramo one \u010dija je kvaliteta provjerena i \u010diji rad odgovara primjenjivom zakonodavstvu. Koristimo usluge sljede\u0107ih procesora podataka: Google LLC, SAD; Meta Platforms Inc, SAD.<\/p>\n\n\n\n<p><strong>2.1. Nu\u017eni &#8220;kola\u010di\u0107i&#8221;:<\/strong><\/p>\n\n\n\n<p>Ovi &#8220;kola\u010di\u0107i&#8221; omogu\u0107uju osnovne funkcije na\u0161e web stranice. Potrebni su za ispravan rad stranice jer osiguravaju njene osnovne funkcije i sigurnost.<\/p>\n\n\n\n<p>Va\u0161i osobni podaci koji se mogu automatski prikupiti putem nu\u017enih &#8220;kola\u010di\u0107a&#8221;: preglednik koji koristite prilikom posjeta na\u0161oj stranici, itd.<\/p>\n\n\n\n<p><strong>2.2. Analiti\u010dki &#8220;kola\u010di\u0107i&#8221;:<\/strong><\/p>\n\n\n\n<p>Ovi &#8220;kola\u010di\u0107i&#8221; omogu\u0107uju nam analizu i pra\u0107enje statistike na stranicama na\u0161e web stranice. Poma\u017eu nam razumjeti interakcije korisnika na stranici, identificirati va\u0161e interese i potrebe te pobolj\u0161ati stranicu i va\u0161e korisni\u010dko iskustvo. Koriste se kako bismo dobili uvid u to kako se va\u0161 ure\u0111aj i vi kao korisnik pona\u0161ate na na\u0161oj stranici.<\/p>\n\n\n\n<p>Va\u0161i osobni podaci koji se mogu automatski prikupiti putem analiti\u010dkih &#8220;kola\u010di\u0107a&#8221;: vrsta ure\u0111aja kojim pristupate na\u0161oj stranici, preglednik koji koristite, \u0161ira geografska lokacija (dr\u017eava, grad), spol, dob, vrijeme posjeta na\u0161oj stranici, vrijeme provedeno na stranici, stranice na stranici koje posje\u0107ujete naj\u010de\u0161\u0107e i na kojima najdu\u017ee ostajete, internetska stranica s koje ste do\u0161li na na\u0161u stranicu, itd.<\/p>\n\n\n\n<p><strong>2.3. Marketin\u0161ki &#8220;kola\u010di\u0107i&#8221;:<\/strong><\/p>\n\n\n\n<p>Ovi &#8220;kola\u010di\u0107i&#8221; pru\u017eaju nam uvid u interakcije korisnika na na\u0161oj stranici, kako bismo vidjeli koje vas sadr\u017eaje najvi\u0161e zanimaju i kako bismo radili na pobolj\u0161anju kvalitete stranice i stvaranju marketin\u0161ke strategije. Time pridonosimo pobolj\u0161anju va\u0161eg korisni\u010dkog iskustva isporukom prilago\u0111enih oglasa.<\/p>\n\n\n\n<p>Va\u0161i osobni podaci koji se mogu automatski prikupiti putem marketin\u0161kih &#8220;kola\u010di\u0107a&#8221;: vrsta ure\u0111aja kojim pristupate na\u0161oj stranici, preglednik koji koristite, \u0161ira geografska lokacija (dr\u017eava, grad), spol, dob, vrijeme posjeta na\u0161oj stranici, vrijeme provedeno na stranici, stranice na na\u0161oj stranici koje posje\u0107ujete naj\u010de\u0161\u0107e i na kojima najdu\u017ee ostajete, internetska stranica s koje ste do\u0161li na na\u0161u stranicu,preglednik koji koristite, \u0161ira geografska lokacija (dr\u017eava, grad), spol, dob, vrijeme posjeta na\u0161oj stranici, vrijeme provedeno na stranici, stranice na na\u0161oj stranici koje posje\u0107ujete naj\u010de\u0161\u0107e i na kojima najdu\u017ee ostajete, internetska stranica s koje ste do\u0161li na na\u0161u stranicu, itd.<\/p>\n\n\n\n<p><strong>2.4. Alati za dijeljenje sadr\u017eaja s na\u0161e web stranice:<\/strong><\/p>\n\n\n\n<p>HIPOLITA vam pru\u017ea mogu\u0107nost dijeljenja odre\u0111enog sadr\u017eaja s na\u0161e stranice na dru\u0161tvenim mre\u017eama ili drugim internetskim stranicama (Facebook, Twitter, Pinterest, itd.). Alati za dijeljenje sadr\u017eaja mogu prikupljati odre\u0111ene podatke vezane uz kori\u0161tenje na\u0161e web stranice, kao \u0161to su koje ste stranice posjetili, koliko vremena ste proveli na stranici, itd.<\/p>\n\n\n\n<p>Ako ostavite osobne informacije prilikom kori\u0161tenja alata za dijeljenje sadr\u017eaja, te informacije mogu biti prikupljene i kori\u0161tene od strane dru\u0161tvenih mre\u017ea i drugih web stranica s kojima ste podijelili sadr\u017eaj. Svaka od tih stranica i dru\u0161tvenih mre\u017ea ima vlastitu politiku privatnosti koju primjenjuje. HIPOLITA nije odgovorna niti ima kontrolu nad dru\u0161tvenim mre\u017eama i drugim stranicama s kojima dijelite sadr\u017eaj te njihovim politikama privatnosti.<\/p>\n\n\n\n<ol class=\"wp-block-list\" start=\"3\">\n<li><strong>Postavke kola\u010di\u0107a<\/strong><\/li>\n<\/ol>\n\n\n\n<p>Prihva\u0107ate primjenu ove Politike o kori\u0161tenju &#8220;kola\u010di\u0107a&#8221; i same upotrebe &#8220;kola\u010di\u0107a&#8221; kada tijekom svoje prve posjete na\u0161oj stranici, u &#8220;prozoru&#8221; koji isko\u010di, prihvatite <a href=\"https:\/\/hipolita.store\/hr\/uvjeti-koriscenja\/\">Uvjete kori\u0161tenja<\/a> stranice i <a href=\"https:\/\/hipolita.store\/hr\/politika-privatnosti\/\">Politiku privatnosti<\/a> (\u010diji je ovaj dokument o kori\u0161tenju &#8220;kola\u010di\u0107a&#8221; sastavni dio). Mo\u017eete nazna\u010diti koje vrste &#8220;kola\u010di\u0107a&#8221; prihva\u0107ate i \u010diju primjenu ne prihva\u0107ate. Prihva\u0107anjem svih vrsta &#8220;kola\u010di\u0107a&#8221; koje koristimo, mo\u0107i \u0107ete u potpunosti u\u017eivati u svim funkcionalnostima koje na\u0161a stranica pru\u017ea kako bi va\u0161e korisni\u010dko iskustvo bilo na najvi\u0161oj razini.<\/p>\n\n\n\n<p>Jednom kada prihvatite primjenu navedenih dokumenata i upotrebu &#8220;kola\u010di\u0107a&#8221;, &#8220;prozor&#8221; za prihva\u0107anje ne\u0107e se pojavljivati tijekom kasnijih posjeta stranici.<\/p>\n\n\n\n<p>Ako \u017eelite isklju\u010diti &#8220;kola\u010di\u0107e&#8221; ili promijeniti vrste &#8220;kola\u010di\u0107a&#8221; koje prihva\u0107ate, to mo\u017eete u\u010diniti klikom na vezu &#8220;Postavke kola\u010di\u0107a&#8221;. U postavkama mo\u017eete uklju\u010diti\/isklju\u010diti upotrebu analiti\u010dkih i marketin\u0161kih &#8220;kola\u010di\u0107a&#8221; koje koristimo. Nije mogu\u0107e isklju\u010diti upotrebu nu\u017enih &#8220;kola\u010di\u0107a&#8221;, imaju\u0107i na umu da je ovaj tip &#8220;kola\u010di\u0107a&#8221; nu\u017ean za osnovno funkcioniranje i ispravno djelovanje na\u0161e web stranice.<\/p>\n\n\n\n<p>Mo\u017eete isklju\u010diti ili promijeniti &#8220;kola\u010di\u0107e&#8221; na svom ure\u0111aju putem kojeg pristupate na\u0161oj stranici, putem postavki internetskog preglednika koji koristite (npr. Google Chrome, Mozilla Firefox, Safari, itd.).<\/p>\n\n\n\n<p>Imajte na umu da, ako isklju\u010dite upotrebu &#8220;kola\u010di\u0107a&#8221;, bilo putem postavki internetskog preglednika ili putem postavki na\u0161e web stranice, mo\u017eda \u0107ete biti uskra\u0107eni za odre\u0111ene funkcije na\u0161e web stranice, odre\u0111ene stranice web stranice mo\u017eda \u0107e vam ostati nedostupne i ne\u0107ete mo\u0107i koristiti sve zna\u010dajke stranice.<\/p>\n","protected":false},"excerpt":{"rendered":"<p>HIPOLITA WEB STRANICA &#8211; POLITIKA KOLA\u010cI\u0106A Napomena da ova Politika kola\u010di\u0107a \u010dini sastavni dio na\u0161e Politike privatnosti te da se ista pravila primjenjuju na sve \u0161to nije posebno ure\u0111eno ovim dokumentom. &#8220;Kola\u010di\u0107i&#8221; su kratki kodirani zapisi generirani od strane posje\u0107ene web stranice i pohranjeni u pregledniku korisnikova ure\u0111aja. Oni slu\u017ee web poslu\u017eitelju i pregledniku da [&hellip;]<\/p>\n","protected":false},"author":1,"featured_media":0,"parent":0,"menu_order":0,"comment_status":"closed","ping_status":"closed","template":"","meta":{"_acf_changed":false,"footnotes":""},"class_list":["post-6240","page","type-page","status-publish","hentry"],"acf":[],"jetpack_sharing_enabled":true,"_links":{"self":[{"href":"https:\/\/hipolita.store\/hr\/wp-json\/wp\/v2\/pages\/6240","targetHints":{"allow":["GET"]}}],"collection":[{"href":"https:\/\/hipolita.store\/hr\/wp-json\/wp\/v2\/pages"}],"about":[{"href":"https:\/\/hipolita.store\/hr\/wp-json\/wp\/v2\/types\/page"}],"author":[{"embeddable":true,"href":"https:\/\/hipolita.store\/hr\/wp-json\/wp\/v2\/users\/1"}],"replies":[{"embeddable":true,"href":"https:\/\/hipolita.store\/hr\/wp-json\/wp\/v2\/comments?post=6240"}],"version-history":[{"count":2,"href":"https:\/\/hipolita.store\/hr\/wp-json\/wp\/v2\/pages\/6240\/revisions"}],"predecessor-version":[{"id":34239,"href":"https:\/\/hipolita.store\/hr\/wp-json\/wp\/v2\/pages\/6240\/revisions\/34239"}],"wp:attachment":[{"href":"https:\/\/hipolita.store\/hr\/wp-json\/wp\/v2\/media?parent=6240"}],"curies":[{"name":"wp","href":"https:\/\/api.w.org\/{rel}","templated":true}]}}