{"id":6244,"date":"2021-09-09T06:41:52","date_gmt":"2021-09-09T06:41:52","guid":{"rendered":"https:\/\/hipolita.store\/hr\/\/\/?page_id=6244"},"modified":"2024-02-02T12:10:56","modified_gmt":"2024-02-02T10:10:56","slug":"uvjeti-kupovine","status":"publish","type":"page","link":"https:\/\/hipolita.store\/hr\/uvjeti-kupovine\/","title":{"rendered":"Uvjeti kupovine"},"content":{"rendered":"\n<p>Internetska trgovina integrirana u web stranicu hipolita.store\/eu vlasni\u0161tvu je i isklju\u010divo upravlja HIPOLITA STORE SRL.Timisoara (Rumunjska), Str. Eugeniu De Savoya 1, CUI 48895733, tvrtka registrirana za maloprodaju putem Interneta (u daljnjem tekstu: HIPOLITA).<\/p>\n\n\n\n<p>Na\u0161a glavna djelatnost povezana je s maloprodajom putem Interneta unutar zemalja EU.<\/p>\n\n\n\n<p>Nudimo \u0161irok asortiman tajica, topova, kompleta, kratkih hla\u010da i kombinezona, sve to posebno dizajnirano i izra\u0111eno od pa\u017eljivo odabranih materijala, omogu\u0107avaju\u0107i vam udobnost tijekom svakodnevnih aktivnosti kao i tijekom najintenzivnijih treninga, istovremeno istaknuv\u0161i va\u0161u figuru na najbolji na\u010din.<\/p>\n\n\n\n<p>Uvjeti kupnje HIPOLITE (u daljnjem tekstu: Uvjeti kupnje) primjenjuju se na potro\u0161a\u010de koji naru\u010duju i kupuju robu iz ponude HIPOLITE. Prihva\u0107ate uvjete kupnje naru\u010divanjem na\u0161e robe nakon \u010ditanja Uvjeta kupnje na ovoj stranici. Potro\u0161a\u010di su fizi\u010dke osobe koje stje\u010du robu u svrhe koje nisu namijenjene njihovom poslovnom ili drugom komercijalnom djelatnosti.<\/p>\n\n\n\n<p>Naru\u010divanje i kupnja robe iz na\u0161e ponude nije mogu\u0107a bez prihva\u0107anja Uvjeta kupnje, niti je mogu\u0107e naknadno odustati nakon prihva\u0107anja uvjeta, stoga preporu\u010dujemo da pro\u010ditate ovaj dokument prije naru\u010divanja robe od nas.<\/p>\n\n\n\n<p>Uvjeti kupnje obvezuju\u0107i su od datuma objave na ovoj web stranici, odnosno od 2\/2\/2024. Godine.<\/p>\n\n\n\n<p>HIPOLITA zadr\u017eava pravo promjene Uvjeta kupnje bez prethodne obavijesti, kako bi se uskladila s va\u017ee\u0107im zakonodavstvom i vlastitim poslovnim potrebama. Izmijenjena verzija obvezuju\u0107a je od dana njene<\/p>\n\n\n\n<p>objave na ovoj stranici, \u010diju primjenu prihva\u0107ate naru\u010divanjem i kupnjom robe iz na\u0161e ponude nakon objavljenih promjena. Preporu\u010dujemo da s vremena na vrijeme pro\u010ditate ovaj dokument jer vi, kao potro\u0161a\u010d, uvijek ste obvezani posljednjom objavljenom verzijom Uvjeta kupnje.<\/p>\n\n\n\n<ol class=\"wp-block-list\">\n<li><strong>Naru\u010divanje robe i otkazivanje narud\u017ebe<\/strong><\/li>\n<\/ol>\n\n\n\n<p>Ponuda cijelog asortimana robe koju prodajemo prikazana je u elektroni\u010dkoj trgovini na na\u0161oj web stranici.<\/p>\n\n\n\n<p>Nakon obrade narud\u017ebe, bit \u0107ete obavije\u0161teni e-mailom o prihva\u0107anju i detaljima narud\u017ebe, nakon \u010dega vi\u0161e nije mogu\u0107e promijeniti ili otkazati narud\u017ebu.<\/p>\n\n\n\n<ol class=\"wp-block-list\" start=\"2\">\n<li><strong>Cijena robe i na\u010dini pla\u0107anja<\/strong><\/li>\n<\/ol>\n\n\n\n<p>Cijena robe iz na\u0161e ponude izra\u017eena je na jasno vidljiv i razumljiv na\u010din pored svakog opisa robe na stranici online trgovine na na\u0161oj web stranici.&nbsp;<\/p>\n\n\n\n<p>Cijena predstavlja prodajnu, jedini\u010dnu i kona\u010dnu cijenu po komadu robe.<\/p>\n\n\n\n<p>Cijena robe prikazana je i pla\u0107a se u lokalnoj valuti zemlje iz koje kupujete. Ako odaberete na\u010din pla\u0107anja pouze\u0107em i zemlja dostave je druga\u010dija od zemlje iz koje kupujete, cijena robe \u0107e biti izra\u010dunata i pla\u0107ena u lokalnoj valuti zemlje dostave<\/p>\n\n\n\n<p>Roba se napla\u0107uje prema cijeni koja je bila va\u017ee\u0107a u trenutku potvrde Narud\u017ebe.<\/p>\n\n\n\n<p>Za fizi\u010dke osobe, kao i za pravne osobe, na\u010dini pla\u0107anja koje prihva\u0107amo su pla\u0107anje pouze\u0107em (naknada za otkup) prilikom dostave robe i pla\u0107anje karticom u elektroni\u010dkoj trgovini.<\/p>\n\n\n\n<ol class=\"wp-block-list\" start=\"3\">\n<li><strong>Dostava, tro\u0161kovi dostave i isporuka robe<\/strong><\/li>\n<\/ol>\n\n\n\n<p>Roba iz na\u0161e ponude dostavlja se na teritorijima i pod uvjetima i tro\u0161kovima dostave kako je navedeno u sljede\u0107em linku <a href=\"https:\/\/hipolita.store\/hr\/dostava-rokovi\/\">https:\/\/hipolita.store\/hr\/dostava-rokovi\/<\/a>.<\/p>\n\n\n\n<p>Nije mogu\u0107e osobno preuzeti narud\u017ebu na na\u0161oj adresi, niti mi osobno dostavljamo.<\/p>\n\n\n\n<p>Rizik slu\u010dajnog gubitka ili o\u0161te\u0107enja robe prelazi na vas od trenutka primitka robe, bez obzira je li robu primili vi osobno ili druga osoba u va\u0161e ime.<\/p>\n\n\n\n<p>Ako ste odabrali pla\u0107anje pouze\u0107em kao na\u010din pla\u0107anja, platit \u0107ete cijenu robe i tro\u0161kove dostave prilikom dostave.<\/p>\n\n\n\n<p>Ako ste odabrali pla\u0107anje karticom u internetskoj trgovini kao na\u010din pla\u0107anja, online \u0107ete platiti cijenu robe i tro\u0161kove dostave odjednom u trenutku kupnje.<\/p>\n\n\n\n<ol class=\"wp-block-list\" start=\"4\">\n<li><strong>Odustajanje od ugovora\/Povrati\/Prigovori<\/strong><\/li>\n<\/ol>\n\n\n\n<p>Od ugovora mo\u017eete odustati, vratiti kupljenu robu ili podnijeti prigovor na neuskla\u0111enost isporu\u010dene robe pod uvjetima i odredbama navedenim u sljede\u0107em linku (LINK ZA <a href=\"https:\/\/hipolita.store\/hr\/wp-content\/uploads\/sites\/3\/2024\/01\/Hipolita-Obrazac-za-povrat.pdf\" data-type=\"link\" data-id=\"https:\/\/hipolita.store\/hr\/wp-content\/uploads\/sites\/3\/2024\/01\/Hipolita-Obrazac-za-povrat.pdf\">Ugovor Odustajanje\/Povrati\/Prigovori<\/a>)<\/p>\n\n\n\n<ol class=\"wp-block-list\" start=\"5\">\n<li><strong>Izjava o odricanju odgovornosti<\/strong><\/li>\n<\/ol>\n\n\n\n<p>HIPOLITA nije odgovorna za mogu\u0107a ka\u0161njenja, neto\u010dnosti ili nepotpunosti u vezi s objavljivanjem podataka u elektroni\u010dkoj trgovini na ovoj stranici, ako su opravdane razlozima izvan na\u0161e kontrole, posebno razlozima tehni\u010dke prirode ili vi\u0161e sile.<\/p>\n\n\n\n<p>HIPOLITA nije odgovorna za bilo kakve razlike u izgledu, boji ili ostalim karakteristikama (kao \u0161to su veli\u010dina, itd.) izme\u0111u onoga \u0161to je navedeno u elektroni\u010dkoj trgovini o robi koju prodajemo i robe koja \u0107e biti dostavljena vama, s obzirom na to da elektroni\u010dka ponuda sadr\u017ei kopije robe koja slu\u017ei kao standardizirani fotografirani modeli i uzorci.<\/p>\n\n\n\n<p>HIPOLITA nije odgovorna za bilo kakvo kr\u0161enje Uvjeta kupnje, ako je kr\u0161enje rezultat doga\u0111aja ili okolnosti izvan na\u0161e kontrole, posebno onih izvan na\u0161e razumne kontrole i savjesnog djelovanja.<\/p>\n\n\n\n<ol class=\"wp-block-list\" start=\"6\">\n<li><strong>Rje\u0161avanje sporova<\/strong><\/li>\n<\/ol>\n\n\n\n<p>Svi mogu\u0107i sporovi koji proizlaze iz Uvjeta kori\u0161tenja stranice rije\u0161it \u0107e se mirnim putem ili pred nadle\u017enim sudom Republike Rumunjske, primjenjuju\u0107i materijalno pravo Republike Rumunjske i\/ili EU-a prema potrebi.<\/p>\n","protected":false},"excerpt":{"rendered":"<p>Internetska trgovina integrirana u web stranicu hipolita.store\/eu vlasni\u0161tvu je i isklju\u010divo upravlja HIPOLITA STORE SRL.Timisoara (Rumunjska), Str. Eugeniu De Savoya 1, CUI 48895733, tvrtka registrirana za maloprodaju putem Interneta (u daljnjem tekstu: HIPOLITA). Na\u0161a glavna djelatnost povezana je s maloprodajom putem Interneta unutar zemalja EU. Nudimo \u0161irok asortiman tajica, topova, kompleta, kratkih hla\u010da i kombinezona, [&hellip;]<\/p>\n","protected":false},"author":1,"featured_media":0,"parent":0,"menu_order":0,"comment_status":"closed","ping_status":"closed","template":"","meta":{"_acf_changed":false,"footnotes":""},"class_list":["post-6244","page","type-page","status-publish","hentry"],"acf":[],"jetpack_sharing_enabled":true,"_links":{"self":[{"href":"https:\/\/hipolita.store\/hr\/wp-json\/wp\/v2\/pages\/6244","targetHints":{"allow":["GET"]}}],"collection":[{"href":"https:\/\/hipolita.store\/hr\/wp-json\/wp\/v2\/pages"}],"about":[{"href":"https:\/\/hipolita.store\/hr\/wp-json\/wp\/v2\/types\/page"}],"author":[{"embeddable":true,"href":"https:\/\/hipolita.store\/hr\/wp-json\/wp\/v2\/users\/1"}],"replies":[{"embeddable":true,"href":"https:\/\/hipolita.store\/hr\/wp-json\/wp\/v2\/comments?post=6244"}],"version-history":[{"count":3,"href":"https:\/\/hipolita.store\/hr\/wp-json\/wp\/v2\/pages\/6244\/revisions"}],"predecessor-version":[{"id":34247,"href":"https:\/\/hipolita.store\/hr\/wp-json\/wp\/v2\/pages\/6244\/revisions\/34247"}],"wp:attachment":[{"href":"https:\/\/hipolita.store\/hr\/wp-json\/wp\/v2\/media?parent=6244"}],"curies":[{"name":"wp","href":"https:\/\/api.w.org\/{rel}","templated":true}]}}