{"id":6246,"date":"2021-09-09T06:44:02","date_gmt":"2021-09-09T06:44:02","guid":{"rendered":"https:\/\/hipolita.store\/hr\/\/\/?page_id=6246"},"modified":"2025-12-16T22:45:28","modified_gmt":"2025-12-16T20:45:28","slug":"odustanak-reklamacije","status":"publish","type":"page","link":"https:\/\/hipolita.store\/hr\/odustanak-reklamacije\/","title":{"rendered":"Odustanak\/Reklamacije"},"content":{"rendered":"<h2>Povrat artikla<\/h2>\n<p>\n\n\n<\/p>\n<p>Potro\u0161a\u010d (navedeno vrijedi isklju\u010divo za fizi\u010dke osobe koje kupuju robu za namjene izvan svoje privredne djelatnosti) ima pravo u <strong>roku od 14 dana<\/strong> od preuzimanja artikla obavijestiti poduze\u0107e putem\u00a0kontaktnog obrasca\u00a0da odustaje od ugovora, bez potrebe navo\u0111enja razloga svoje odluke. Rok po\u010dinje od datuma preuzimanja artikla. Jedini tro\u0161ak koji tereti potro\u0161a\u010da u vezi s odustajanjem od ugovora je <strong>tro\u0161ak povrata artikla<\/strong>. Artikle je potrebno vratiti prodava\u010du najkasnije u roku od 14 dana od predanog zahtjeva za odustajanje od ugovora (kupnje).<\/p>\n<p>\n\n\n\n<p><a href=\"https:\/\/hipolita.store\/hr\/wp-content\/uploads\/sites\/3\/2024\/03\/Hipolita-Obrazac-za-povrat-HR.pdf\"><br>Preuzmi obrazac za povrat<br><\/a><\/p>\n\n\n\n<h3 class=\"wp-block-heading\">Postupak povrata<\/h3>\n\n\n\n<ol class=\"wp-block-list\">\n<li>Artikle mo\u017eete vratiti u roku od 14 dana od primitka narud\u017ebe. Na obrascu za povrat ozna\u010dite koli\u010dinu artikala koje vra\u0107ate i napi\u0161ite razlog za povrat.<\/li>\n\n\n\n<li>Artikle koje \u017eelite vratiti zapakirajte u originalnu ambala\u017eu u kojoj ste ih primili.\u00a0 Ako nam vratite artikle koji nisu u stanju u kojem su primljeni (o\u0161te\u0107eni, no\u0161eni, oprani, itd.), mo\u017eemo odbiti povrat novca i artikle poslati natrag. U tom slu\u010daju tro\u0161kove dostave snosite sami.<\/li>\n\n\n\n<li>Artikle mo\u017eete vratiti putem bilo koje kurirske slu\u017ebe uz obrazac za povrat (<a href=\"https:\/\/hipolita.store\/hr\/wp-content\/uploads\/sites\/3\/2024\/03\/Hipolita-Obrazac-za-povrat-HR.pdf\">prezumi\u00a0obrazac<\/a>).\u00a0<\/li>\n\n\n\n<li>Uslikajte popunjen obrazac<\/li>\n\n\n\n<li>Zapakirane artikle po\u0161aljite na adresu: <br>PRIMATELJ:\u00a0HIPOLITA STORE SRL<br>ULICA: Ulica Anghel I. Saligny 40<br>GRAD: Oradea<br>PO\u0160TANSKI BROJ: 410085<br>POKRAJINA: Bihor<br>DR\u017dAVA: Rumunjska<br>TELEFON: +40 740 479 510<\/li>\n\n\n\n<li>Sliku popunjenog obrazca i broj po\u0161iljke po\u0161aljite na <a href=\"mailto:returns@hipolita.store\">returns@hipolita.store<\/a> (Obavezno)<\/li>\n\n\n\n<li>Nakon obrade povrata, novac \u0107e vam biti vra\u0107en na isti na\u010din na koji je bilo izvr\u0161eno pla\u0107anje. Ako je pla\u0107anje bilo izvedeno pouze\u0107em, povrat \u0107emo napraviti na va\u0161 IBAN, zato obavezno ispunite i ove podatke.<\/li>\n<\/ol>\n\n\n\n<h2 class=\"wp-block-heading\">Zamjene<\/h2>\n\n\n\n<p>Hipolita.store nudi povrat ali ne i zamjenu. Ako \u017eelite zamijeniti svoj proizvod, napravite novu narud\u017ebu i zasebno registrirajte povrat.<\/p>\n","protected":false},"excerpt":{"rendered":"<p>Povrat artikla Potro\u0161a\u010d (navedeno vrijedi isklju\u010divo za fizi\u010dke osobe koje kupuju robu za namjene izvan svoje privredne djelatnosti) ima pravo u roku od 14 dana od preuzimanja artikla obavijestiti poduze\u0107e putem\u00a0kontaktnog obrasca\u00a0da odustaje od ugovora, bez potrebe navo\u0111enja razloga svoje odluke. Rok po\u010dinje od datuma preuzimanja artikla. Jedini tro\u0161ak koji tereti potro\u0161a\u010da u vezi s [&hellip;]<\/p>\n","protected":false},"author":1,"featured_media":0,"parent":0,"menu_order":0,"comment_status":"closed","ping_status":"closed","template":"template-fullwidth.php","meta":{"_acf_changed":false,"footnotes":""},"class_list":["post-6246","page","type-page","status-publish","hentry"],"acf":[],"jetpack_sharing_enabled":true,"_links":{"self":[{"href":"https:\/\/hipolita.store\/hr\/wp-json\/wp\/v2\/pages\/6246","targetHints":{"allow":["GET"]}}],"collection":[{"href":"https:\/\/hipolita.store\/hr\/wp-json\/wp\/v2\/pages"}],"about":[{"href":"https:\/\/hipolita.store\/hr\/wp-json\/wp\/v2\/types\/page"}],"author":[{"embeddable":true,"href":"https:\/\/hipolita.store\/hr\/wp-json\/wp\/v2\/users\/1"}],"replies":[{"embeddable":true,"href":"https:\/\/hipolita.store\/hr\/wp-json\/wp\/v2\/comments?post=6246"}],"version-history":[{"count":7,"href":"https:\/\/hipolita.store\/hr\/wp-json\/wp\/v2\/pages\/6246\/revisions"}],"predecessor-version":[{"id":39009,"href":"https:\/\/hipolita.store\/hr\/wp-json\/wp\/v2\/pages\/6246\/revisions\/39009"}],"wp:attachment":[{"href":"https:\/\/hipolita.store\/hr\/wp-json\/wp\/v2\/media?parent=6246"}],"curies":[{"name":"wp","href":"https:\/\/api.w.org\/{rel}","templated":true}]}}