{"id":11822,"date":"2022-05-04T16:37:45","date_gmt":"2022-05-04T14:37:45","guid":{"rendered":"https:\/\/hipolita.store\/hr\/\/\/?post_type=product&#038;p=11822"},"modified":"2026-04-18T21:41:06","modified_gmt":"2026-04-18T19:41:06","slug":"stripy-green-push-up-tajice","status":"publish","type":"product","link":"https:\/\/hipolita.store\/hr\/stripy-green-push-up-tajice\/","title":{"rendered":"Stripy green push up tajice"},"content":{"rendered":"","protected":false},"excerpt":{"rendered":"<p>Stripy green push-up tajice glasno isti\u010du va\u0161e obline pri svakom na\u010dinjenom koraku, te je ovaj sportski komad garderobe rezerviran za sve one malo smjelije i odva\u017enije dame. Posebna dra\u017e ovih tajica le\u017ei u njihovom kroju i dizajnu &#8211; naime, specifi\u010dne linije koje obgrljuju butine izdu\u017euju va\u0161u figuru, \u010dine\u0107i vas vitkijom. Satkane su od pa\u017eljivo odabrane kombinacije visokokvalitetnih vlakana, likre i poliamida, koji \u010dine odje\u0107u otpornom na teglenje i talo\u017eenje vlage tijekom cjelodnevnog no\u0161enja. Intenzivna plava nijanse \u0107e vas izdvojite iz jednoli\u010dne mase gdje god da odete &#8211; probudite va\u0161u neustra\u0161ivost.<\/p>\n","protected":false},"featured_media":29615,"comment_status":"open","ping_status":"closed","template":"","meta":{"_acf_changed":false},"product_brand":[],"product_cat":[57],"product_tag":[],"class_list":{"0":"post-11822","1":"product","2":"type-product","3":"status-publish","4":"has-post-thumbnail","6":"product_cat-push-up-tajice","7":"product_shipping_class-lp","9":"first","10":"instock","11":"shipping-taxable","12":"purchasable","13":"product-type-variable"},"acf":[],"jetpack_sharing_enabled":true,"_links":{"self":[{"href":"https:\/\/hipolita.store\/hr\/wp-json\/wp\/v2\/product\/11822","targetHints":{"allow":["GET"]}}],"collection":[{"href":"https:\/\/hipolita.store\/hr\/wp-json\/wp\/v2\/product"}],"about":[{"href":"https:\/\/hipolita.store\/hr\/wp-json\/wp\/v2\/types\/product"}],"replies":[{"embeddable":true,"href":"https:\/\/hipolita.store\/hr\/wp-json\/wp\/v2\/comments?post=11822"}],"version-history":[{"count":4,"href":"https:\/\/hipolita.store\/hr\/wp-json\/wp\/v2\/product\/11822\/revisions"}],"predecessor-version":[{"id":33325,"href":"https:\/\/hipolita.store\/hr\/wp-json\/wp\/v2\/product\/11822\/revisions\/33325"}],"wp:featuredmedia":[{"embeddable":true,"href":"https:\/\/hipolita.store\/hr\/wp-json\/wp\/v2\/media\/29615"}],"wp:attachment":[{"href":"https:\/\/hipolita.store\/hr\/wp-json\/wp\/v2\/media?parent=11822"}],"wp:term":[{"taxonomy":"product_brand","embeddable":true,"href":"https:\/\/hipolita.store\/hr\/wp-json\/wp\/v2\/product_brand?post=11822"},{"taxonomy":"product_cat","embeddable":true,"href":"https:\/\/hipolita.store\/hr\/wp-json\/wp\/v2\/product_cat?post=11822"},{"taxonomy":"product_tag","embeddable":true,"href":"https:\/\/hipolita.store\/hr\/wp-json\/wp\/v2\/product_tag?post=11822"}],"curies":[{"name":"wp","href":"https:\/\/api.w.org\/{rel}","templated":true}]}}