{"id":11905,"date":"2022-05-04T18:35:41","date_gmt":"2022-05-04T18:35:41","guid":{"rendered":"https:\/\/hipolita.store\/hr\/\/\/?post_type=product&#038;p=11905"},"modified":"2025-12-02T02:01:12","modified_gmt":"2025-12-02T00:01:12","slug":"fiona-blue-sorc-top-naramenice","status":"publish","type":"product","link":"https:\/\/hipolita.store\/hr\/fiona-blue-sorc-top-naramenice\/","title":{"rendered":"Fiona blue komplet \u0161orc + top naramenice"},"content":{"rendered":"","protected":false},"excerpt":{"rendered":"<p>Ako tragate za atraktivnim i nesvakida\u0161njim \u017eenskim sportskim kompletom, koji \u0107e izvajati va\u0161e tijelo za svega nekoliko sekundi &#8211; isprobajte na\u0161 Fiona komplet za trening. Ova kolekcija uklju\u010duje top na naramenice sa zanimljivim preklopom na le\u0111ima, kao i \u017eenski sportski \u0161orc s poznatim push-up efektom koji je izra\u0111en uz pomo\u0107 squat-proof tehnologije. Ovo zna\u010di da vi\u0161e ne\u0107ete morati da brinete o tome ho\u0107e li se va\u0161 komplet providjeti tijekom saginjanja ili izvo\u0111enja kompleksnijih vje\u017ebi, te se mo\u017eete rastere\u0107eno kretati po teretani. Nezavisno od toga da li preferirate relaksiraju\u0107i pilates ili intenzivan \u010das aerobika, s Fiona sportskim kompletom ne\u0107ete pogrije\u0161iti.<\/p>\n","protected":false},"featured_media":30533,"comment_status":"open","ping_status":"closed","template":"","meta":{"_acf_changed":false},"product_brand":[],"product_cat":[58,214],"product_tag":[],"class_list":{"0":"post-11905","1":"product","2":"type-product","3":"status-publish","4":"has-post-thumbnail","6":"product_cat-sportski-kompleti","7":"product_cat-black-friday","8":"product_shipping_class-tp","10":"first","11":"instock","12":"shipping-taxable","13":"purchasable","14":"product-type-woosg"},"acf":[],"jetpack_sharing_enabled":true,"_links":{"self":[{"href":"https:\/\/hipolita.store\/hr\/wp-json\/wp\/v2\/product\/11905","targetHints":{"allow":["GET"]}}],"collection":[{"href":"https:\/\/hipolita.store\/hr\/wp-json\/wp\/v2\/product"}],"about":[{"href":"https:\/\/hipolita.store\/hr\/wp-json\/wp\/v2\/types\/product"}],"replies":[{"embeddable":true,"href":"https:\/\/hipolita.store\/hr\/wp-json\/wp\/v2\/comments?post=11905"}],"version-history":[{"count":5,"href":"https:\/\/hipolita.store\/hr\/wp-json\/wp\/v2\/product\/11905\/revisions"}],"predecessor-version":[{"id":38731,"href":"https:\/\/hipolita.store\/hr\/wp-json\/wp\/v2\/product\/11905\/revisions\/38731"}],"wp:featuredmedia":[{"embeddable":true,"href":"https:\/\/hipolita.store\/hr\/wp-json\/wp\/v2\/media\/30533"}],"wp:attachment":[{"href":"https:\/\/hipolita.store\/hr\/wp-json\/wp\/v2\/media?parent=11905"}],"wp:term":[{"taxonomy":"product_brand","embeddable":true,"href":"https:\/\/hipolita.store\/hr\/wp-json\/wp\/v2\/product_brand?post=11905"},{"taxonomy":"product_cat","embeddable":true,"href":"https:\/\/hipolita.store\/hr\/wp-json\/wp\/v2\/product_cat?post=11905"},{"taxonomy":"product_tag","embeddable":true,"href":"https:\/\/hipolita.store\/hr\/wp-json\/wp\/v2\/product_tag?post=11905"}],"curies":[{"name":"wp","href":"https:\/\/api.w.org\/{rel}","templated":true}]}}