{"id":11907,"date":"2022-05-04T17:41:09","date_gmt":"2022-05-04T17:41:09","guid":{"rendered":"https:\/\/hipolita.store\/hr\/\/\/?post_type=product&#038;p=11907"},"modified":"2025-12-02T02:01:30","modified_gmt":"2025-12-02T00:01:30","slug":"fiona-black-white-push-up-kratke-hlace","status":"publish","type":"product","link":"https:\/\/hipolita.store\/hr\/fiona-black-white-push-up-kratke-hlace\/","title":{"rendered":"Fiona black &amp; white push up kratke hla\u010de"},"content":{"rendered":"","protected":false},"excerpt":{"rendered":"<p>Fiona push-up linija \u0161orceva \u0107e vam dodijeliti onu malu dozu smjelosti i samopouzdanja koja vam je potrebna da u potpunosti ovladate scenom. Ono \u0161to izdvaja ovu kolekciju jeste spoj pa\u017eljivo odabranih materijala i revolucionarni dizajn, koji \u0107e u\u010diniti da se osje\u0107ate ugodno, odva\u017eno i zasjenjuju\u0107e. Trik je u be\u0161avnom tkanju i squat-proof tehnologiji, koja je ovdje unaprije\u0111ena push-up efektom &#8211; ovo zna\u010di da se materijal prilago\u0111ava va\u0161em obliku tijela i da su obline suptilno nagla\u0161ene, a da pritom ne morate da brinete o tome da li se \u0161orc providi ili da li se ve\u0161 ocrtava. Meko\u0107a, elasti\u010dnost i meliran materijal \u010dine ovaj model jo\u0161 posebnijim.<\/p>\n","protected":false},"featured_media":29132,"comment_status":"open","ping_status":"closed","template":"","meta":{"_acf_changed":false},"product_brand":[],"product_cat":[40,214],"product_tag":[],"class_list":{"0":"post-11907","1":"product","2":"type-product","3":"status-publish","4":"has-post-thumbnail","6":"product_cat-zenske-kratke-hlace","7":"product_cat-black-friday","8":"product_shipping_class-lp","10":"first","11":"instock","12":"shipping-taxable","13":"purchasable","14":"product-type-variable"},"acf":[],"jetpack_sharing_enabled":true,"_links":{"self":[{"href":"https:\/\/hipolita.store\/hr\/wp-json\/wp\/v2\/product\/11907","targetHints":{"allow":["GET"]}}],"collection":[{"href":"https:\/\/hipolita.store\/hr\/wp-json\/wp\/v2\/product"}],"about":[{"href":"https:\/\/hipolita.store\/hr\/wp-json\/wp\/v2\/types\/product"}],"replies":[{"embeddable":true,"href":"https:\/\/hipolita.store\/hr\/wp-json\/wp\/v2\/comments?post=11907"}],"version-history":[{"count":5,"href":"https:\/\/hipolita.store\/hr\/wp-json\/wp\/v2\/product\/11907\/revisions"}],"predecessor-version":[{"id":38732,"href":"https:\/\/hipolita.store\/hr\/wp-json\/wp\/v2\/product\/11907\/revisions\/38732"}],"wp:featuredmedia":[{"embeddable":true,"href":"https:\/\/hipolita.store\/hr\/wp-json\/wp\/v2\/media\/29132"}],"wp:attachment":[{"href":"https:\/\/hipolita.store\/hr\/wp-json\/wp\/v2\/media?parent=11907"}],"wp:term":[{"taxonomy":"product_brand","embeddable":true,"href":"https:\/\/hipolita.store\/hr\/wp-json\/wp\/v2\/product_brand?post=11907"},{"taxonomy":"product_cat","embeddable":true,"href":"https:\/\/hipolita.store\/hr\/wp-json\/wp\/v2\/product_cat?post=11907"},{"taxonomy":"product_tag","embeddable":true,"href":"https:\/\/hipolita.store\/hr\/wp-json\/wp\/v2\/product_tag?post=11907"}],"curies":[{"name":"wp","href":"https:\/\/api.w.org\/{rel}","templated":true}]}}