{"id":11929,"date":"2022-05-04T18:00:42","date_gmt":"2022-05-04T18:00:42","guid":{"rendered":"https:\/\/hipolita.store\/hr\/\/\/?post_type=product&#038;p=11929"},"modified":"2025-12-02T02:01:12","modified_gmt":"2025-12-02T00:01:12","slug":"fiona-komplet-sa-topom-na-naramenice","status":"publish","type":"product","link":"https:\/\/hipolita.store\/hr\/fiona-komplet-sa-topom-na-naramenice\/","title":{"rendered":"Fiona black &amp; white komplet sa topom na naramenice"},"content":{"rendered":"","protected":false},"excerpt":{"rendered":"<p>Fiona \u017eenska sportska oprema uklju\u010duje tajice za trening i top na naramenice, koji odi\u0161u ugodno\u0161\u0107u. Ovaj spoj sportskih aseta \u0107e u\u010diniti da zadobijete figuru \u201cpje\u0161\u010danog sata\u201d istog momenta kada ga navu\u010dete. Sam materijal je izra\u0111en od pa\u017eljivo odabranog spoja poliesterskih vlakana, poliamida (najlona) i elastina, koji doprinose tome da va\u0161a oprema bude prijatna na dodir i komforna za no\u0161enje. Paleta \u0161arenih boja sa preljevuju\u0107im efektom \u0107e u\u010diniti da se osje\u0107ate atraktivno i odva\u017eno, te ovaj komplet mo\u017eete nositi i u ve\u010dernju \u0161etnju ili na le\u017eernu kavu u gradu. Ako tragate za atraktivnim i nesvakida\u0161njim \u017eenskim sportskim kompletom, koji \u0107e izvajati va\u0161e tijelo za svega nekoliko sekundi &#8211; isprobajte na\u0161 Fiona komplet za trening.<\/p>\n","protected":false},"featured_media":30559,"comment_status":"open","ping_status":"closed","template":"","meta":{"_acf_changed":false},"product_brand":[],"product_cat":[58,214],"product_tag":[],"class_list":{"0":"post-11929","1":"product","2":"type-product","3":"status-publish","4":"has-post-thumbnail","6":"product_cat-sportski-kompleti","7":"product_cat-black-friday","8":"product_shipping_class-tp","10":"first","11":"instock","12":"shipping-taxable","13":"purchasable","14":"product-type-woosg"},"acf":[],"jetpack_sharing_enabled":true,"_links":{"self":[{"href":"https:\/\/hipolita.store\/hr\/wp-json\/wp\/v2\/product\/11929","targetHints":{"allow":["GET"]}}],"collection":[{"href":"https:\/\/hipolita.store\/hr\/wp-json\/wp\/v2\/product"}],"about":[{"href":"https:\/\/hipolita.store\/hr\/wp-json\/wp\/v2\/types\/product"}],"replies":[{"embeddable":true,"href":"https:\/\/hipolita.store\/hr\/wp-json\/wp\/v2\/comments?post=11929"}],"version-history":[{"count":5,"href":"https:\/\/hipolita.store\/hr\/wp-json\/wp\/v2\/product\/11929\/revisions"}],"predecessor-version":[{"id":38728,"href":"https:\/\/hipolita.store\/hr\/wp-json\/wp\/v2\/product\/11929\/revisions\/38728"}],"wp:featuredmedia":[{"embeddable":true,"href":"https:\/\/hipolita.store\/hr\/wp-json\/wp\/v2\/media\/30559"}],"wp:attachment":[{"href":"https:\/\/hipolita.store\/hr\/wp-json\/wp\/v2\/media?parent=11929"}],"wp:term":[{"taxonomy":"product_brand","embeddable":true,"href":"https:\/\/hipolita.store\/hr\/wp-json\/wp\/v2\/product_brand?post=11929"},{"taxonomy":"product_cat","embeddable":true,"href":"https:\/\/hipolita.store\/hr\/wp-json\/wp\/v2\/product_cat?post=11929"},{"taxonomy":"product_tag","embeddable":true,"href":"https:\/\/hipolita.store\/hr\/wp-json\/wp\/v2\/product_tag?post=11929"}],"curies":[{"name":"wp","href":"https:\/\/api.w.org\/{rel}","templated":true}]}}