{"id":11980,"date":"2022-05-04T18:53:33","date_gmt":"2022-05-04T16:53:33","guid":{"rendered":"https:\/\/hipolita.store\/hr\/\/\/?post_type=product&#038;p=11980"},"modified":"2026-03-17T14:30:44","modified_gmt":"2026-03-17T12:30:44","slug":"neva-black-push-up-tajice","status":"publish","type":"product","link":"https:\/\/hipolita.store\/hr\/neva-black-push-up-tajice\/","title":{"rendered":"Neva Black push up tajice"},"content":{"rendered":"","protected":false},"excerpt":{"rendered":"<p>Neva black push-up tajice predstavljaju apsolutnu revoluciju u svetu sportske opreme \u2013 zahvaljuju\u0107i kombinaciji squat-proof tehnologije s push-up efektom i seamless tehnologije, va\u0161a figura \u0107e biti izvajana u roku od samo nekoliko sekundi! Ono \u0161to \u0107e vas posebno odu\u0161eviti kod ove kolekcije push-up tajica jeste \u010dinjenica da ne postoje bo\u010dni \u0161avovi koji mogu da dovedu do skupljanja materijala, \u0161to bi vremenom prouzrokovalo izmjenu oblika odje\u0107e. Na ovaj na\u010din \u0107e se one uvijek prilagoditi va\u0161em tijelu i u\u010diniti da se osje\u0107ate samouvjereno i nepokolebljivo. Jednom kada isprobate ovaj model, ne\u0107ete htjeti da nosite bilo koji drugi.<\/p>\n","protected":false},"featured_media":18456,"comment_status":"open","ping_status":"closed","template":"","meta":{"_acf_changed":false},"product_brand":[],"product_cat":[57,214],"product_tag":[],"class_list":{"0":"post-11980","1":"product","2":"type-product","3":"status-publish","4":"has-post-thumbnail","6":"product_cat-push-up-tajice","7":"product_cat-black-friday","8":"product_shipping_class-lp","10":"first","11":"instock","12":"shipping-taxable","13":"purchasable","14":"product-type-variable"},"acf":[],"jetpack_sharing_enabled":true,"_links":{"self":[{"href":"https:\/\/hipolita.store\/hr\/wp-json\/wp\/v2\/product\/11980","targetHints":{"allow":["GET"]}}],"collection":[{"href":"https:\/\/hipolita.store\/hr\/wp-json\/wp\/v2\/product"}],"about":[{"href":"https:\/\/hipolita.store\/hr\/wp-json\/wp\/v2\/types\/product"}],"replies":[{"embeddable":true,"href":"https:\/\/hipolita.store\/hr\/wp-json\/wp\/v2\/comments?post=11980"}],"version-history":[{"count":4,"href":"https:\/\/hipolita.store\/hr\/wp-json\/wp\/v2\/product\/11980\/revisions"}],"predecessor-version":[{"id":38743,"href":"https:\/\/hipolita.store\/hr\/wp-json\/wp\/v2\/product\/11980\/revisions\/38743"}],"wp:featuredmedia":[{"embeddable":true,"href":"https:\/\/hipolita.store\/hr\/wp-json\/wp\/v2\/media\/18456"}],"wp:attachment":[{"href":"https:\/\/hipolita.store\/hr\/wp-json\/wp\/v2\/media?parent=11980"}],"wp:term":[{"taxonomy":"product_brand","embeddable":true,"href":"https:\/\/hipolita.store\/hr\/wp-json\/wp\/v2\/product_brand?post=11980"},{"taxonomy":"product_cat","embeddable":true,"href":"https:\/\/hipolita.store\/hr\/wp-json\/wp\/v2\/product_cat?post=11980"},{"taxonomy":"product_tag","embeddable":true,"href":"https:\/\/hipolita.store\/hr\/wp-json\/wp\/v2\/product_tag?post=11980"}],"curies":[{"name":"wp","href":"https:\/\/api.w.org\/{rel}","templated":true}]}}