{"id":13388,"date":"2022-07-18T09:57:08","date_gmt":"2022-07-18T09:57:08","guid":{"rendered":"https:\/\/hipolita.store\/hr\/\/\/?post_type=product&#038;p=13388"},"modified":"2025-12-02T02:01:34","modified_gmt":"2025-12-02T00:01:34","slug":"selena-purple-push-up-biciklisticke-hlace","status":"publish","type":"product","link":"https:\/\/hipolita.store\/hr\/selena-purple-push-up-biciklisticke-hlace\/","title":{"rendered":"Selena purple push up biciklisti\u010dke hla\u010de"},"content":{"rendered":"","protected":false},"excerpt":{"rendered":"<p>Ono na \u0161to najvi\u0161e treba da obratite pa\u017enju prilikom kupovine nove sportske opreme jeste da ona odi\u0161e kvalitetom, istrajno\u0161\u0107u i komforom, a Selena kolekcija \u017eenskih biciklisti\u010dkih ispunjava sve navedene kriterije. Za samo nekoliko sekundi mo\u017eete imati izvajanu figuru, nagla\u0161ene obline i savr\u0161enu dozu smjelosti koja vam je potrebna da istinski zasijate! Na\u0161a cjelokupna kolekcija je satkana od specifi\u010dnih i pa\u017eljivo odabranih materijala, to\u010dnije od 90% poliamida i 10% elastina, \u0161to \u010dini odje\u0107u prozra\u010dnom i prijatnom na dodir.<\/p>\n","protected":false},"featured_media":29017,"comment_status":"open","ping_status":"closed","template":"","meta":{"_acf_changed":false},"product_brand":[],"product_cat":[40,214],"product_tag":[],"class_list":{"0":"post-13388","1":"product","2":"type-product","3":"status-publish","4":"has-post-thumbnail","6":"product_cat-zenske-kratke-hlace","7":"product_cat-black-friday","8":"product_shipping_class-lp","10":"first","11":"instock","12":"sold-individually","13":"shipping-taxable","14":"purchasable","15":"product-type-variable"},"acf":[],"jetpack_sharing_enabled":true,"_links":{"self":[{"href":"https:\/\/hipolita.store\/hr\/wp-json\/wp\/v2\/product\/13388","targetHints":{"allow":["GET"]}}],"collection":[{"href":"https:\/\/hipolita.store\/hr\/wp-json\/wp\/v2\/product"}],"about":[{"href":"https:\/\/hipolita.store\/hr\/wp-json\/wp\/v2\/types\/product"}],"replies":[{"embeddable":true,"href":"https:\/\/hipolita.store\/hr\/wp-json\/wp\/v2\/comments?post=13388"}],"version-history":[{"count":5,"href":"https:\/\/hipolita.store\/hr\/wp-json\/wp\/v2\/product\/13388\/revisions"}],"predecessor-version":[{"id":38775,"href":"https:\/\/hipolita.store\/hr\/wp-json\/wp\/v2\/product\/13388\/revisions\/38775"}],"wp:featuredmedia":[{"embeddable":true,"href":"https:\/\/hipolita.store\/hr\/wp-json\/wp\/v2\/media\/29017"}],"wp:attachment":[{"href":"https:\/\/hipolita.store\/hr\/wp-json\/wp\/v2\/media?parent=13388"}],"wp:term":[{"taxonomy":"product_brand","embeddable":true,"href":"https:\/\/hipolita.store\/hr\/wp-json\/wp\/v2\/product_brand?post=13388"},{"taxonomy":"product_cat","embeddable":true,"href":"https:\/\/hipolita.store\/hr\/wp-json\/wp\/v2\/product_cat?post=13388"},{"taxonomy":"product_tag","embeddable":true,"href":"https:\/\/hipolita.store\/hr\/wp-json\/wp\/v2\/product_tag?post=13388"}],"curies":[{"name":"wp","href":"https:\/\/api.w.org\/{rel}","templated":true}]}}