{"id":14031,"date":"2022-09-01T06:10:30","date_gmt":"2022-09-01T04:10:30","guid":{"rendered":"https:\/\/hipolita.store\/hr\/\/\/?post_type=product&#038;p=14031"},"modified":"2026-04-21T22:54:06","modified_gmt":"2026-04-21T20:54:06","slug":"selena-green-push-up-tajice","status":"publish","type":"product","link":"https:\/\/hipolita.store\/hr\/selena-green-push-up-tajice\/","title":{"rendered":"Selena green push up tajice"},"content":{"rendered":"","protected":false},"excerpt":{"rendered":"<p>Za maksimalnu slobodu pokreta i savr\u0161eno izvajano tijelo uvijek preporu\u010dujemo Selena tajice. Duboki pojas vizualno su\u017eava struk, a naborom na zadnjici savr\u0161eno je isti\u010de! Njihov pametno osmi\u0161ljen i jednostavan dizajn odi\u0161e elegantno\u0161\u0107u pa ih mo\u017eete nositi i u toku dana dok obavljate sve svoje svakodnevne aktivnosti. Pored toga \u0161to lijepo izgledaju i na najbolji na\u010din isti\u010du va\u0161u figuru, brzo se su\u0161e zahvaljuju\u0107i dry-fit tehnologiji i odli\u010dan su izbor i za najintenzivnije treninge.<\/p>\n","protected":false},"featured_media":29424,"comment_status":"open","ping_status":"closed","template":"","meta":{"_acf_changed":false},"product_brand":[],"product_cat":[57,214],"product_tag":[],"class_list":{"0":"post-14031","1":"product","2":"type-product","3":"status-publish","4":"has-post-thumbnail","6":"product_cat-push-up-tajice","7":"product_cat-black-friday","8":"product_shipping_class-lp","10":"first","11":"instock","12":"sold-individually","13":"shipping-taxable","14":"purchasable","15":"product-type-variable"},"acf":[],"jetpack_sharing_enabled":true,"_links":{"self":[{"href":"https:\/\/hipolita.store\/hr\/wp-json\/wp\/v2\/product\/14031","targetHints":{"allow":["GET"]}}],"collection":[{"href":"https:\/\/hipolita.store\/hr\/wp-json\/wp\/v2\/product"}],"about":[{"href":"https:\/\/hipolita.store\/hr\/wp-json\/wp\/v2\/types\/product"}],"replies":[{"embeddable":true,"href":"https:\/\/hipolita.store\/hr\/wp-json\/wp\/v2\/comments?post=14031"}],"version-history":[{"count":5,"href":"https:\/\/hipolita.store\/hr\/wp-json\/wp\/v2\/product\/14031\/revisions"}],"predecessor-version":[{"id":38784,"href":"https:\/\/hipolita.store\/hr\/wp-json\/wp\/v2\/product\/14031\/revisions\/38784"}],"wp:featuredmedia":[{"embeddable":true,"href":"https:\/\/hipolita.store\/hr\/wp-json\/wp\/v2\/media\/29424"}],"wp:attachment":[{"href":"https:\/\/hipolita.store\/hr\/wp-json\/wp\/v2\/media?parent=14031"}],"wp:term":[{"taxonomy":"product_brand","embeddable":true,"href":"https:\/\/hipolita.store\/hr\/wp-json\/wp\/v2\/product_brand?post=14031"},{"taxonomy":"product_cat","embeddable":true,"href":"https:\/\/hipolita.store\/hr\/wp-json\/wp\/v2\/product_cat?post=14031"},{"taxonomy":"product_tag","embeddable":true,"href":"https:\/\/hipolita.store\/hr\/wp-json\/wp\/v2\/product_tag?post=14031"}],"curies":[{"name":"wp","href":"https:\/\/api.w.org\/{rel}","templated":true}]}}