{"id":15448,"date":"2022-10-23T09:39:40","date_gmt":"2022-10-23T07:39:40","guid":{"rendered":"https:\/\/hipolita.store\/hr\/\/\/?post_type=product&#038;p=15448"},"modified":"2026-03-18T17:39:04","modified_gmt":"2026-03-18T15:39:04","slug":"cozy-black-push-up-tajice","status":"publish","type":"product","link":"https:\/\/hipolita.store\/hr\/cozy-black-push-up-tajice\/","title":{"rendered":"Cozy black push up tajice"},"content":{"rendered":"","protected":false},"excerpt":{"rendered":"<p>Sigurnost, komfor i kvaliteta su odlike ove Cozy kolekcije i s ovim komadom odje\u0107e ne mo\u017eete pogrije\u0161iti. Za svega par sekundi \u2013 va\u0161e tijelo \u0107e biti izvajano, va\u0161e obline nagla\u0161ene, a va\u0161e samopouzdanje na svom vrhuncu. Njihov suvremeni dizajn vam pru\u017ea trostruku prednost, jer ih mo\u017eete nositi tijekom vje\u017ebanja kod ku\u0107e, na treningu u studiju, kao i na le\u017eernoj popodnevnoj kavi u gradu. Cozy linija push up tajica je sastavljena od kombinacije poliamida i elastina, \u010dime garantira da \u0107e va\u0161a ko\u017ea ostati suha i tijekom cjelodnevnog no\u0161enja.<\/p>\n","protected":false},"featured_media":29393,"comment_status":"open","ping_status":"closed","template":"","meta":{"_acf_changed":false},"product_brand":[],"product_cat":[57,214],"product_tag":[],"class_list":{"0":"post-15448","1":"product","2":"type-product","3":"status-publish","4":"has-post-thumbnail","6":"product_cat-push-up-tajice","7":"product_cat-black-friday","8":"product_shipping_class-lp","10":"first","11":"instock","12":"shipping-taxable","13":"purchasable","14":"product-type-variable"},"acf":[],"jetpack_sharing_enabled":true,"_links":{"self":[{"href":"https:\/\/hipolita.store\/hr\/wp-json\/wp\/v2\/product\/15448","targetHints":{"allow":["GET"]}}],"collection":[{"href":"https:\/\/hipolita.store\/hr\/wp-json\/wp\/v2\/product"}],"about":[{"href":"https:\/\/hipolita.store\/hr\/wp-json\/wp\/v2\/types\/product"}],"replies":[{"embeddable":true,"href":"https:\/\/hipolita.store\/hr\/wp-json\/wp\/v2\/comments?post=15448"}],"version-history":[{"count":4,"href":"https:\/\/hipolita.store\/hr\/wp-json\/wp\/v2\/product\/15448\/revisions"}],"predecessor-version":[{"id":38721,"href":"https:\/\/hipolita.store\/hr\/wp-json\/wp\/v2\/product\/15448\/revisions\/38721"}],"wp:featuredmedia":[{"embeddable":true,"href":"https:\/\/hipolita.store\/hr\/wp-json\/wp\/v2\/media\/29393"}],"wp:attachment":[{"href":"https:\/\/hipolita.store\/hr\/wp-json\/wp\/v2\/media?parent=15448"}],"wp:term":[{"taxonomy":"product_brand","embeddable":true,"href":"https:\/\/hipolita.store\/hr\/wp-json\/wp\/v2\/product_brand?post=15448"},{"taxonomy":"product_cat","embeddable":true,"href":"https:\/\/hipolita.store\/hr\/wp-json\/wp\/v2\/product_cat?post=15448"},{"taxonomy":"product_tag","embeddable":true,"href":"https:\/\/hipolita.store\/hr\/wp-json\/wp\/v2\/product_tag?post=15448"}],"curies":[{"name":"wp","href":"https:\/\/api.w.org\/{rel}","templated":true}]}}