{"id":16221,"date":"2022-10-26T16:45:01","date_gmt":"2022-10-26T14:45:01","guid":{"rendered":"https:\/\/hipolita.store\/hr\/\/\/?post_type=product&#038;p=16221"},"modified":"2026-02-28T20:49:35","modified_gmt":"2026-02-28T18:49:35","slug":"cozy-black-top-na-naramenice","status":"publish","type":"product","link":"https:\/\/hipolita.store\/hr\/cozy-black-top-na-naramenice\/","title":{"rendered":"Cozy black top na naramenice"},"content":{"rendered":"","protected":false},"excerpt":{"rendered":"<p>U Cozy top na naramenice zaljubit \u0107ete se na prvi pogled! Boje i dizajn ovog modela izdvajaju ga od ostalih u \u0161to \u0107ete se i uvjeriti kada ga prvi put budete probale. Premekan materijal, ne\u0161to deblje naramenice i nabor izme\u0111u grudi pru\u017eit \u0107e vam upravo ono \u0161to \u017eelite &#8211; lijep dekolte, sjajnu podr\u0161ku i ugodnost pri svakom pokretu. Cozy top mo\u017eete nositi s jastu\u010di\u0107ima koji uz njega dolaze ili ih mo\u017eete izvaditi, a idealnog je dizajna i da se ispod njega nosi brus, a da to bude potpuno neprimjetno.<\/p>\n","protected":false},"featured_media":30131,"comment_status":"open","ping_status":"closed","template":"","meta":{"_acf_changed":false},"product_brand":[],"product_cat":[61,214],"product_tag":[],"class_list":{"0":"post-16221","1":"product","2":"type-product","3":"status-publish","4":"has-post-thumbnail","6":"product_cat-sportski-topovi","7":"product_cat-black-friday","8":"product_shipping_class-lp","10":"first","11":"instock","12":"shipping-taxable","13":"purchasable","14":"product-type-variable"},"acf":[],"jetpack_sharing_enabled":true,"_links":{"self":[{"href":"https:\/\/hipolita.store\/hr\/wp-json\/wp\/v2\/product\/16221","targetHints":{"allow":["GET"]}}],"collection":[{"href":"https:\/\/hipolita.store\/hr\/wp-json\/wp\/v2\/product"}],"about":[{"href":"https:\/\/hipolita.store\/hr\/wp-json\/wp\/v2\/types\/product"}],"replies":[{"embeddable":true,"href":"https:\/\/hipolita.store\/hr\/wp-json\/wp\/v2\/comments?post=16221"}],"version-history":[{"count":5,"href":"https:\/\/hipolita.store\/hr\/wp-json\/wp\/v2\/product\/16221\/revisions"}],"predecessor-version":[{"id":38724,"href":"https:\/\/hipolita.store\/hr\/wp-json\/wp\/v2\/product\/16221\/revisions\/38724"}],"wp:featuredmedia":[{"embeddable":true,"href":"https:\/\/hipolita.store\/hr\/wp-json\/wp\/v2\/media\/30131"}],"wp:attachment":[{"href":"https:\/\/hipolita.store\/hr\/wp-json\/wp\/v2\/media?parent=16221"}],"wp:term":[{"taxonomy":"product_brand","embeddable":true,"href":"https:\/\/hipolita.store\/hr\/wp-json\/wp\/v2\/product_brand?post=16221"},{"taxonomy":"product_cat","embeddable":true,"href":"https:\/\/hipolita.store\/hr\/wp-json\/wp\/v2\/product_cat?post=16221"},{"taxonomy":"product_tag","embeddable":true,"href":"https:\/\/hipolita.store\/hr\/wp-json\/wp\/v2\/product_tag?post=16221"}],"curies":[{"name":"wp","href":"https:\/\/api.w.org\/{rel}","templated":true}]}}