{"id":16242,"date":"2022-10-26T16:48:15","date_gmt":"2022-10-26T16:48:15","guid":{"rendered":"https:\/\/hipolita.store\/hr\/\/\/?post_type=product&#038;p=16242"},"modified":"2025-12-02T02:01:11","modified_gmt":"2025-12-02T00:01:11","slug":"cozy-black-komplet-sa-topom-na-naramenice","status":"publish","type":"product","link":"https:\/\/hipolita.store\/hr\/cozy-black-komplet-sa-topom-na-naramenice\/","title":{"rendered":"Cozy black komplet sa topom na naramenice"},"content":{"rendered":"","protected":false},"excerpt":{"rendered":"<p>Kako sam naziv ka\u017ee, Cozy modeli obe\u0107avaju maksimalan komfor i ugodnost. Pored tajica i topa na dugi rukav iz iste kolekcije, Cozy komplet s topom na naramenice jedan je od omiljenih u na\u0161em shopu i vrlo brzo \u0107e zamjeniti va\u0161e dosada\u0161nje favorite. Dolazi u neutralnim, elegantnim bojama koje se uklapaju u ama ba\u0161 sve, pa smo sigurni da \u0107ete ga nositi kad budete i\u0161le u \u0161etnju, na kavu sa prijateljicama, ali i ku\u0107i dok budete gledale svoju omiljenu seriju!<\/p>\n","protected":false},"featured_media":30343,"comment_status":"open","ping_status":"closed","template":"","meta":{"_acf_changed":false},"product_brand":[],"product_cat":[58,214],"product_tag":[],"class_list":{"0":"post-16242","1":"product","2":"type-product","3":"status-publish","4":"has-post-thumbnail","6":"product_cat-sportski-kompleti","7":"product_cat-black-friday","8":"product_shipping_class-tp","10":"first","11":"instock","12":"shipping-taxable","13":"purchasable","14":"product-type-woosg"},"acf":[],"jetpack_sharing_enabled":true,"_links":{"self":[{"href":"https:\/\/hipolita.store\/hr\/wp-json\/wp\/v2\/product\/16242","targetHints":{"allow":["GET"]}}],"collection":[{"href":"https:\/\/hipolita.store\/hr\/wp-json\/wp\/v2\/product"}],"about":[{"href":"https:\/\/hipolita.store\/hr\/wp-json\/wp\/v2\/types\/product"}],"replies":[{"embeddable":true,"href":"https:\/\/hipolita.store\/hr\/wp-json\/wp\/v2\/comments?post=16242"}],"version-history":[{"count":4,"href":"https:\/\/hipolita.store\/hr\/wp-json\/wp\/v2\/product\/16242\/revisions"}],"predecessor-version":[{"id":38719,"href":"https:\/\/hipolita.store\/hr\/wp-json\/wp\/v2\/product\/16242\/revisions\/38719"}],"wp:featuredmedia":[{"embeddable":true,"href":"https:\/\/hipolita.store\/hr\/wp-json\/wp\/v2\/media\/30343"}],"wp:attachment":[{"href":"https:\/\/hipolita.store\/hr\/wp-json\/wp\/v2\/media?parent=16242"}],"wp:term":[{"taxonomy":"product_brand","embeddable":true,"href":"https:\/\/hipolita.store\/hr\/wp-json\/wp\/v2\/product_brand?post=16242"},{"taxonomy":"product_cat","embeddable":true,"href":"https:\/\/hipolita.store\/hr\/wp-json\/wp\/v2\/product_cat?post=16242"},{"taxonomy":"product_tag","embeddable":true,"href":"https:\/\/hipolita.store\/hr\/wp-json\/wp\/v2\/product_tag?post=16242"}],"curies":[{"name":"wp","href":"https:\/\/api.w.org\/{rel}","templated":true}]}}