{"id":16245,"date":"2022-10-26T16:51:37","date_gmt":"2022-10-26T16:51:37","guid":{"rendered":"https:\/\/hipolita.store\/hr\/\/\/?post_type=product&#038;p=16245"},"modified":"2025-12-02T02:01:11","modified_gmt":"2025-12-02T00:01:11","slug":"cozy-black-sorc-top-naramenice","status":"publish","type":"product","link":"https:\/\/hipolita.store\/hr\/cozy-black-sorc-top-naramenice\/","title":{"rendered":"Cozy black komplet \u0161orc + top naramenice"},"content":{"rendered":"","protected":false},"excerpt":{"rendered":"<p>Kako sam naziv ka\u017ee, Cozy modeli obe\u0107avaju maksimalan komfor i udobnost. Pored tajica i topa na naramenice iz iste kolekcije, Cozy komplet koji podrazumijeva \u0161orc i top na naramenice jedan je od omiljenih u na\u0161em shopu i vrlo brzo \u0107e zamjeniti va\u0161e dosada\u0161nje favorite. Dolazi u isprano crnoj boji pa se uklapa u svaku boju tena i odli\u010dno se kombinira s drugim sportskim komadima. Sigurni smo da ga ne\u0107ete nositi samo na trening ve\u0107 i u \u0161etnju, na kavu sa prijateljicama ili kod ku\u0107e dok gledate svoju omiljenu seriju!<\/p>\n","protected":false},"featured_media":30367,"comment_status":"open","ping_status":"closed","template":"","meta":{"_acf_changed":false},"product_brand":[],"product_cat":[58,214],"product_tag":[],"class_list":{"0":"post-16245","1":"product","2":"type-product","3":"status-publish","4":"has-post-thumbnail","6":"product_cat-sportski-kompleti","7":"product_cat-black-friday","8":"product_shipping_class-tp","10":"first","11":"instock","12":"shipping-taxable","13":"purchasable","14":"product-type-woosg"},"acf":[],"jetpack_sharing_enabled":true,"_links":{"self":[{"href":"https:\/\/hipolita.store\/hr\/wp-json\/wp\/v2\/product\/16245","targetHints":{"allow":["GET"]}}],"collection":[{"href":"https:\/\/hipolita.store\/hr\/wp-json\/wp\/v2\/product"}],"about":[{"href":"https:\/\/hipolita.store\/hr\/wp-json\/wp\/v2\/types\/product"}],"replies":[{"embeddable":true,"href":"https:\/\/hipolita.store\/hr\/wp-json\/wp\/v2\/comments?post=16245"}],"version-history":[{"count":4,"href":"https:\/\/hipolita.store\/hr\/wp-json\/wp\/v2\/product\/16245\/revisions"}],"predecessor-version":[{"id":38723,"href":"https:\/\/hipolita.store\/hr\/wp-json\/wp\/v2\/product\/16245\/revisions\/38723"}],"wp:featuredmedia":[{"embeddable":true,"href":"https:\/\/hipolita.store\/hr\/wp-json\/wp\/v2\/media\/30367"}],"wp:attachment":[{"href":"https:\/\/hipolita.store\/hr\/wp-json\/wp\/v2\/media?parent=16245"}],"wp:term":[{"taxonomy":"product_brand","embeddable":true,"href":"https:\/\/hipolita.store\/hr\/wp-json\/wp\/v2\/product_brand?post=16245"},{"taxonomy":"product_cat","embeddable":true,"href":"https:\/\/hipolita.store\/hr\/wp-json\/wp\/v2\/product_cat?post=16245"},{"taxonomy":"product_tag","embeddable":true,"href":"https:\/\/hipolita.store\/hr\/wp-json\/wp\/v2\/product_tag?post=16245"}],"curies":[{"name":"wp","href":"https:\/\/api.w.org\/{rel}","templated":true}]}}