{"id":16531,"date":"2022-10-30T13:02:42","date_gmt":"2022-10-30T13:02:42","guid":{"rendered":"https:\/\/hipolita.store\/hr\/\/\/?post_type=product&#038;p=16531"},"modified":"2025-12-02T02:01:24","modified_gmt":"2025-12-02T00:01:24","slug":"selena-black-komplet-sa-topom-na-naramenice","status":"publish","type":"product","link":"https:\/\/hipolita.store\/hr\/selena-black-komplet-sa-topom-na-naramenice\/","title":{"rendered":"Selena black komplet sa topom na naramenice"},"content":{"rendered":"","protected":false},"excerpt":{"rendered":"<p>Rijetko \u0161to je efektivno kao elegantna klasika bez previ\u0161e detalja. To je upravo ono \u0161to pru\u017ea Selena komplet s topom na naramenice koji je napravljen ba\u0161 po mjerama na\u0161ih modernih ratnica. Seamless tehnologija i \u0161iroki pojas na tajicama izvaja\u0107e vam noge i struk, a top na naramenice ne\u0107ete po\u017eeljeti da skinete koliko je udoban! Dolazi u \u010dak 7 boja koje mo\u017eete nositi zasebno ili ga mo\u017eete kombinirati na razli\u010dite na\u010dine pred svaki novi trening!<\/p>\n","protected":false},"featured_media":30278,"comment_status":"open","ping_status":"closed","template":"","meta":{"_acf_changed":false},"product_brand":[],"product_cat":[58,214],"product_tag":[],"class_list":{"0":"post-16531","1":"product","2":"type-product","3":"status-publish","4":"has-post-thumbnail","6":"product_cat-sportski-kompleti","7":"product_cat-black-friday","8":"product_shipping_class-tp","10":"first","11":"instock","12":"shipping-taxable","13":"purchasable","14":"product-type-woosg"},"acf":[],"jetpack_sharing_enabled":true,"_links":{"self":[{"href":"https:\/\/hipolita.store\/hr\/wp-json\/wp\/v2\/product\/16531","targetHints":{"allow":["GET"]}}],"collection":[{"href":"https:\/\/hipolita.store\/hr\/wp-json\/wp\/v2\/product"}],"about":[{"href":"https:\/\/hipolita.store\/hr\/wp-json\/wp\/v2\/types\/product"}],"replies":[{"embeddable":true,"href":"https:\/\/hipolita.store\/hr\/wp-json\/wp\/v2\/comments?post=16531"}],"version-history":[{"count":4,"href":"https:\/\/hipolita.store\/hr\/wp-json\/wp\/v2\/product\/16531\/revisions"}],"predecessor-version":[{"id":38817,"href":"https:\/\/hipolita.store\/hr\/wp-json\/wp\/v2\/product\/16531\/revisions\/38817"}],"wp:featuredmedia":[{"embeddable":true,"href":"https:\/\/hipolita.store\/hr\/wp-json\/wp\/v2\/media\/30278"}],"wp:attachment":[{"href":"https:\/\/hipolita.store\/hr\/wp-json\/wp\/v2\/media?parent=16531"}],"wp:term":[{"taxonomy":"product_brand","embeddable":true,"href":"https:\/\/hipolita.store\/hr\/wp-json\/wp\/v2\/product_brand?post=16531"},{"taxonomy":"product_cat","embeddable":true,"href":"https:\/\/hipolita.store\/hr\/wp-json\/wp\/v2\/product_cat?post=16531"},{"taxonomy":"product_tag","embeddable":true,"href":"https:\/\/hipolita.store\/hr\/wp-json\/wp\/v2\/product_tag?post=16531"}],"curies":[{"name":"wp","href":"https:\/\/api.w.org\/{rel}","templated":true}]}}