{"id":16566,"date":"2022-10-30T13:26:32","date_gmt":"2022-10-30T13:26:32","guid":{"rendered":"https:\/\/hipolita.store\/hr\/\/\/?post_type=product&#038;p=16566"},"modified":"2025-12-02T02:01:23","modified_gmt":"2025-12-02T00:01:23","slug":"selena-blue-sorc-top-naramenice","status":"publish","type":"product","link":"https:\/\/hipolita.store\/hr\/selena-blue-sorc-top-naramenice\/","title":{"rendered":"Selena blue komplet \u0161orc + top naramenice"},"content":{"rendered":"","protected":false},"excerpt":{"rendered":"<p>Rijetko \u0161to je efektno kao elegantna klasika bez previ\u0161e detalja. To je upravo ono \u0161to pru\u017ea Selena komplet \u0161orc s topom na naramenice koji je napravljen ba\u0161 po mjerama na\u0161ih modernih ratnica. Seamless tehnologija i \u0161iroki pojas na \u0161orcu izvaja\u0107e vam zadnjicu i struk, a top na bretele ne\u0107ete po\u017eeljeti da skinete koliko je udoban! Dolazi u \u010dak 5 boja koje mo\u017eete nositi zasebno ili ga mo\u017eete kombinirati na razli\u010dite na\u010dine pred svaki novi trening!<\/p>\n","protected":false},"featured_media":30239,"comment_status":"open","ping_status":"closed","template":"","meta":{"_acf_changed":false},"product_brand":[],"product_cat":[58,214],"product_tag":[],"class_list":{"0":"post-16566","1":"product","2":"type-product","3":"status-publish","4":"has-post-thumbnail","6":"product_cat-sportski-kompleti","7":"product_cat-black-friday","8":"product_shipping_class-tp","10":"first","11":"instock","12":"shipping-taxable","13":"purchasable","14":"product-type-woosg"},"acf":[],"jetpack_sharing_enabled":true,"_links":{"self":[{"href":"https:\/\/hipolita.store\/hr\/wp-json\/wp\/v2\/product\/16566","targetHints":{"allow":["GET"]}}],"collection":[{"href":"https:\/\/hipolita.store\/hr\/wp-json\/wp\/v2\/product"}],"about":[{"href":"https:\/\/hipolita.store\/hr\/wp-json\/wp\/v2\/types\/product"}],"replies":[{"embeddable":true,"href":"https:\/\/hipolita.store\/hr\/wp-json\/wp\/v2\/comments?post=16566"}],"version-history":[{"count":4,"href":"https:\/\/hipolita.store\/hr\/wp-json\/wp\/v2\/product\/16566\/revisions"}],"predecessor-version":[{"id":38806,"href":"https:\/\/hipolita.store\/hr\/wp-json\/wp\/v2\/product\/16566\/revisions\/38806"}],"wp:featuredmedia":[{"embeddable":true,"href":"https:\/\/hipolita.store\/hr\/wp-json\/wp\/v2\/media\/30239"}],"wp:attachment":[{"href":"https:\/\/hipolita.store\/hr\/wp-json\/wp\/v2\/media?parent=16566"}],"wp:term":[{"taxonomy":"product_brand","embeddable":true,"href":"https:\/\/hipolita.store\/hr\/wp-json\/wp\/v2\/product_brand?post=16566"},{"taxonomy":"product_cat","embeddable":true,"href":"https:\/\/hipolita.store\/hr\/wp-json\/wp\/v2\/product_cat?post=16566"},{"taxonomy":"product_tag","embeddable":true,"href":"https:\/\/hipolita.store\/hr\/wp-json\/wp\/v2\/product_tag?post=16566"}],"curies":[{"name":"wp","href":"https:\/\/api.w.org\/{rel}","templated":true}]}}