{"id":18199,"date":"2022-12-28T20:33:23","date_gmt":"2022-12-28T20:33:23","guid":{"rendered":"https:\/\/hipolita.store\/hr\/\/\/?post_type=product&#038;p=18199"},"modified":"2026-03-03T11:57:06","modified_gmt":"2026-03-03T09:57:06","slug":"perfect-body-brown-top-na-dug-rukav","status":"publish","type":"product","link":"https:\/\/hipolita.store\/hr\/perfect-body-brown-top-na-dug-rukav\/","title":{"rendered":"Perfect body brown top na dug rukav"},"content":{"rendered":"","protected":false},"excerpt":{"rendered":"<p>Na\u0161a popularna Perfect body kolekcija je uvrstila topove na dug rukav kako biste zaista upotpunili va\u0161u sportsku opremu i postigli savr\u0161en izgled. Prilikom kreiranja ove kolekcije, odabrali smo unikatnu kombinaciju visokokvalitetnih materijala, vlakna visokih performansi, spandex i poliamid, kako bismo pospje\u0161ili va\u0161 progres. Cjelokupna Perfect body linija uklju\u010duje be\u0161avno tkanje i opremu koja ne podrazumijeva kori\u0161tenje \u017eice, \u010dime smo maksimizirali udobnost i komfor tijekom cjelodnevnog no\u0161enja. Svaki sportski topi\u0107 se prilago\u0111ava va\u0161oj individualnoj gra\u0111i tijela, kako bi suptilno i nenapadno naglasio obline, i ujedno podigao va\u0161e samopouzdanje.<\/p>\n","protected":false},"featured_media":29993,"comment_status":"open","ping_status":"closed","template":"","meta":{"_acf_changed":false},"product_brand":[],"product_cat":[61,214],"product_tag":[],"class_list":{"0":"post-18199","1":"product","2":"type-product","3":"status-publish","4":"has-post-thumbnail","6":"product_cat-sportski-topovi","7":"product_cat-black-friday","8":"product_shipping_class-lp","10":"first","11":"instock","12":"shipping-taxable","13":"purchasable","14":"product-type-variable"},"acf":[],"jetpack_sharing_enabled":true,"_links":{"self":[{"href":"https:\/\/hipolita.store\/hr\/wp-json\/wp\/v2\/product\/18199","targetHints":{"allow":["GET"]}}],"collection":[{"href":"https:\/\/hipolita.store\/hr\/wp-json\/wp\/v2\/product"}],"about":[{"href":"https:\/\/hipolita.store\/hr\/wp-json\/wp\/v2\/types\/product"}],"replies":[{"embeddable":true,"href":"https:\/\/hipolita.store\/hr\/wp-json\/wp\/v2\/comments?post=18199"}],"version-history":[{"count":4,"href":"https:\/\/hipolita.store\/hr\/wp-json\/wp\/v2\/product\/18199\/revisions"}],"predecessor-version":[{"id":38766,"href":"https:\/\/hipolita.store\/hr\/wp-json\/wp\/v2\/product\/18199\/revisions\/38766"}],"wp:featuredmedia":[{"embeddable":true,"href":"https:\/\/hipolita.store\/hr\/wp-json\/wp\/v2\/media\/29993"}],"wp:attachment":[{"href":"https:\/\/hipolita.store\/hr\/wp-json\/wp\/v2\/media?parent=18199"}],"wp:term":[{"taxonomy":"product_brand","embeddable":true,"href":"https:\/\/hipolita.store\/hr\/wp-json\/wp\/v2\/product_brand?post=18199"},{"taxonomy":"product_cat","embeddable":true,"href":"https:\/\/hipolita.store\/hr\/wp-json\/wp\/v2\/product_cat?post=18199"},{"taxonomy":"product_tag","embeddable":true,"href":"https:\/\/hipolita.store\/hr\/wp-json\/wp\/v2\/product_tag?post=18199"}],"curies":[{"name":"wp","href":"https:\/\/api.w.org\/{rel}","templated":true}]}}