{"id":18208,"date":"2022-12-28T20:58:57","date_gmt":"2022-12-28T20:58:57","guid":{"rendered":"https:\/\/hipolita.store\/hr\/\/\/?post_type=product&#038;p=18208"},"modified":"2026-03-08T17:30:49","modified_gmt":"2026-03-08T15:30:49","slug":"fiona-blackwhite-top-na-dug-rukav","status":"publish","type":"product","link":"https:\/\/hipolita.store\/hr\/fiona-blackwhite-top-na-dug-rukav\/","title":{"rendered":"Fiona black&#038;white top na dug rukav"},"content":{"rendered":"","protected":false},"excerpt":{"rendered":"<p>Na\u0161a Fiona linija \u017eenske sportske opreme je u svoju kolekciju uvrstila i \u017eenski top za trening na dug rukav. Ova varijanta je savr\u0161ena za prohladne zimske i jesenje dane, usljed \u010dinjenice da ovaj fintess aset uspje\u0161no zadr\u017eava toplotu pomo\u0107u svog efektnog izolacionog svojstva. Zahvaljuju\u0107i be\u0161avnom tkanju i prianjaju\u0107em efektu, Fiona top za trening na dug rukav \u0107e se uvijek s lako\u0107om prilagoditi va\u0161oj liniji tela, te ne\u0107e izgubiti oblik tijekom dugotrajnog no\u0161enja. Vjerujemo da ne\u0107ete pogrije\u0161iti s ovim izborom topi\u0107a za trening.<\/p>\n","protected":false},"featured_media":29985,"comment_status":"open","ping_status":"closed","template":"","meta":{"_acf_changed":false},"product_brand":[],"product_cat":[61,214],"product_tag":[],"class_list":{"0":"post-18208","1":"product","2":"type-product","3":"status-publish","4":"has-post-thumbnail","6":"product_cat-sportski-topovi","7":"product_cat-black-friday","8":"product_shipping_class-lp","10":"first","11":"instock","12":"shipping-taxable","13":"purchasable","14":"product-type-variable"},"acf":[],"jetpack_sharing_enabled":true,"_links":{"self":[{"href":"https:\/\/hipolita.store\/hr\/wp-json\/wp\/v2\/product\/18208","targetHints":{"allow":["GET"]}}],"collection":[{"href":"https:\/\/hipolita.store\/hr\/wp-json\/wp\/v2\/product"}],"about":[{"href":"https:\/\/hipolita.store\/hr\/wp-json\/wp\/v2\/types\/product"}],"replies":[{"embeddable":true,"href":"https:\/\/hipolita.store\/hr\/wp-json\/wp\/v2\/comments?post=18208"}],"version-history":[{"count":3,"href":"https:\/\/hipolita.store\/hr\/wp-json\/wp\/v2\/product\/18208\/revisions"}],"predecessor-version":[{"id":38822,"href":"https:\/\/hipolita.store\/hr\/wp-json\/wp\/v2\/product\/18208\/revisions\/38822"}],"wp:featuredmedia":[{"embeddable":true,"href":"https:\/\/hipolita.store\/hr\/wp-json\/wp\/v2\/media\/29985"}],"wp:attachment":[{"href":"https:\/\/hipolita.store\/hr\/wp-json\/wp\/v2\/media?parent=18208"}],"wp:term":[{"taxonomy":"product_brand","embeddable":true,"href":"https:\/\/hipolita.store\/hr\/wp-json\/wp\/v2\/product_brand?post=18208"},{"taxonomy":"product_cat","embeddable":true,"href":"https:\/\/hipolita.store\/hr\/wp-json\/wp\/v2\/product_cat?post=18208"},{"taxonomy":"product_tag","embeddable":true,"href":"https:\/\/hipolita.store\/hr\/wp-json\/wp\/v2\/product_tag?post=18208"}],"curies":[{"name":"wp","href":"https:\/\/api.w.org\/{rel}","templated":true}]}}