{"id":18345,"date":"2022-12-30T18:47:48","date_gmt":"2022-12-30T16:47:48","guid":{"rendered":"https:\/\/hipolita.store\/hr\/\/\/?post_type=product&#038;p=18345"},"modified":"2026-04-16T16:24:53","modified_gmt":"2026-04-16T14:24:53","slug":"maya-platinum-push-up-tajice","status":"publish","type":"product","link":"https:\/\/hipolita.store\/hr\/maya-platinum-push-up-tajice\/","title":{"rendered":"Maya platinum push up tajice"},"content":{"rendered":"","protected":false},"excerpt":{"rendered":"<p>Cjelokupna kolekcija je skrojena uz pomo\u0107 seamless tehnologije, koja garantira postojanost i izdr\u017eljivost materijala. Zahvaljuju\u0107i njoj, va\u0161e tajice se ne\u0107e izdeformirati tijekom no\u0161enja, te \u0107ete va\u0161em novom omiljenom komadu sportske odje\u0107e mo\u0107i da se vra\u0107ate konstantno. Ako ste pristalica unikatnih printova i kvalitetnog kroja, Maya peach push-up tajice su definitivno izbor za vas. Maya kolekcija push-up tajica spaja jednostavne tonove s kompleksnim dizajnom, te je idealan izbor za sve one koje \u017eele atraktivan izgled, a da pritom ne kompromiziraju prakti\u010dnost. S Maya kolekcijom push-up tajice ne\u0107ete morati da se optere\u0107ujete oko \u010dinjenice ho\u0107e li se tkanina raste\u0107i vremenom, kao ni ho\u0107e li se prozirati tijekom saginjanja i hodanja.<\/p>\n","protected":false},"featured_media":29273,"comment_status":"open","ping_status":"closed","template":"","meta":{"_acf_changed":false},"product_brand":[],"product_cat":[57,186],"product_tag":[159],"class_list":{"0":"post-18345","1":"product","2":"type-product","3":"status-publish","4":"has-post-thumbnail","6":"product_cat-push-up-tajice","7":"product_cat-outlet","8":"product_tag-black-friday","9":"product_shipping_class-lp","11":"first","12":"instock","13":"sale","14":"shipping-taxable","15":"purchasable","16":"product-type-variable"},"acf":[],"jetpack_sharing_enabled":true,"_links":{"self":[{"href":"https:\/\/hipolita.store\/hr\/wp-json\/wp\/v2\/product\/18345","targetHints":{"allow":["GET"]}}],"collection":[{"href":"https:\/\/hipolita.store\/hr\/wp-json\/wp\/v2\/product"}],"about":[{"href":"https:\/\/hipolita.store\/hr\/wp-json\/wp\/v2\/types\/product"}],"replies":[{"embeddable":true,"href":"https:\/\/hipolita.store\/hr\/wp-json\/wp\/v2\/comments?post=18345"}],"version-history":[{"count":3,"href":"https:\/\/hipolita.store\/hr\/wp-json\/wp\/v2\/product\/18345\/revisions"}],"predecessor-version":[{"id":33340,"href":"https:\/\/hipolita.store\/hr\/wp-json\/wp\/v2\/product\/18345\/revisions\/33340"}],"wp:featuredmedia":[{"embeddable":true,"href":"https:\/\/hipolita.store\/hr\/wp-json\/wp\/v2\/media\/29273"}],"wp:attachment":[{"href":"https:\/\/hipolita.store\/hr\/wp-json\/wp\/v2\/media?parent=18345"}],"wp:term":[{"taxonomy":"product_brand","embeddable":true,"href":"https:\/\/hipolita.store\/hr\/wp-json\/wp\/v2\/product_brand?post=18345"},{"taxonomy":"product_cat","embeddable":true,"href":"https:\/\/hipolita.store\/hr\/wp-json\/wp\/v2\/product_cat?post=18345"},{"taxonomy":"product_tag","embeddable":true,"href":"https:\/\/hipolita.store\/hr\/wp-json\/wp\/v2\/product_tag?post=18345"}],"curies":[{"name":"wp","href":"https:\/\/api.w.org\/{rel}","templated":true}]}}