{"id":18425,"date":"2022-12-31T13:31:38","date_gmt":"2022-12-31T13:31:38","guid":{"rendered":"https:\/\/hipolita.store\/hr\/\/\/?post_type=product&#038;p=18425"},"modified":"2025-12-02T02:01:12","modified_gmt":"2025-12-02T00:01:12","slug":"fiona-gray-black-komplet-sa-topom-na-dug-rukav","status":"publish","type":"product","link":"https:\/\/hipolita.store\/hr\/fiona-gray-black-komplet-sa-topom-na-dug-rukav\/","title":{"rendered":"Fiona gray &#038; black komplet sa topom na dug rukav"},"content":{"rendered":"","protected":false},"excerpt":{"rendered":"<p>Da li tragate za komfornim i fleksibilnim sportskim kompletom za trening? &#8211; na\u0161 tim preporu\u010duje tajice i top na dug rukav \u017eenske sportske linije Fiona. Ovaj unikatan komplet je satkan pomo\u0107u kombinacije pa\u017eljivo odabranih materijala, tj. spoja poliesterskih vlakana, poliamida (najlona) i elastina (likre), \u010dime garantira ugodnost tijekom cjelodnevnog no\u0161enja. Ovaj komplet za trening uklju\u010duje nesvakida\u0161nju paletu boja. Ako tragate za atraktivnim i nesvakida\u0161njim \u017eenskim sportskim kompletom, koji \u0107e izvajati va\u0161e tijelo za svega nekoliko sekundi &#8211; isprobajte na\u0161 Fiona komplet za trening.<\/p>\n","protected":false},"featured_media":30882,"comment_status":"open","ping_status":"closed","template":"","meta":{"_acf_changed":false},"product_brand":[],"product_cat":[58,214],"product_tag":[],"class_list":{"0":"post-18425","1":"product","2":"type-product","3":"status-publish","4":"has-post-thumbnail","6":"product_cat-sportski-kompleti","7":"product_cat-black-friday","8":"product_shipping_class-tp","10":"first","11":"instock","12":"shipping-taxable","13":"purchasable","14":"product-type-woosg"},"acf":[],"jetpack_sharing_enabled":true,"_links":{"self":[{"href":"https:\/\/hipolita.store\/hr\/wp-json\/wp\/v2\/product\/18425","targetHints":{"allow":["GET"]}}],"collection":[{"href":"https:\/\/hipolita.store\/hr\/wp-json\/wp\/v2\/product"}],"about":[{"href":"https:\/\/hipolita.store\/hr\/wp-json\/wp\/v2\/types\/product"}],"replies":[{"embeddable":true,"href":"https:\/\/hipolita.store\/hr\/wp-json\/wp\/v2\/comments?post=18425"}],"version-history":[{"count":4,"href":"https:\/\/hipolita.store\/hr\/wp-json\/wp\/v2\/product\/18425\/revisions"}],"predecessor-version":[{"id":38727,"href":"https:\/\/hipolita.store\/hr\/wp-json\/wp\/v2\/product\/18425\/revisions\/38727"}],"wp:featuredmedia":[{"embeddable":true,"href":"https:\/\/hipolita.store\/hr\/wp-json\/wp\/v2\/media\/30882"}],"wp:attachment":[{"href":"https:\/\/hipolita.store\/hr\/wp-json\/wp\/v2\/media?parent=18425"}],"wp:term":[{"taxonomy":"product_brand","embeddable":true,"href":"https:\/\/hipolita.store\/hr\/wp-json\/wp\/v2\/product_brand?post=18425"},{"taxonomy":"product_cat","embeddable":true,"href":"https:\/\/hipolita.store\/hr\/wp-json\/wp\/v2\/product_cat?post=18425"},{"taxonomy":"product_tag","embeddable":true,"href":"https:\/\/hipolita.store\/hr\/wp-json\/wp\/v2\/product_tag?post=18425"}],"curies":[{"name":"wp","href":"https:\/\/api.w.org\/{rel}","templated":true}]}}