{"id":18926,"date":"2023-01-11T14:02:30","date_gmt":"2023-01-11T12:02:30","guid":{"rendered":"https:\/\/hipolita.store\/hr\/\/\/?post_type=product&#038;p=18926"},"modified":"2026-04-08T16:54:02","modified_gmt":"2026-04-08T14:54:02","slug":"dalia-royal-blue-push-up-tajice","status":"publish","type":"product","link":"https:\/\/hipolita.store\/hr\/dalia-royal-blue-push-up-tajice\/","title":{"rendered":"Dalia royal blue push up tajice"},"content":{"rendered":"","protected":false},"excerpt":{"rendered":"<p>Za maksimalnu ugodnost i eleganciju zaslu\u017ene su na\u0161e Dalia push up tajice i sigurni smo da \u0107e ubrzo postati i va\u0161 favorit! Jednobojne su pa ih lako mo\u017eete kombinirati za razli\u010ditim gornjim dijelovima koje ve\u0107 imate, ili s komplet topom ako je to vi\u0161e u va\u0161em stilu. Materijal je vi\u0161e nego prijatan i savr\u0161eno prati liniju va\u0161eg tela, i \u0161to je veoma va\u017eno &#8211; nije proziran. Njihov \u010dvrst pojas naglasit \u0107e vam struk, a nabor na zadnjici pru\u017eit \u0107e push up efekt koji sigurno \u017eelite. U Dalia <a href=\"https:\/\/hipolita.store\/hr\/push-up-tajice\/\">tajicama<\/a> bit \u0107ete u svom najboljem izdanju, pa nema sumnje da \u0107ete po\u017eeljeti da ih nosite i van teretane!<\/p>\n","protected":false},"featured_media":29068,"comment_status":"open","ping_status":"closed","template":"","meta":{"_acf_changed":false},"product_brand":[],"product_cat":[57],"product_tag":[159],"class_list":{"0":"post-18926","1":"product","2":"type-product","3":"status-publish","4":"has-post-thumbnail","6":"product_cat-push-up-tajice","7":"product_tag-black-friday","8":"product_shipping_class-lp","10":"first","11":"instock","12":"shipping-taxable","13":"purchasable","14":"product-type-variable"},"acf":[],"jetpack_sharing_enabled":true,"_links":{"self":[{"href":"https:\/\/hipolita.store\/hr\/wp-json\/wp\/v2\/product\/18926","targetHints":{"allow":["GET"]}}],"collection":[{"href":"https:\/\/hipolita.store\/hr\/wp-json\/wp\/v2\/product"}],"about":[{"href":"https:\/\/hipolita.store\/hr\/wp-json\/wp\/v2\/types\/product"}],"replies":[{"embeddable":true,"href":"https:\/\/hipolita.store\/hr\/wp-json\/wp\/v2\/comments?post=18926"}],"version-history":[{"count":4,"href":"https:\/\/hipolita.store\/hr\/wp-json\/wp\/v2\/product\/18926\/revisions"}],"predecessor-version":[{"id":34264,"href":"https:\/\/hipolita.store\/hr\/wp-json\/wp\/v2\/product\/18926\/revisions\/34264"}],"wp:featuredmedia":[{"embeddable":true,"href":"https:\/\/hipolita.store\/hr\/wp-json\/wp\/v2\/media\/29068"}],"wp:attachment":[{"href":"https:\/\/hipolita.store\/hr\/wp-json\/wp\/v2\/media?parent=18926"}],"wp:term":[{"taxonomy":"product_brand","embeddable":true,"href":"https:\/\/hipolita.store\/hr\/wp-json\/wp\/v2\/product_brand?post=18926"},{"taxonomy":"product_cat","embeddable":true,"href":"https:\/\/hipolita.store\/hr\/wp-json\/wp\/v2\/product_cat?post=18926"},{"taxonomy":"product_tag","embeddable":true,"href":"https:\/\/hipolita.store\/hr\/wp-json\/wp\/v2\/product_tag?post=18926"}],"curies":[{"name":"wp","href":"https:\/\/api.w.org\/{rel}","templated":true}]}}