{"id":18969,"date":"2023-01-11T14:35:36","date_gmt":"2023-01-11T14:35:36","guid":{"rendered":"https:\/\/hipolita.store\/hr\/\/\/?post_type=product&#038;p=18969"},"modified":"2025-11-15T22:27:55","modified_gmt":"2025-11-15T20:27:55","slug":"dalia-red-top-na-naramenice","status":"publish","type":"product","link":"https:\/\/hipolita.store\/hr\/dalia-red-top-na-naramenice\/","title":{"rendered":"Dalia red top na naramenice"},"content":{"rendered":"","protected":false},"excerpt":{"rendered":"<p>Atraktivan gornji dio koji jednostavno morate imati je na\u0161 Dalia <a href=\"https:\/\/hipolita.store\/hr\/sportski-topovi\/\">top na naramenice<\/a>. Dovoljno je \u010dvrst da sve dr\u017ei na mjestu \u010dak i kada tr\u010dite ili trenirate punom parom! Modernog je dizajna, ima 4 naramenice koje se ukr\u0161taju na le\u0111ima i mo\u017eete ga u potpunosti prilagoditi svom obliku tijela. Savr\u0161eno se kombinira s Dalia tajicama, ali i na\u0161im drugim seamless modelima jer je jednostavan i moderan. Dry-fit tehnologija proizvela je ovaj materijal koji se brzo su\u0161i i pru\u017ea efekt rashla\u0111ivanja, pa smo sigurni da \u0107e ovaj top ubrzo postati i va\u0161 favorit!<\/p>\n","protected":false},"featured_media":29619,"comment_status":"open","ping_status":"closed","template":"","meta":{"_acf_changed":false},"product_brand":[],"product_cat":[61],"product_tag":[159],"class_list":{"0":"post-18969","1":"product","2":"type-product","3":"status-publish","4":"has-post-thumbnail","6":"product_cat-sportski-topovi","7":"product_tag-black-friday","8":"product_shipping_class-lp","10":"first","11":"instock","12":"shipping-taxable","13":"purchasable","14":"product-type-variable"},"acf":[],"jetpack_sharing_enabled":true,"_links":{"self":[{"href":"https:\/\/hipolita.store\/hr\/wp-json\/wp\/v2\/product\/18969","targetHints":{"allow":["GET"]}}],"collection":[{"href":"https:\/\/hipolita.store\/hr\/wp-json\/wp\/v2\/product"}],"about":[{"href":"https:\/\/hipolita.store\/hr\/wp-json\/wp\/v2\/types\/product"}],"replies":[{"embeddable":true,"href":"https:\/\/hipolita.store\/hr\/wp-json\/wp\/v2\/comments?post=18969"}],"version-history":[{"count":4,"href":"https:\/\/hipolita.store\/hr\/wp-json\/wp\/v2\/product\/18969\/revisions"}],"predecessor-version":[{"id":34261,"href":"https:\/\/hipolita.store\/hr\/wp-json\/wp\/v2\/product\/18969\/revisions\/34261"}],"wp:featuredmedia":[{"embeddable":true,"href":"https:\/\/hipolita.store\/hr\/wp-json\/wp\/v2\/media\/29619"}],"wp:attachment":[{"href":"https:\/\/hipolita.store\/hr\/wp-json\/wp\/v2\/media?parent=18969"}],"wp:term":[{"taxonomy":"product_brand","embeddable":true,"href":"https:\/\/hipolita.store\/hr\/wp-json\/wp\/v2\/product_brand?post=18969"},{"taxonomy":"product_cat","embeddable":true,"href":"https:\/\/hipolita.store\/hr\/wp-json\/wp\/v2\/product_cat?post=18969"},{"taxonomy":"product_tag","embeddable":true,"href":"https:\/\/hipolita.store\/hr\/wp-json\/wp\/v2\/product_tag?post=18969"}],"curies":[{"name":"wp","href":"https:\/\/api.w.org\/{rel}","templated":true}]}}