{"id":19172,"date":"2023-01-13T13:14:15","date_gmt":"2023-01-13T13:14:15","guid":{"rendered":"https:\/\/hipolita.store\/hr\/\/\/?post_type=product&#038;p=19172"},"modified":"2025-09-19T15:23:17","modified_gmt":"2025-09-19T13:23:17","slug":"dalia-black-komplet-sa-topom-na-naramenice","status":"publish","type":"product","link":"https:\/\/hipolita.store\/hr\/dalia-black-komplet-sa-topom-na-naramenice\/","title":{"rendered":"Dalia black komplet sa topom na naramenice"},"content":{"rendered":"","protected":false},"excerpt":{"rendered":"<p>U ovom atraktivnom modelu ne\u0107ete ostati nezapa\u017eene. Dalia komplet obe\u0107ava maksimalnu ugodnost i lako\u0107u pokreta, dok na najbolji na\u010din isti\u010de va\u0161e obline. Seamless tehnologija bez upadljivih \u0161avova omogu\u0107ava savr\u0161eno prianjanje uz va\u0161e tijelo, a dry-fit materijal koji se brzo su\u0161i odli\u010dan je za treninge bilo kog intenziteta! Dalia komplet dolazi u \u010detiri boje, pa ga mo\u017eete nositi kao jednostavan, neutralan set, a mo\u017eete zasijati i u njegovim varijantama u jarkim bojama!<\/p>\n","protected":false},"featured_media":29973,"comment_status":"open","ping_status":"closed","template":"","meta":{"_acf_changed":false},"product_brand":[],"product_cat":[58],"product_tag":[159],"class_list":{"0":"post-19172","1":"product","2":"type-product","3":"status-publish","4":"has-post-thumbnail","6":"product_cat-sportski-kompleti","7":"product_tag-black-friday","8":"product_shipping_class-tp","10":"first","11":"instock","12":"shipping-taxable","13":"purchasable","14":"product-type-woosg"},"acf":[],"jetpack_sharing_enabled":true,"_links":{"self":[{"href":"https:\/\/hipolita.store\/hr\/wp-json\/wp\/v2\/product\/19172","targetHints":{"allow":["GET"]}}],"collection":[{"href":"https:\/\/hipolita.store\/hr\/wp-json\/wp\/v2\/product"}],"about":[{"href":"https:\/\/hipolita.store\/hr\/wp-json\/wp\/v2\/types\/product"}],"replies":[{"embeddable":true,"href":"https:\/\/hipolita.store\/hr\/wp-json\/wp\/v2\/comments?post=19172"}],"version-history":[{"count":3,"href":"https:\/\/hipolita.store\/hr\/wp-json\/wp\/v2\/product\/19172\/revisions"}],"predecessor-version":[{"id":33494,"href":"https:\/\/hipolita.store\/hr\/wp-json\/wp\/v2\/product\/19172\/revisions\/33494"}],"wp:featuredmedia":[{"embeddable":true,"href":"https:\/\/hipolita.store\/hr\/wp-json\/wp\/v2\/media\/29973"}],"wp:attachment":[{"href":"https:\/\/hipolita.store\/hr\/wp-json\/wp\/v2\/media?parent=19172"}],"wp:term":[{"taxonomy":"product_brand","embeddable":true,"href":"https:\/\/hipolita.store\/hr\/wp-json\/wp\/v2\/product_brand?post=19172"},{"taxonomy":"product_cat","embeddable":true,"href":"https:\/\/hipolita.store\/hr\/wp-json\/wp\/v2\/product_cat?post=19172"},{"taxonomy":"product_tag","embeddable":true,"href":"https:\/\/hipolita.store\/hr\/wp-json\/wp\/v2\/product_tag?post=19172"}],"curies":[{"name":"wp","href":"https:\/\/api.w.org\/{rel}","templated":true}]}}