{"id":19460,"date":"2023-01-26T10:44:15","date_gmt":"2023-01-26T10:44:15","guid":{"rendered":"https:\/\/hipolita.store\/hr\/\/\/?post_type=product&#038;p=19460"},"modified":"2026-01-30T13:58:17","modified_gmt":"2026-01-30T11:58:17","slug":"cozy-black-top-na-dug-rukav","status":"publish","type":"product","link":"https:\/\/hipolita.store\/hr\/cozy-black-top-na-dug-rukav\/","title":{"rendered":"Cozy black top na dug rukav"},"content":{"rendered":"","protected":false},"excerpt":{"rendered":"<p>Kako sam naziv ka\u017ee, Cozy modeli obe\u0107avaju maksimalan komfor i ugodnost. Pored tajica i topa na naramenice iz iste kolekcije, Cozy <a href=\"https:\/\/hipolita.store\/hr\/sportski-topovi\/\">topi\u0107<\/a> na dugi rukav jedan je od omiljenih u na\u0161em shopu i vrlo brzo \u0107e zamjeniti va\u0161e dosada\u0161nje favorite. Iako je predvi\u0111eno da se kombinira s tajicama, savr\u0161eno \u0107e se uklopiti \u010dak i uz jeans, jer dolazi u neutralnim, elegantnim bojama koje se uklapaju u ama ba\u0161 sve!<\/p>\n","protected":false},"featured_media":29340,"comment_status":"open","ping_status":"closed","template":"","meta":{"_acf_changed":false},"product_brand":[],"product_cat":[61,214],"product_tag":[],"class_list":{"0":"post-19460","1":"product","2":"type-product","3":"status-publish","4":"has-post-thumbnail","6":"product_cat-sportski-topovi","7":"product_cat-black-friday","8":"product_shipping_class-lp","10":"first","11":"instock","12":"shipping-taxable","13":"purchasable","14":"product-type-variable"},"acf":[],"jetpack_sharing_enabled":true,"_links":{"self":[{"href":"https:\/\/hipolita.store\/hr\/wp-json\/wp\/v2\/product\/19460","targetHints":{"allow":["GET"]}}],"collection":[{"href":"https:\/\/hipolita.store\/hr\/wp-json\/wp\/v2\/product"}],"about":[{"href":"https:\/\/hipolita.store\/hr\/wp-json\/wp\/v2\/types\/product"}],"replies":[{"embeddable":true,"href":"https:\/\/hipolita.store\/hr\/wp-json\/wp\/v2\/comments?post=19460"}],"version-history":[{"count":4,"href":"https:\/\/hipolita.store\/hr\/wp-json\/wp\/v2\/product\/19460\/revisions"}],"predecessor-version":[{"id":38722,"href":"https:\/\/hipolita.store\/hr\/wp-json\/wp\/v2\/product\/19460\/revisions\/38722"}],"wp:featuredmedia":[{"embeddable":true,"href":"https:\/\/hipolita.store\/hr\/wp-json\/wp\/v2\/media\/29340"}],"wp:attachment":[{"href":"https:\/\/hipolita.store\/hr\/wp-json\/wp\/v2\/media?parent=19460"}],"wp:term":[{"taxonomy":"product_brand","embeddable":true,"href":"https:\/\/hipolita.store\/hr\/wp-json\/wp\/v2\/product_brand?post=19460"},{"taxonomy":"product_cat","embeddable":true,"href":"https:\/\/hipolita.store\/hr\/wp-json\/wp\/v2\/product_cat?post=19460"},{"taxonomy":"product_tag","embeddable":true,"href":"https:\/\/hipolita.store\/hr\/wp-json\/wp\/v2\/product_tag?post=19460"}],"curies":[{"name":"wp","href":"https:\/\/api.w.org\/{rel}","templated":true}]}}