{"id":37355,"date":"2025-09-05T10:49:19","date_gmt":"2025-09-05T08:49:19","guid":{"rendered":"https:\/\/hipolita.store\/hr\/?post_type=product&#038;p=37355"},"modified":"2025-11-28T17:40:02","modified_gmt":"2025-11-28T15:40:02","slug":"zira-black-zvoncare","status":"publish","type":"product","link":"https:\/\/hipolita.store\/hr\/zira-black-zvoncare\/","title":{"rendered":"Zira black trapez tajice"},"content":{"rendered":"","protected":false},"excerpt":{"rendered":"<p>Za sve one koji \u017eele osvje\u017eiti svoju sportsku garderobu, Zira trapez tajice s V-naborom na remenu predstavljaju savr\u0161enu kombinaciju stila i funkcionalnosti. Ove trapez tajice nisu samo estetski ugodne, ve\u0107 su i izuzetno udobne, zahvaljuju\u0107i visokom struku koji se sprijeda preklapa u V oblik. Ovaj jedinstveni kroj suptilno oblikuje struk, dok push-up efekt dodatno nagla\u0161ava i podi\u017ee stra\u017enjicu, daju\u0107i figuri prekrasan oblik.<\/p>\n<p>Materijal je elasti\u010dan, neproziran dri-fit koji omogu\u0107uje potpunu slobodu kretanja i osje\u0107aj udobnosti, bilo da radite intenzivne vje\u017ebe ili se opu\u0161tate tijekom dana. Ra\u0161irene nogavice koje se \u0161ire od koljena prema dolje doprinose elegantnom, izdu\u017eenom izgledu nogavica, \u0161to ove tajice \u010dini idealnim izborom ne samo za trening ve\u0107 i za svakodnevne aktivnosti.<\/p>\n<p>Lako se kombiniraju s razli\u010ditim stilovima, u\u017eivat \u0107ete u njihovoj svestranosti &#8211; bilo da ih nosite u teretani ili u \u0161etnji, u njima \u0107ete se osje\u0107ati i izgledati sjajno gdje god da krenete.<\/p>\n","protected":false},"featured_media":38219,"comment_status":"open","ping_status":"closed","template":"","meta":{"_acf_changed":false},"product_brand":[],"product_cat":[57,185],"product_tag":[172,70,173],"class_list":{"0":"post-37355","1":"product","2":"type-product","3":"status-publish","4":"has-post-thumbnail","6":"product_cat-push-up-tajice","7":"product_cat-trapez-tajice-2","8":"product_tag-crne-helanke","9":"product_tag-nova-kolekcija","10":"product_tag-xl-modeli-helanki","11":"product_shipping_class-lp","13":"first","14":"instock","15":"shipping-taxable","16":"purchasable","17":"product-type-variable"},"acf":[],"jetpack_sharing_enabled":true,"_links":{"self":[{"href":"https:\/\/hipolita.store\/hr\/wp-json\/wp\/v2\/product\/37355","targetHints":{"allow":["GET"]}}],"collection":[{"href":"https:\/\/hipolita.store\/hr\/wp-json\/wp\/v2\/product"}],"about":[{"href":"https:\/\/hipolita.store\/hr\/wp-json\/wp\/v2\/types\/product"}],"replies":[{"embeddable":true,"href":"https:\/\/hipolita.store\/hr\/wp-json\/wp\/v2\/comments?post=37355"}],"version-history":[{"count":5,"href":"https:\/\/hipolita.store\/hr\/wp-json\/wp\/v2\/product\/37355\/revisions"}],"predecessor-version":[{"id":38220,"href":"https:\/\/hipolita.store\/hr\/wp-json\/wp\/v2\/product\/37355\/revisions\/38220"}],"wp:featuredmedia":[{"embeddable":true,"href":"https:\/\/hipolita.store\/hr\/wp-json\/wp\/v2\/media\/38219"}],"wp:attachment":[{"href":"https:\/\/hipolita.store\/hr\/wp-json\/wp\/v2\/media?parent=37355"}],"wp:term":[{"taxonomy":"product_brand","embeddable":true,"href":"https:\/\/hipolita.store\/hr\/wp-json\/wp\/v2\/product_brand?post=37355"},{"taxonomy":"product_cat","embeddable":true,"href":"https:\/\/hipolita.store\/hr\/wp-json\/wp\/v2\/product_cat?post=37355"},{"taxonomy":"product_tag","embeddable":true,"href":"https:\/\/hipolita.store\/hr\/wp-json\/wp\/v2\/product_tag?post=37355"}],"curies":[{"name":"wp","href":"https:\/\/api.w.org\/{rel}","templated":true}]}}