{"id":37360,"date":"2025-09-05T10:49:20","date_gmt":"2025-09-05T08:49:20","guid":{"rendered":"https:\/\/hipolita.store\/hr\/?post_type=product&#038;p=37360"},"modified":"2026-04-08T18:25:58","modified_gmt":"2026-04-08T16:25:58","slug":"masha-black-top-na-kratak-rukav","status":"publish","type":"product","link":"https:\/\/hipolita.store\/hr\/masha-black-top-na-kratak-rukav\/","title":{"rendered":"Masha black top kratkih rukava"},"content":{"rendered":"","protected":false},"excerpt":{"rendered":"<p>Top kratkih rukava Masha dizajniran je za one koji vole jedinstven i odva\u017ean stil. Dizajn ovog modela isti\u010de se otvorenim le\u0111ima, gdje se tanke naramenice isprepli\u0107u na dnu, stvaraju\u0107i atraktivan efekt golih le\u0111a. Ovaj top savr\u0161eno kombinira udobnost i funkcionalnost s modnim detaljima, pru\u017eaju\u0107i dovoljnu potporu \u010dak i tijekom najzahtjevnijih treninga. Izra\u0111en je od neprozirnog Dri-fit materijala koji odr\u017eava va\u0161u ko\u017eu suhom, a uski struk osigurava da top uvijek ostane na mjestu.<\/p>\n<p>Kombinacija jedinstvenog dizajna i kvalitetnih materijala \u010dini top Masa idealnim izborom za sve one koji se \u017eele osje\u0107ati samouvjereno i privla\u010dno, bilo na treningu ili vani.<\/p>\n","protected":false},"featured_media":38134,"comment_status":"open","ping_status":"closed","template":"","meta":{"_acf_changed":false},"product_brand":[],"product_cat":[61],"product_tag":[70],"class_list":{"0":"post-37360","1":"product","2":"type-product","3":"status-publish","4":"has-post-thumbnail","6":"product_cat-sportski-topovi","7":"product_tag-nova-kolekcija","8":"product_shipping_class-lp","10":"first","11":"instock","12":"shipping-taxable","13":"purchasable","14":"product-type-variable"},"acf":[],"jetpack_sharing_enabled":true,"_links":{"self":[{"href":"https:\/\/hipolita.store\/hr\/wp-json\/wp\/v2\/product\/37360","targetHints":{"allow":["GET"]}}],"collection":[{"href":"https:\/\/hipolita.store\/hr\/wp-json\/wp\/v2\/product"}],"about":[{"href":"https:\/\/hipolita.store\/hr\/wp-json\/wp\/v2\/types\/product"}],"replies":[{"embeddable":true,"href":"https:\/\/hipolita.store\/hr\/wp-json\/wp\/v2\/comments?post=37360"}],"version-history":[{"count":5,"href":"https:\/\/hipolita.store\/hr\/wp-json\/wp\/v2\/product\/37360\/revisions"}],"predecessor-version":[{"id":38138,"href":"https:\/\/hipolita.store\/hr\/wp-json\/wp\/v2\/product\/37360\/revisions\/38138"}],"wp:featuredmedia":[{"embeddable":true,"href":"https:\/\/hipolita.store\/hr\/wp-json\/wp\/v2\/media\/38134"}],"wp:attachment":[{"href":"https:\/\/hipolita.store\/hr\/wp-json\/wp\/v2\/media?parent=37360"}],"wp:term":[{"taxonomy":"product_brand","embeddable":true,"href":"https:\/\/hipolita.store\/hr\/wp-json\/wp\/v2\/product_brand?post=37360"},{"taxonomy":"product_cat","embeddable":true,"href":"https:\/\/hipolita.store\/hr\/wp-json\/wp\/v2\/product_cat?post=37360"},{"taxonomy":"product_tag","embeddable":true,"href":"https:\/\/hipolita.store\/hr\/wp-json\/wp\/v2\/product_tag?post=37360"}],"curies":[{"name":"wp","href":"https:\/\/api.w.org\/{rel}","templated":true}]}}