{"id":37370,"date":"2025-09-05T10:49:22","date_gmt":"2025-09-05T08:49:22","guid":{"rendered":"https:\/\/hipolita.store\/hr\/?post_type=product&#038;p=37370"},"modified":"2026-03-25T12:04:12","modified_gmt":"2026-03-25T10:04:12","slug":"leila-brown-push-up-zvoncare","status":"publish","type":"product","link":"https:\/\/hipolita.store\/hr\/leila-brown-push-up-zvoncare\/","title":{"rendered":"Leila brown push up trapez tajice"},"content":{"rendered":"","protected":false},"excerpt":{"rendered":"<p>Ako ste se zasitili klasi\u010dnih tajica, Leila push-up trapez tajice donose pravo osvje\u017eenje va\u0161oj kolekciji. U\u017eivanje u njihovoj udobnosti i prakti\u010dnosti zajam\u010deno je zahvaljuju\u0107i \u0161irokim nogavicama koje pru\u017eaju savr\u0161enu slobodu pokreta. Njihov kroj isti\u010de upravo ono \u0161to \u017eelite, dok visoki struk vizualno su\u017eava va\u0161u figuru. Neprozirni materijal omogu\u0107uje vam da ostanete sigurni \u010dak i tijekom najdubljih \u010du\u010dnjeva, \u0161to ih \u010dini idealnim za svaki trening.<\/p>\n<p>U\u010dinak savr\u0161eno oblikovane stra\u017enjice posti\u017ee se jedinstvenim push-up dizajnom, karakteristi\u010dnim za ovaj model sportske opreme. Dostupne su u nekoliko boja, \u0161to dodatno doprinosi njihovoj svestranosti. Leila trapez tajice savr\u0161ene su ne samo za trening, ve\u0107 i za \u0161etnje i svakodnevne aktivnosti. Mogu\u0107nosti stiliziranja su beskrajne, stoga mislimo da bi svaka djevojka trebala imati barem jedan par u svom ormaru, jer su savr\u0161ene za svaku priliku.<\/p>\n","protected":false},"featured_media":38262,"comment_status":"open","ping_status":"closed","template":"","meta":{"_acf_changed":false},"product_brand":[],"product_cat":[57,185],"product_tag":[70,173],"class_list":{"0":"post-37370","1":"product","2":"type-product","3":"status-publish","4":"has-post-thumbnail","6":"product_cat-push-up-tajice","7":"product_cat-trapez-tajice-2","8":"product_tag-nova-kolekcija","9":"product_tag-xl-modeli-helanki","10":"product_shipping_class-lp","12":"first","13":"instock","14":"shipping-taxable","15":"purchasable","16":"product-type-variable"},"acf":[],"jetpack_sharing_enabled":true,"_links":{"self":[{"href":"https:\/\/hipolita.store\/hr\/wp-json\/wp\/v2\/product\/37370","targetHints":{"allow":["GET"]}}],"collection":[{"href":"https:\/\/hipolita.store\/hr\/wp-json\/wp\/v2\/product"}],"about":[{"href":"https:\/\/hipolita.store\/hr\/wp-json\/wp\/v2\/types\/product"}],"replies":[{"embeddable":true,"href":"https:\/\/hipolita.store\/hr\/wp-json\/wp\/v2\/comments?post=37370"}],"version-history":[{"count":5,"href":"https:\/\/hipolita.store\/hr\/wp-json\/wp\/v2\/product\/37370\/revisions"}],"predecessor-version":[{"id":38266,"href":"https:\/\/hipolita.store\/hr\/wp-json\/wp\/v2\/product\/37370\/revisions\/38266"}],"wp:featuredmedia":[{"embeddable":true,"href":"https:\/\/hipolita.store\/hr\/wp-json\/wp\/v2\/media\/38262"}],"wp:attachment":[{"href":"https:\/\/hipolita.store\/hr\/wp-json\/wp\/v2\/media?parent=37370"}],"wp:term":[{"taxonomy":"product_brand","embeddable":true,"href":"https:\/\/hipolita.store\/hr\/wp-json\/wp\/v2\/product_brand?post=37370"},{"taxonomy":"product_cat","embeddable":true,"href":"https:\/\/hipolita.store\/hr\/wp-json\/wp\/v2\/product_cat?post=37370"},{"taxonomy":"product_tag","embeddable":true,"href":"https:\/\/hipolita.store\/hr\/wp-json\/wp\/v2\/product_tag?post=37370"}],"curies":[{"name":"wp","href":"https:\/\/api.w.org\/{rel}","templated":true}]}}