{"id":37372,"date":"2025-09-05T10:49:22","date_gmt":"2025-09-05T08:49:22","guid":{"rendered":"https:\/\/hipolita.store\/hr\/?post_type=product&#038;p=37372"},"modified":"2026-03-14T20:39:13","modified_gmt":"2026-03-14T18:39:13","slug":"leila-brown-top-na-dug-rukav","status":"publish","type":"product","link":"https:\/\/hipolita.store\/hr\/leila-brown-top-na-dug-rukav\/","title":{"rendered":"Leila brown top na dug rukav"},"content":{"rendered":"","protected":false},"excerpt":{"rendered":"<p>Leila top dugih rukava odi\u0161e sofisticirano\u0161\u0107u i stilom, savr\u0161en za moderne \u017eene koje \u017eele prakti\u010dnost i eleganciju u svojoj svakodnevnoj odjevnoj kombinaciji. Izra\u0111en je od visokokvalitetnih materijala, \u0161to osigurava sigurnost tijekom bilo kojeg treninga ili aktivnosti. Njegova Dri-fit tkanina omogu\u0107uje ko\u017ei da ostane suha, a uski struk osigurava da top ostaje na mjestu tijekom \u0161irokog spektra pokreta. Prednji dio je elegantno krojen, pru\u017eaju\u0107i lijep i prirodan oblik dekoltea, dok materijal pru\u017ea osje\u0107aj udobnosti i \u010dvrsto\u0107e.<\/p>\n<p>Neutralni zemljani tonovi u kojima dolazi, koji su trenutno vrlo popularni, daju topu moderan i sofisticiran izgled, pa se lako uklapa u razli\u010dite modne kombinacije. Posebno se preporu\u010duje uz trapez tajice iz iste kolekcije, ali je dovoljno svestran da se mo\u017ee nositi s bilo kojim donjim dijelom. Ovaj model predstavlja kombinaciju funkcionalnosti i estetike, namijenjen \u017eenama koje \u017eele vrhunski dizajn bez kompromisa u pogledu udobnosti.<\/p>\n","protected":false},"featured_media":38294,"comment_status":"open","ping_status":"closed","template":"","meta":{"_acf_changed":false},"product_brand":[],"product_cat":[61],"product_tag":[70],"class_list":{"0":"post-37372","1":"product","2":"type-product","3":"status-publish","4":"has-post-thumbnail","6":"product_cat-sportski-topovi","7":"product_tag-nova-kolekcija","8":"product_shipping_class-lp","10":"first","11":"instock","12":"shipping-taxable","13":"purchasable","14":"product-type-variable"},"acf":[],"jetpack_sharing_enabled":true,"_links":{"self":[{"href":"https:\/\/hipolita.store\/hr\/wp-json\/wp\/v2\/product\/37372","targetHints":{"allow":["GET"]}}],"collection":[{"href":"https:\/\/hipolita.store\/hr\/wp-json\/wp\/v2\/product"}],"about":[{"href":"https:\/\/hipolita.store\/hr\/wp-json\/wp\/v2\/types\/product"}],"replies":[{"embeddable":true,"href":"https:\/\/hipolita.store\/hr\/wp-json\/wp\/v2\/comments?post=37372"}],"version-history":[{"count":5,"href":"https:\/\/hipolita.store\/hr\/wp-json\/wp\/v2\/product\/37372\/revisions"}],"predecessor-version":[{"id":38298,"href":"https:\/\/hipolita.store\/hr\/wp-json\/wp\/v2\/product\/37372\/revisions\/38298"}],"wp:featuredmedia":[{"embeddable":true,"href":"https:\/\/hipolita.store\/hr\/wp-json\/wp\/v2\/media\/38294"}],"wp:attachment":[{"href":"https:\/\/hipolita.store\/hr\/wp-json\/wp\/v2\/media?parent=37372"}],"wp:term":[{"taxonomy":"product_brand","embeddable":true,"href":"https:\/\/hipolita.store\/hr\/wp-json\/wp\/v2\/product_brand?post=37372"},{"taxonomy":"product_cat","embeddable":true,"href":"https:\/\/hipolita.store\/hr\/wp-json\/wp\/v2\/product_cat?post=37372"},{"taxonomy":"product_tag","embeddable":true,"href":"https:\/\/hipolita.store\/hr\/wp-json\/wp\/v2\/product_tag?post=37372"}],"curies":[{"name":"wp","href":"https:\/\/api.w.org\/{rel}","templated":true}]}}