{"id":37376,"date":"2025-09-05T10:49:23","date_gmt":"2025-09-05T08:49:23","guid":{"rendered":"https:\/\/hipolita.store\/hr\/?post_type=product&#038;p=37376"},"modified":"2026-04-09T23:06:52","modified_gmt":"2026-04-09T21:06:52","slug":"telma-black-helanke-za-trening","status":"publish","type":"product","link":"https:\/\/hipolita.store\/hr\/telma-black-helanke-za-trening\/","title":{"rendered":"Telma black tajice za trening"},"content":{"rendered":"","protected":false},"excerpt":{"rendered":"<p>Telma tajice kombiniraju jedinstveni dizajn i prakti\u010dnost, \u0161to ih \u010dini neizostavnim dijelom va\u0161e aktivne garderobe. Ono \u0161to ovaj model \u010dini prepoznatljivim je remen koji ima blagi nabor straga i V oblik na stra\u017enjoj strani koji laska liniji tijela i pru\u017ea dodatnu definiciju. Prakti\u010dnost je podignuta na vi\u0161u razinu zahvaljuju\u0107i d\u017eepovima s obje strane, \u010diji se \u0161avovi prote\u017eu cijelom duljinom noge, dodaju\u0107i dinami\u010dan i moderan izgled. Izra\u0111ene su od neprozirnog materijala, \u0161to osigurava potpunu sigurnost i samopouzdanje tijekom svih vrsta vje\u017ebi. Za razliku od push up modela, Telma tajice imaju elasti\u010dni nabor, odr\u017eavaju\u0107i elegantnu i sportsku siluetu.<\/p>\n","protected":false},"featured_media":38170,"comment_status":"open","ping_status":"closed","template":"","meta":{"_acf_changed":false},"product_brand":[],"product_cat":[57],"product_tag":[70,173],"class_list":{"0":"post-37376","1":"product","2":"type-product","3":"status-publish","4":"has-post-thumbnail","6":"product_cat-push-up-tajice","7":"product_tag-nova-kolekcija","8":"product_tag-xl-modeli-helanki","9":"product_shipping_class-lp","11":"first","12":"instock","13":"shipping-taxable","14":"purchasable","15":"product-type-variable"},"acf":[],"jetpack_sharing_enabled":true,"_links":{"self":[{"href":"https:\/\/hipolita.store\/hr\/wp-json\/wp\/v2\/product\/37376","targetHints":{"allow":["GET"]}}],"collection":[{"href":"https:\/\/hipolita.store\/hr\/wp-json\/wp\/v2\/product"}],"about":[{"href":"https:\/\/hipolita.store\/hr\/wp-json\/wp\/v2\/types\/product"}],"replies":[{"embeddable":true,"href":"https:\/\/hipolita.store\/hr\/wp-json\/wp\/v2\/comments?post=37376"}],"version-history":[{"count":5,"href":"https:\/\/hipolita.store\/hr\/wp-json\/wp\/v2\/product\/37376\/revisions"}],"predecessor-version":[{"id":38176,"href":"https:\/\/hipolita.store\/hr\/wp-json\/wp\/v2\/product\/37376\/revisions\/38176"}],"wp:featuredmedia":[{"embeddable":true,"href":"https:\/\/hipolita.store\/hr\/wp-json\/wp\/v2\/media\/38170"}],"wp:attachment":[{"href":"https:\/\/hipolita.store\/hr\/wp-json\/wp\/v2\/media?parent=37376"}],"wp:term":[{"taxonomy":"product_brand","embeddable":true,"href":"https:\/\/hipolita.store\/hr\/wp-json\/wp\/v2\/product_brand?post=37376"},{"taxonomy":"product_cat","embeddable":true,"href":"https:\/\/hipolita.store\/hr\/wp-json\/wp\/v2\/product_cat?post=37376"},{"taxonomy":"product_tag","embeddable":true,"href":"https:\/\/hipolita.store\/hr\/wp-json\/wp\/v2\/product_tag?post=37376"}],"curies":[{"name":"wp","href":"https:\/\/api.w.org\/{rel}","templated":true}]}}