{"id":37377,"date":"2025-09-05T10:49:23","date_gmt":"2025-09-05T08:49:23","guid":{"rendered":"https:\/\/hipolita.store\/hr\/?post_type=product&#038;p=37377"},"modified":"2025-11-15T22:20:29","modified_gmt":"2025-11-15T20:20:29","slug":"telma-black-top-na-bretele","status":"publish","type":"product","link":"https:\/\/hipolita.store\/hr\/telma-black-top-na-bretele\/","title":{"rendered":"Telma black top na na naramenice"},"content":{"rendered":"","protected":false},"excerpt":{"rendered":"<p>Telma top s naramenicama je atraktivan i elegantan model koji se isti\u010de svojim sofisticiranim dizajnom i pa\u017eljivo odabranim detaljima. S tankim, bijelim, naramenicama koje idu oko vrata, ovaj top pru\u017ea sigurnost i potporu, uz dodatnu dozu stila. Otvorena le\u0111a omogu\u0107uju slobodu pokreta i osje\u0107aj lako\u0107e, dok jednostavan prednji dio s glatkim linijama pru\u017ea \u010dist i \u017eenstven izgled. Izra\u0111en je od elasti\u010dnog, ugodnog materijala koji se savr\u0161eno prilago\u0111ava tijelu.<\/p>\n","protected":false},"featured_media":38182,"comment_status":"open","ping_status":"closed","template":"","meta":{"_acf_changed":false},"product_brand":[],"product_cat":[61],"product_tag":[70],"class_list":{"0":"post-37377","1":"product","2":"type-product","3":"status-publish","4":"has-post-thumbnail","6":"product_cat-sportski-topovi","7":"product_tag-nova-kolekcija","8":"product_shipping_class-lp","10":"first","11":"instock","12":"shipping-taxable","13":"purchasable","14":"product-type-variable"},"acf":[],"jetpack_sharing_enabled":true,"_links":{"self":[{"href":"https:\/\/hipolita.store\/hr\/wp-json\/wp\/v2\/product\/37377","targetHints":{"allow":["GET"]}}],"collection":[{"href":"https:\/\/hipolita.store\/hr\/wp-json\/wp\/v2\/product"}],"about":[{"href":"https:\/\/hipolita.store\/hr\/wp-json\/wp\/v2\/types\/product"}],"replies":[{"embeddable":true,"href":"https:\/\/hipolita.store\/hr\/wp-json\/wp\/v2\/comments?post=37377"}],"version-history":[{"count":5,"href":"https:\/\/hipolita.store\/hr\/wp-json\/wp\/v2\/product\/37377\/revisions"}],"predecessor-version":[{"id":38625,"href":"https:\/\/hipolita.store\/hr\/wp-json\/wp\/v2\/product\/37377\/revisions\/38625"}],"wp:featuredmedia":[{"embeddable":true,"href":"https:\/\/hipolita.store\/hr\/wp-json\/wp\/v2\/media\/38182"}],"wp:attachment":[{"href":"https:\/\/hipolita.store\/hr\/wp-json\/wp\/v2\/media?parent=37377"}],"wp:term":[{"taxonomy":"product_brand","embeddable":true,"href":"https:\/\/hipolita.store\/hr\/wp-json\/wp\/v2\/product_brand?post=37377"},{"taxonomy":"product_cat","embeddable":true,"href":"https:\/\/hipolita.store\/hr\/wp-json\/wp\/v2\/product_cat?post=37377"},{"taxonomy":"product_tag","embeddable":true,"href":"https:\/\/hipolita.store\/hr\/wp-json\/wp\/v2\/product_tag?post=37377"}],"curies":[{"name":"wp","href":"https:\/\/api.w.org\/{rel}","templated":true}]}}