{"id":37387,"date":"2025-09-05T10:49:25","date_gmt":"2025-09-05T08:49:25","guid":{"rendered":"https:\/\/hipolita.store\/hr\/?post_type=product&#038;p=37387"},"modified":"2025-11-15T22:18:15","modified_gmt":"2025-11-15T20:18:15","slug":"ira-bluish-gray-top-na-bretele","status":"publish","type":"product","link":"https:\/\/hipolita.store\/hr\/ira-bluish-gray-top-na-bretele\/","title":{"rendered":"Ira bluish gray top na naramenice"},"content":{"rendered":"","protected":false},"excerpt":{"rendered":"<p>Ira top bez naramenica atraktivan je i funkcionalan komad odje\u0107e dizajniran za one koje vole osje\u0107ati se samopouzdano i slobodno u svakom pokretu. Naramenice idu oko vrata daju\u0107i mu zavodljiv, ali stabilan izgled, dok potpuno otvorena le\u0111a pru\u017eaju osje\u0107aj lako\u0107e i svje\u017eine &#8211; savr\u0161eno za toplije dane ili intenzivan trening.<\/p>\n","protected":false},"featured_media":36873,"comment_status":"closed","ping_status":"closed","template":"","meta":{"_acf_changed":false},"product_brand":[],"product_cat":[61],"product_tag":[70],"class_list":{"0":"post-37387","1":"product","2":"type-product","3":"status-publish","4":"has-post-thumbnail","6":"product_cat-sportski-topovi","7":"product_tag-nova-kolekcija","8":"product_shipping_class-lp","10":"first","11":"instock","12":"shipping-taxable","13":"purchasable","14":"product-type-variable"},"acf":[],"jetpack_sharing_enabled":true,"_links":{"self":[{"href":"https:\/\/hipolita.store\/hr\/wp-json\/wp\/v2\/product\/37387","targetHints":{"allow":["GET"]}}],"collection":[{"href":"https:\/\/hipolita.store\/hr\/wp-json\/wp\/v2\/product"}],"about":[{"href":"https:\/\/hipolita.store\/hr\/wp-json\/wp\/v2\/types\/product"}],"replies":[{"embeddable":true,"href":"https:\/\/hipolita.store\/hr\/wp-json\/wp\/v2\/comments?post=37387"}],"version-history":[{"count":5,"href":"https:\/\/hipolita.store\/hr\/wp-json\/wp\/v2\/product\/37387\/revisions"}],"predecessor-version":[{"id":38623,"href":"https:\/\/hipolita.store\/hr\/wp-json\/wp\/v2\/product\/37387\/revisions\/38623"}],"wp:featuredmedia":[{"embeddable":true,"href":"https:\/\/hipolita.store\/hr\/wp-json\/wp\/v2\/media\/36873"}],"wp:attachment":[{"href":"https:\/\/hipolita.store\/hr\/wp-json\/wp\/v2\/media?parent=37387"}],"wp:term":[{"taxonomy":"product_brand","embeddable":true,"href":"https:\/\/hipolita.store\/hr\/wp-json\/wp\/v2\/product_brand?post=37387"},{"taxonomy":"product_cat","embeddable":true,"href":"https:\/\/hipolita.store\/hr\/wp-json\/wp\/v2\/product_cat?post=37387"},{"taxonomy":"product_tag","embeddable":true,"href":"https:\/\/hipolita.store\/hr\/wp-json\/wp\/v2\/product_tag?post=37387"}],"curies":[{"name":"wp","href":"https:\/\/api.w.org\/{rel}","templated":true}]}}