{"id":37414,"date":"2025-09-05T10:49:50","date_gmt":"2025-09-05T08:49:50","guid":{"rendered":"https:\/\/hipolita.store\/hr\/?post_type=product&#038;p=37414"},"modified":"2026-03-22T14:32:21","modified_gmt":"2026-03-22T12:32:21","slug":"noa-lila-helanke-za-trening","status":"publish","type":"product","link":"https:\/\/hipolita.store\/hr\/noa-lila-helanke-za-trening\/","title":{"rendered":"Noa lila tajice za trening"},"content":{"rendered":"","protected":false},"excerpt":{"rendered":"<p>Noa tajice predstavljaju savr\u0161enu kombinaciju minimalisti\u010dkog dizajna i iznimne udobnosti, a ono \u0161to ovaj model izdvaja od ostalih su dva \u0161ava koja se elegantno prote\u017eu oko struka. Ovaj promi\u0161ljeni detalj ne samo da doprinosi jedinstvenom izgledu tajica, ve\u0107 u kombinaciji s dubokim, elasti\u010dnim pojasom, lijepo oblikuje struk i osigurava da tajice ostanu \u010dvrsto na mjestu tijekom svih va\u0161ih aktivnosti.<\/p>\n<p>Noa tajice nemaju nabore na stra\u017enjici, \u010dime zadr\u017eavaju svoju \u010distu i sofisticiranu liniju. Izra\u0111ene su od neprozirnog materijala, pru\u017eaju\u0107i vam potpunu sigurnost i slobodu kretanja tijekom \u010du\u010dnjeva, istezanja i drugih vje\u017ebi. Dostupne su u pet mekih, pastelnih boja, \u0161to vam omogu\u0107uje da ih lako uskladite s raznim sportskim i le\u017eernim odjevnim kombinacijama.<\/p>\n","protected":false},"featured_media":38116,"comment_status":"closed","ping_status":"closed","template":"","meta":{"_acf_changed":false},"product_brand":[],"product_cat":[57],"product_tag":[70],"class_list":{"0":"post-37414","1":"product","2":"type-product","3":"status-publish","4":"has-post-thumbnail","6":"product_cat-push-up-tajice","7":"product_tag-nova-kolekcija","8":"product_shipping_class-lp","10":"first","11":"instock","12":"shipping-taxable","13":"purchasable","14":"product-type-variable"},"acf":[],"jetpack_sharing_enabled":true,"_links":{"self":[{"href":"https:\/\/hipolita.store\/hr\/wp-json\/wp\/v2\/product\/37414","targetHints":{"allow":["GET"]}}],"collection":[{"href":"https:\/\/hipolita.store\/hr\/wp-json\/wp\/v2\/product"}],"about":[{"href":"https:\/\/hipolita.store\/hr\/wp-json\/wp\/v2\/types\/product"}],"replies":[{"embeddable":true,"href":"https:\/\/hipolita.store\/hr\/wp-json\/wp\/v2\/comments?post=37414"}],"version-history":[{"count":5,"href":"https:\/\/hipolita.store\/hr\/wp-json\/wp\/v2\/product\/37414\/revisions"}],"predecessor-version":[{"id":38118,"href":"https:\/\/hipolita.store\/hr\/wp-json\/wp\/v2\/product\/37414\/revisions\/38118"}],"wp:featuredmedia":[{"embeddable":true,"href":"https:\/\/hipolita.store\/hr\/wp-json\/wp\/v2\/media\/38116"}],"wp:attachment":[{"href":"https:\/\/hipolita.store\/hr\/wp-json\/wp\/v2\/media?parent=37414"}],"wp:term":[{"taxonomy":"product_brand","embeddable":true,"href":"https:\/\/hipolita.store\/hr\/wp-json\/wp\/v2\/product_brand?post=37414"},{"taxonomy":"product_cat","embeddable":true,"href":"https:\/\/hipolita.store\/hr\/wp-json\/wp\/v2\/product_cat?post=37414"},{"taxonomy":"product_tag","embeddable":true,"href":"https:\/\/hipolita.store\/hr\/wp-json\/wp\/v2\/product_tag?post=37414"}],"curies":[{"name":"wp","href":"https:\/\/api.w.org\/{rel}","templated":true}]}}