{"id":37426,"date":"2025-09-05T10:49:53","date_gmt":"2025-09-05T08:49:53","guid":{"rendered":"https:\/\/hipolita.store\/hr\/?post_type=product&#038;p=37426"},"modified":"2025-11-15T22:19:31","modified_gmt":"2025-11-15T20:19:31","slug":"lina-purple-top-na-dug-rukav","status":"publish","type":"product","link":"https:\/\/hipolita.store\/hr\/lina-purple-top-na-dug-rukav\/","title":{"rendered":"Lina purple top na dug rukav"},"content":{"rendered":"","protected":false},"excerpt":{"rendered":"<p>Majica dugih rukava Lina kombinira elegantan dizajn i prakti\u010dnost, savr\u0161ena za trening u hladnijim uvjetima ili kao elegantan dodatak svakodnevnim odjevnim kombinacijama. Zatvorena le\u0111a i dugi rukavi pru\u017eaju dodatnu pokrivenost i udobnost, dok rastezljiv, udoban materijal omogu\u0107uje potpunu slobodu kretanja. Minimalisti\u010dki brending na le\u0111ima dodaje suptilan, sofisticiran detalj koji upotpunjuje \u010dist i moderan izgled. Majica dugih rukava Lina lako se kombinira s tajicama Lina, stvaraju\u0107i funkcionalnu i atraktivnu odjevnu kombinaciju za svaki trenutak u danu.<\/p>\n","protected":false},"featured_media":37015,"comment_status":"closed","ping_status":"closed","template":"","meta":{"_acf_changed":false},"product_brand":[],"product_cat":[61],"product_tag":[70],"class_list":{"0":"post-37426","1":"product","2":"type-product","3":"status-publish","4":"has-post-thumbnail","6":"product_cat-sportski-topovi","7":"product_tag-nova-kolekcija","8":"product_shipping_class-lp","10":"first","11":"instock","12":"shipping-taxable","13":"purchasable","14":"product-type-variable"},"acf":[],"jetpack_sharing_enabled":true,"_links":{"self":[{"href":"https:\/\/hipolita.store\/hr\/wp-json\/wp\/v2\/product\/37426","targetHints":{"allow":["GET"]}}],"collection":[{"href":"https:\/\/hipolita.store\/hr\/wp-json\/wp\/v2\/product"}],"about":[{"href":"https:\/\/hipolita.store\/hr\/wp-json\/wp\/v2\/types\/product"}],"replies":[{"embeddable":true,"href":"https:\/\/hipolita.store\/hr\/wp-json\/wp\/v2\/comments?post=37426"}],"version-history":[{"count":5,"href":"https:\/\/hipolita.store\/hr\/wp-json\/wp\/v2\/product\/37426\/revisions"}],"predecessor-version":[{"id":38901,"href":"https:\/\/hipolita.store\/hr\/wp-json\/wp\/v2\/product\/37426\/revisions\/38901"}],"wp:featuredmedia":[{"embeddable":true,"href":"https:\/\/hipolita.store\/hr\/wp-json\/wp\/v2\/media\/37015"}],"wp:attachment":[{"href":"https:\/\/hipolita.store\/hr\/wp-json\/wp\/v2\/media?parent=37426"}],"wp:term":[{"taxonomy":"product_brand","embeddable":true,"href":"https:\/\/hipolita.store\/hr\/wp-json\/wp\/v2\/product_brand?post=37426"},{"taxonomy":"product_cat","embeddable":true,"href":"https:\/\/hipolita.store\/hr\/wp-json\/wp\/v2\/product_cat?post=37426"},{"taxonomy":"product_tag","embeddable":true,"href":"https:\/\/hipolita.store\/hr\/wp-json\/wp\/v2\/product_tag?post=37426"}],"curies":[{"name":"wp","href":"https:\/\/api.w.org\/{rel}","templated":true}]}}