{"id":37631,"date":"2025-09-05T10:52:21","date_gmt":"2025-09-05T08:52:21","guid":{"rendered":"https:\/\/hipolita.store\/hr\/?post_type=product&#038;p=37631"},"modified":"2025-11-14T22:48:17","modified_gmt":"2025-11-14T20:48:17","slug":"noa-gray-top-na-bretele","status":"publish","type":"product","link":"https:\/\/hipolita.store\/hr\/noa-gray-top-na-bretele\/","title":{"rendered":"Noa gray top na naramenice"},"content":{"rendered":"","protected":false},"excerpt":{"rendered":"<p>Noa top s naramenicama predstavlja savr\u0161enu ravnote\u017eu izme\u0111u minimalizma i funkcionalnosti. Njegov jednostavan dizajn bez vidljivih \u0161avova pru\u017ea \u010dist, sofisticiran izgled, dok glatka silueta savr\u0161eno prianja uz tijelo i omogu\u0107uje maksimalnu udobnost no\u0161enja. Ugra\u0111eni jastu\u010di\u0107i pru\u017eaju dodatnu potporu i oblik te se po potrebi mogu lako ukloniti, \u0161to ovaj model \u010dini prilagodljivim va\u0161im potrebama. Dostupan u \u010dak pet boja, Noa top idealan je izbor za one koji preferiraju jednostavnost, ali ne \u017eele kompromise kada je u pitanju stil i funkcionalnost..<\/p>\n","protected":false},"featured_media":38056,"comment_status":"closed","ping_status":"closed","template":"","meta":{"_acf_changed":false},"product_brand":[],"product_cat":[61],"product_tag":[70],"class_list":{"0":"post-37631","1":"product","2":"type-product","3":"status-publish","4":"has-post-thumbnail","6":"product_cat-sportski-topovi","7":"product_tag-nova-kolekcija","8":"product_shipping_class-lp","10":"first","11":"instock","12":"shipping-taxable","13":"purchasable","14":"product-type-variable"},"acf":[],"jetpack_sharing_enabled":true,"_links":{"self":[{"href":"https:\/\/hipolita.store\/hr\/wp-json\/wp\/v2\/product\/37631","targetHints":{"allow":["GET"]}}],"collection":[{"href":"https:\/\/hipolita.store\/hr\/wp-json\/wp\/v2\/product"}],"about":[{"href":"https:\/\/hipolita.store\/hr\/wp-json\/wp\/v2\/types\/product"}],"replies":[{"embeddable":true,"href":"https:\/\/hipolita.store\/hr\/wp-json\/wp\/v2\/comments?post=37631"}],"version-history":[{"count":5,"href":"https:\/\/hipolita.store\/hr\/wp-json\/wp\/v2\/product\/37631\/revisions"}],"predecessor-version":[{"id":38060,"href":"https:\/\/hipolita.store\/hr\/wp-json\/wp\/v2\/product\/37631\/revisions\/38060"}],"wp:featuredmedia":[{"embeddable":true,"href":"https:\/\/hipolita.store\/hr\/wp-json\/wp\/v2\/media\/38056"}],"wp:attachment":[{"href":"https:\/\/hipolita.store\/hr\/wp-json\/wp\/v2\/media?parent=37631"}],"wp:term":[{"taxonomy":"product_brand","embeddable":true,"href":"https:\/\/hipolita.store\/hr\/wp-json\/wp\/v2\/product_brand?post=37631"},{"taxonomy":"product_cat","embeddable":true,"href":"https:\/\/hipolita.store\/hr\/wp-json\/wp\/v2\/product_cat?post=37631"},{"taxonomy":"product_tag","embeddable":true,"href":"https:\/\/hipolita.store\/hr\/wp-json\/wp\/v2\/product_tag?post=37631"}],"curies":[{"name":"wp","href":"https:\/\/api.w.org\/{rel}","templated":true}]}}