{"id":3784,"date":"2021-06-26T11:48:36","date_gmt":"2021-06-26T11:48:36","guid":{"rendered":"https:\/\/hipolita.store\/hr\/\/\/?post_type=product&#038;p=3784"},"modified":"2025-12-02T02:01:10","modified_gmt":"2025-12-02T00:01:10","slug":"aurora-navy-green-komplet-sa-topom-na-naramenice","status":"publish","type":"product","link":"https:\/\/hipolita.store\/hr\/aurora-navy-green-komplet-sa-topom-na-naramenice\/","title":{"rendered":"Aurora navy green komplet sa topom na naramenice"},"content":{"rendered":"","protected":false},"excerpt":{"rendered":"<p>Komplet koji \u0107e izvajati va\u0161e tijelo. Dubok pojas helanki \u0107e utegnuti va\u0161 struk, a helanke \u0107e biti nepomi\u010dne i za vrijeme najzahtjevnijeg treninga. Materijal je elasti\u010dan \u0161to \u0107e vam pru\u017eiti potpunu slobodu pokreta. Helakne imaju push-up efekt koji savr\u0161eno oblikuje zadnjicu i noge, bez obzira da li se aktivno bavite sportom ili ne. Topi\u0107 je na tanke podesive naramenice. Popunjen je jastu\u010di\u0107ima koje po potrebi mo\u017eete i izvaditi. Ovo je model koji obavezno morate posjedovati u va\u0161em garderoberu, bez obzira da li \u0107ete ga koristiti za trening ili za svakodnevne aktivnosti.<\/p>\n","protected":false},"featured_media":30775,"comment_status":"open","ping_status":"closed","template":"","meta":{"_acf_changed":false},"product_brand":[],"product_cat":[58,214],"product_tag":[97,159],"class_list":{"0":"post-3784","1":"product","2":"type-product","3":"status-publish","4":"has-post-thumbnail","6":"product_cat-sportski-kompleti","7":"product_cat-black-friday","8":"product_tag-aurora-kolekcija","9":"product_tag-black-friday","11":"first","12":"instock","13":"shipping-taxable","14":"purchasable","15":"product-type-woosg"},"acf":[],"jetpack_sharing_enabled":true,"_links":{"self":[{"href":"https:\/\/hipolita.store\/hr\/wp-json\/wp\/v2\/product\/3784","targetHints":{"allow":["GET"]}}],"collection":[{"href":"https:\/\/hipolita.store\/hr\/wp-json\/wp\/v2\/product"}],"about":[{"href":"https:\/\/hipolita.store\/hr\/wp-json\/wp\/v2\/types\/product"}],"replies":[{"embeddable":true,"href":"https:\/\/hipolita.store\/hr\/wp-json\/wp\/v2\/comments?post=3784"}],"version-history":[{"count":5,"href":"https:\/\/hipolita.store\/hr\/wp-json\/wp\/v2\/product\/3784\/revisions"}],"predecessor-version":[{"id":38709,"href":"https:\/\/hipolita.store\/hr\/wp-json\/wp\/v2\/product\/3784\/revisions\/38709"}],"wp:featuredmedia":[{"embeddable":true,"href":"https:\/\/hipolita.store\/hr\/wp-json\/wp\/v2\/media\/30775"}],"wp:attachment":[{"href":"https:\/\/hipolita.store\/hr\/wp-json\/wp\/v2\/media?parent=3784"}],"wp:term":[{"taxonomy":"product_brand","embeddable":true,"href":"https:\/\/hipolita.store\/hr\/wp-json\/wp\/v2\/product_brand?post=3784"},{"taxonomy":"product_cat","embeddable":true,"href":"https:\/\/hipolita.store\/hr\/wp-json\/wp\/v2\/product_cat?post=3784"},{"taxonomy":"product_tag","embeddable":true,"href":"https:\/\/hipolita.store\/hr\/wp-json\/wp\/v2\/product_tag?post=3784"}],"curies":[{"name":"wp","href":"https:\/\/api.w.org\/{rel}","templated":true}]}}