{"id":5596,"date":"2021-08-09T09:31:04","date_gmt":"2021-08-09T09:31:04","guid":{"rendered":"https:\/\/hipolita.store\/hr\/\/\/?post_type=product&#038;p=5596"},"modified":"2025-12-02T02:01:09","modified_gmt":"2025-12-02T00:01:09","slug":"aurora-blue-komplet-sa-topom-na-dug-rukav","status":"publish","type":"product","link":"https:\/\/hipolita.store\/hr\/aurora-blue-komplet-sa-topom-na-dug-rukav\/","title":{"rendered":"Aurora blue komplet sa topom na dug rukav"},"content":{"rendered":"","protected":false},"excerpt":{"rendered":"<p>Komplet koji \u0107e izvajati va\u0161e tijelo. Dubok pojas tajica \u0107e utegnuti va\u0161 struk, a tajice \u0107e biti nepomi\u010dne i za vrijeme najzahtevnijeg treninga. Materijal je elasti\u010dan \u0161to \u0107e vam pru\u017eiti potpunu slobodu pokreta. Tajice imaju push-up efekat koji savr\u0161eno oblikuje zadnjicu i noge, bez obzira da li se aktivno bavite sportom ili ne . Topi\u0107 na dug rukav savr\u0161eno prijanja uz tijelo. Na rukavima se nalazi otvor za palac ,za dodatnu sigurnost i nepomi\u010dnost topa. Ovo je model koji obavezno morate posjedovati u va\u0161em garderoberu, bez obzira da li \u0107ete ga koristiti za trening ili za svakodnevne aktivnosti.<\/p>\n","protected":false},"featured_media":31136,"comment_status":"open","ping_status":"closed","template":"","meta":{"_acf_changed":false},"product_brand":[],"product_cat":[58,214],"product_tag":[97,159],"class_list":{"0":"post-5596","1":"product","2":"type-product","3":"status-publish","4":"has-post-thumbnail","6":"product_cat-sportski-kompleti","7":"product_cat-black-friday","8":"product_tag-aurora-kolekcija","9":"product_tag-black-friday","10":"product_shipping_class-tp","12":"first","13":"instock","14":"shipping-taxable","15":"purchasable","16":"product-type-woosg"},"acf":[],"jetpack_sharing_enabled":true,"_links":{"self":[{"href":"https:\/\/hipolita.store\/hr\/wp-json\/wp\/v2\/product\/5596","targetHints":{"allow":["GET"]}}],"collection":[{"href":"https:\/\/hipolita.store\/hr\/wp-json\/wp\/v2\/product"}],"about":[{"href":"https:\/\/hipolita.store\/hr\/wp-json\/wp\/v2\/types\/product"}],"replies":[{"embeddable":true,"href":"https:\/\/hipolita.store\/hr\/wp-json\/wp\/v2\/comments?post=5596"}],"version-history":[{"count":4,"href":"https:\/\/hipolita.store\/hr\/wp-json\/wp\/v2\/product\/5596\/revisions"}],"predecessor-version":[{"id":38703,"href":"https:\/\/hipolita.store\/hr\/wp-json\/wp\/v2\/product\/5596\/revisions\/38703"}],"wp:featuredmedia":[{"embeddable":true,"href":"https:\/\/hipolita.store\/hr\/wp-json\/wp\/v2\/media\/31136"}],"wp:attachment":[{"href":"https:\/\/hipolita.store\/hr\/wp-json\/wp\/v2\/media?parent=5596"}],"wp:term":[{"taxonomy":"product_brand","embeddable":true,"href":"https:\/\/hipolita.store\/hr\/wp-json\/wp\/v2\/product_brand?post=5596"},{"taxonomy":"product_cat","embeddable":true,"href":"https:\/\/hipolita.store\/hr\/wp-json\/wp\/v2\/product_cat?post=5596"},{"taxonomy":"product_tag","embeddable":true,"href":"https:\/\/hipolita.store\/hr\/wp-json\/wp\/v2\/product_tag?post=5596"}],"curies":[{"name":"wp","href":"https:\/\/api.w.org\/{rel}","templated":true}]}}