{"id":5823,"date":"2021-08-16T08:13:12","date_gmt":"2021-08-16T06:13:12","guid":{"rendered":"https:\/\/hipolita.store\/hr\/\/\/?post_type=product&#038;p=5823"},"modified":"2026-04-15T12:57:18","modified_gmt":"2026-04-15T10:57:18","slug":"aurora-dark-gray-push-up-tajice","status":"publish","type":"product","link":"https:\/\/hipolita.store\/hr\/aurora-dark-gray-push-up-tajice\/","title":{"rendered":"Aurora dark gray push up tajice"},"content":{"rendered":"","protected":false},"excerpt":{"rendered":"<p>Aurora tajice \u0107e izvajati va\u0161e tijelo u samo par sekundi. Dubok, \u010dvr\u0161\u0107i pojas \u0107e utegnuti va\u0161 struk i dr\u017eat \u0107e tajice nepomi\u010dnim \u0161to god odlu\u010dili da radite u njima. Materijal je elasti\u010dan i prilagodit \u0107e se tijelu kao nijedan model do sada. Push up efekt podi\u017ee zadnjicu i oblikuje je do perfekcije. Aurora model je satkan od mje\u0161avine poliamida i spandexa, sto omogu\u0107ava dugotrajnost, elasti\u010dnost i maksimalni komfor. Ovaj model \u0107e sigurno postati omiljeni komad va\u0161e odje\u0107e i za trening ali i za svakodnevne aktivnosti.<\/p>\n","protected":false},"featured_media":29911,"comment_status":"open","ping_status":"closed","template":"","meta":{"_acf_changed":false},"product_brand":[],"product_cat":[57,214],"product_tag":[97,159,96,150],"class_list":{"0":"post-5823","1":"product","2":"type-product","3":"status-publish","4":"has-post-thumbnail","6":"product_cat-push-up-tajice","7":"product_cat-black-friday","8":"product_tag-aurora-kolekcija","9":"product_tag-black-friday","10":"product_tag-najprodavanije","11":"product_tag-xl-modeli","12":"product_shipping_class-lp","14":"first","15":"instock","16":"shipping-taxable","17":"purchasable","18":"product-type-variable"},"acf":[],"jetpack_sharing_enabled":true,"_links":{"self":[{"href":"https:\/\/hipolita.store\/hr\/wp-json\/wp\/v2\/product\/5823","targetHints":{"allow":["GET"]}}],"collection":[{"href":"https:\/\/hipolita.store\/hr\/wp-json\/wp\/v2\/product"}],"about":[{"href":"https:\/\/hipolita.store\/hr\/wp-json\/wp\/v2\/types\/product"}],"replies":[{"embeddable":true,"href":"https:\/\/hipolita.store\/hr\/wp-json\/wp\/v2\/comments?post=5823"}],"version-history":[{"count":4,"href":"https:\/\/hipolita.store\/hr\/wp-json\/wp\/v2\/product\/5823\/revisions"}],"predecessor-version":[{"id":38687,"href":"https:\/\/hipolita.store\/hr\/wp-json\/wp\/v2\/product\/5823\/revisions\/38687"}],"wp:featuredmedia":[{"embeddable":true,"href":"https:\/\/hipolita.store\/hr\/wp-json\/wp\/v2\/media\/29911"}],"wp:attachment":[{"href":"https:\/\/hipolita.store\/hr\/wp-json\/wp\/v2\/media?parent=5823"}],"wp:term":[{"taxonomy":"product_brand","embeddable":true,"href":"https:\/\/hipolita.store\/hr\/wp-json\/wp\/v2\/product_brand?post=5823"},{"taxonomy":"product_cat","embeddable":true,"href":"https:\/\/hipolita.store\/hr\/wp-json\/wp\/v2\/product_cat?post=5823"},{"taxonomy":"product_tag","embeddable":true,"href":"https:\/\/hipolita.store\/hr\/wp-json\/wp\/v2\/product_tag?post=5823"}],"curies":[{"name":"wp","href":"https:\/\/api.w.org\/{rel}","templated":true}]}}