{"id":5975,"date":"2021-08-25T09:22:59","date_gmt":"2021-08-25T07:22:59","guid":{"rendered":"https:\/\/hipolita.store\/hr\/\/\/?post_type=product&#038;p=5975"},"modified":"2026-04-11T12:25:13","modified_gmt":"2026-04-11T10:25:13","slug":"perfect-body-platinum-push-up-tajice","status":"publish","type":"product","link":"https:\/\/hipolita.store\/hr\/perfect-body-platinum-push-up-tajice\/","title":{"rendered":"Perfect body platinum push up tajice"},"content":{"rendered":"","protected":false},"excerpt":{"rendered":"<p>Ono \u0161to \u0107e vas odu\u0161eviti kod ovog modela to je sigurno materijal . Meko\u0107a ovog modela je sigurno ne\u0161to \u0161to nema nijedan model koji ste do sada nosili. Svaka koja \u017eeli model koji \u0107e lijepo oblikovati figuru, dodatno naglasiti va\u0161e obline, a da pritom komfornost bude na prvom mjestu , ovo je model za vas. Dizajn Perfect Body modela je nesvakida\u0161nji , a meliran materijal je ono \u0161to ga izdvaja od drugih. Tajice su squat proof, \u0161to znaci da ne morate da se pla\u0161ite da li se provide. Seamless tehnologija \u0107e ti osigurati komfor pri svakom pokretu i jedina \u017eelja \u0107e ti biti da nikada ne obu\u010de\u0161 ni\u0161ta drugo.<\/p>\n","protected":false},"featured_media":29752,"comment_status":"open","ping_status":"closed","template":"","meta":{"_acf_changed":false},"product_brand":[],"product_cat":[57,214],"product_tag":[96],"class_list":{"0":"post-5975","1":"product","2":"type-product","3":"status-publish","4":"has-post-thumbnail","6":"product_cat-push-up-tajice","7":"product_cat-black-friday","8":"product_tag-najprodavanije","9":"product_shipping_class-lp","11":"first","12":"instock","13":"shipping-taxable","14":"purchasable","15":"product-type-variable"},"acf":[],"jetpack_sharing_enabled":true,"_links":{"self":[{"href":"https:\/\/hipolita.store\/hr\/wp-json\/wp\/v2\/product\/5975","targetHints":{"allow":["GET"]}}],"collection":[{"href":"https:\/\/hipolita.store\/hr\/wp-json\/wp\/v2\/product"}],"about":[{"href":"https:\/\/hipolita.store\/hr\/wp-json\/wp\/v2\/types\/product"}],"replies":[{"embeddable":true,"href":"https:\/\/hipolita.store\/hr\/wp-json\/wp\/v2\/comments?post=5975"}],"version-history":[{"count":4,"href":"https:\/\/hipolita.store\/hr\/wp-json\/wp\/v2\/product\/5975\/revisions"}],"predecessor-version":[{"id":38759,"href":"https:\/\/hipolita.store\/hr\/wp-json\/wp\/v2\/product\/5975\/revisions\/38759"}],"wp:featuredmedia":[{"embeddable":true,"href":"https:\/\/hipolita.store\/hr\/wp-json\/wp\/v2\/media\/29752"}],"wp:attachment":[{"href":"https:\/\/hipolita.store\/hr\/wp-json\/wp\/v2\/media?parent=5975"}],"wp:term":[{"taxonomy":"product_brand","embeddable":true,"href":"https:\/\/hipolita.store\/hr\/wp-json\/wp\/v2\/product_brand?post=5975"},{"taxonomy":"product_cat","embeddable":true,"href":"https:\/\/hipolita.store\/hr\/wp-json\/wp\/v2\/product_cat?post=5975"},{"taxonomy":"product_tag","embeddable":true,"href":"https:\/\/hipolita.store\/hr\/wp-json\/wp\/v2\/product_tag?post=5975"}],"curies":[{"name":"wp","href":"https:\/\/api.w.org\/{rel}","templated":true}]}}