{"id":6411,"date":"2021-09-14T07:05:11","date_gmt":"2021-09-14T07:05:11","guid":{"rendered":"https:\/\/hipolita.store\/hr\/\/\/?post_type=product&#038;p=6411"},"modified":"2025-12-02T02:01:29","modified_gmt":"2025-12-02T00:01:29","slug":"aurora-blue-top-na-dug-rukav","status":"publish","type":"product","link":"https:\/\/hipolita.store\/hr\/aurora-blue-top-na-dug-rukav\/","title":{"rendered":"Aurora blue top za trening na dug rukav"},"content":{"rendered":"","protected":false},"excerpt":{"rendered":"<p>Aurora kolekcija \u017eenskih topova na dug rukav je idealan fitnes aset tijekom hladnijih dana &#8211; zahvaljuju\u0107i seamless tehnologiji i prianjaju\u0107em efektu, dobit \u0107ete maksimalnu podr\u0161ku i sigurnost tijekom cjelodnevnog dana. Na\u0161i topovi za tr\u010danje i fitnes reduciraju zamor mi\u0161i\u0107a tako \u0161to su pripojeni uz tijelo, a zahvaljuju\u0107i prozra\u010dnoj i laganoj tkanini omogu\u0107uju da se ko\u017ea lak\u0161e hladi tijekom napornijih vje\u017ebi i zahtjevnijeg oblika sporta &#8211; \u0161to je klju\u010dno ako vje\u017ebate tijekom hladnijih zimskih ili jesenjih dana. U na\u0161u ponudu smo uvrstili \u0161irok spektar raznovrsnih boja i nijansi koja \u0107e se prilagoditi svakom istan\u010danom ukusu.<\/p>\n","protected":false},"featured_media":30592,"comment_status":"open","ping_status":"closed","template":"","meta":{"_acf_changed":false},"product_brand":[],"product_cat":[61,214],"product_tag":[97,159],"class_list":{"0":"post-6411","1":"product","2":"type-product","3":"status-publish","4":"has-post-thumbnail","6":"product_cat-sportski-topovi","7":"product_cat-black-friday","8":"product_tag-aurora-kolekcija","9":"product_tag-black-friday","10":"product_shipping_class-lp","12":"first","13":"instock","14":"shipping-taxable","15":"purchasable","16":"product-type-variable"},"acf":[],"jetpack_sharing_enabled":true,"_links":{"self":[{"href":"https:\/\/hipolita.store\/hr\/wp-json\/wp\/v2\/product\/6411","targetHints":{"allow":["GET"]}}],"collection":[{"href":"https:\/\/hipolita.store\/hr\/wp-json\/wp\/v2\/product"}],"about":[{"href":"https:\/\/hipolita.store\/hr\/wp-json\/wp\/v2\/types\/product"}],"replies":[{"embeddable":true,"href":"https:\/\/hipolita.store\/hr\/wp-json\/wp\/v2\/comments?post=6411"}],"version-history":[{"count":4,"href":"https:\/\/hipolita.store\/hr\/wp-json\/wp\/v2\/product\/6411\/revisions"}],"predecessor-version":[{"id":38699,"href":"https:\/\/hipolita.store\/hr\/wp-json\/wp\/v2\/product\/6411\/revisions\/38699"}],"wp:featuredmedia":[{"embeddable":true,"href":"https:\/\/hipolita.store\/hr\/wp-json\/wp\/v2\/media\/30592"}],"wp:attachment":[{"href":"https:\/\/hipolita.store\/hr\/wp-json\/wp\/v2\/media?parent=6411"}],"wp:term":[{"taxonomy":"product_brand","embeddable":true,"href":"https:\/\/hipolita.store\/hr\/wp-json\/wp\/v2\/product_brand?post=6411"},{"taxonomy":"product_cat","embeddable":true,"href":"https:\/\/hipolita.store\/hr\/wp-json\/wp\/v2\/product_cat?post=6411"},{"taxonomy":"product_tag","embeddable":true,"href":"https:\/\/hipolita.store\/hr\/wp-json\/wp\/v2\/product_tag?post=6411"}],"curies":[{"name":"wp","href":"https:\/\/api.w.org\/{rel}","templated":true}]}}