{"id":8936,"date":"2021-12-28T16:01:26","date_gmt":"2021-12-28T14:01:26","guid":{"rendered":"https:\/\/hipolita.store\/hr\/\/\/?post_type=product&#038;p=8936"},"modified":"2026-03-08T17:30:49","modified_gmt":"2026-03-08T15:30:49","slug":"fiona-black-and-white-push-up-tajice","status":"publish","type":"product","link":"https:\/\/hipolita.store\/hr\/fiona-black-and-white-push-up-tajice\/","title":{"rendered":"Fiona black &amp; white push up tajice"},"content":{"rendered":"","protected":false},"excerpt":{"rendered":"<p>Fiona push-up helanke \u0107e u potpunosti izvajati va\u0161e tijelo u svega nekoliko sekundi &#8211; ovo je mogu\u0107e jer smo tijekom njihove proizvodnje koristili specijaliziranu squat-proof tehnologiju s push-up efektom koja \u0107e suptilno i sa stilom naglasiti va\u0161e obline, a ne\u0107e zapostaviti komfor. Zahvaljuju\u0107i pomenutom unikatnom kroju koji zate\u017ee i podi\u017ee zadnjicu, oblikuju\u0107i je pritom do \u010diste perfekcije, Fiona kolekcija push-up tajica garantira apsolutnu neprozirnost materijala prilikom saginjanja i hodanja. Stoga ih mo\u017eete rastere\u0107eno nositi na \u010dasu aerobika, kru\u017enog treninga ili joge. Meko\u0107a, elasti\u010dnost i meliran materijal \u010dine ovaj model jo\u0161 posebnijim.<\/p>\n","protected":false},"featured_media":29651,"comment_status":"open","ping_status":"closed","template":"","meta":{"_acf_changed":false},"product_brand":[],"product_cat":[57,214],"product_tag":[96],"class_list":{"0":"post-8936","1":"product","2":"type-product","3":"status-publish","4":"has-post-thumbnail","6":"product_cat-push-up-tajice","7":"product_cat-black-friday","8":"product_tag-najprodavanije","9":"product_shipping_class-lp","11":"first","12":"instock","13":"shipping-taxable","14":"purchasable","15":"product-type-variable"},"acf":[],"jetpack_sharing_enabled":true,"_links":{"self":[{"href":"https:\/\/hipolita.store\/hr\/wp-json\/wp\/v2\/product\/8936","targetHints":{"allow":["GET"]}}],"collection":[{"href":"https:\/\/hipolita.store\/hr\/wp-json\/wp\/v2\/product"}],"about":[{"href":"https:\/\/hipolita.store\/hr\/wp-json\/wp\/v2\/types\/product"}],"replies":[{"embeddable":true,"href":"https:\/\/hipolita.store\/hr\/wp-json\/wp\/v2\/comments?post=8936"}],"version-history":[{"count":4,"href":"https:\/\/hipolita.store\/hr\/wp-json\/wp\/v2\/product\/8936\/revisions"}],"predecessor-version":[{"id":38733,"href":"https:\/\/hipolita.store\/hr\/wp-json\/wp\/v2\/product\/8936\/revisions\/38733"}],"wp:featuredmedia":[{"embeddable":true,"href":"https:\/\/hipolita.store\/hr\/wp-json\/wp\/v2\/media\/29651"}],"wp:attachment":[{"href":"https:\/\/hipolita.store\/hr\/wp-json\/wp\/v2\/media?parent=8936"}],"wp:term":[{"taxonomy":"product_brand","embeddable":true,"href":"https:\/\/hipolita.store\/hr\/wp-json\/wp\/v2\/product_brand?post=8936"},{"taxonomy":"product_cat","embeddable":true,"href":"https:\/\/hipolita.store\/hr\/wp-json\/wp\/v2\/product_cat?post=8936"},{"taxonomy":"product_tag","embeddable":true,"href":"https:\/\/hipolita.store\/hr\/wp-json\/wp\/v2\/product_tag?post=8936"}],"curies":[{"name":"wp","href":"https:\/\/api.w.org\/{rel}","templated":true}]}}